{"id":5071,"date":"2025-10-06T21:16:24","date_gmt":"2025-10-06T18:16:24","guid":{"rendered":"https:\/\/wristbandfactory.eu\/?post_type=product&#038;p=5071"},"modified":"2026-04-01T21:52:35","modified_gmt":"2026-04-01T18:52:35","slug":"custom-shape-zinc-alloy-medals","status":"publish","type":"product","link":"https:\/\/displayproducts.eu\/pt\/p\/custom-shape-zinc-alloy-medals\/","title":{"rendered":"Medalhas de liga de zinco com formato personalizado"},"content":{"rendered":"<p>Reconhe\u00e7a suas conquistas com um pr\u00eamio verdadeiramente \u00fanico e premium. Nossas medalhas de liga de zinco com formato personalizado s\u00e3o a escolha perfeita para eventos esportivos, pr\u00eamios corporativos e competi\u00e7\u00f5es, oferecendo liberdade de design incompar\u00e1vel e um acabamento de alta qualidade que ser\u00e1 apreciado pelos homenageados.<\/p>\n<p><b>Material e detalhes superiores<\/b> Utilizamos liga de zinco, um material mais leve e dur\u00e1vel que o ferro. Mais importante ainda, permite a fundi\u00e7\u00e3o com detalhes muito mais finos, tornando-a a melhor escolha para designs com detalhes complexos ou recortes (furos) no design da medalha. A frente de cada medalha apresenta um design dur\u00e1vel de imita\u00e7\u00e3o de esmalte duro com um acabamento liso, semelhante ao vidro.<\/p>\n<p><b>Op\u00e7\u00f5es de personaliza\u00e7\u00e3o completa<\/b><\/p>\n<ul>\n<li><b>Medalha:<\/b> Seu design pode ser feito em qualquer formato, com at\u00e9 65 mm de espessura. Escolha entre 8 cores de revestimento diferentes. Voc\u00ea pode adicionar um logotipo em relevo ou rebaixado na parte de tr\u00e1s, al\u00e9m de gravar nomes e n\u00fameros individuais.<\/li>\n<li><b>Fita:<\/b> Cada medalha inclui uma fita de poli\u00e9ster de 80 cm costurada em V. As fitas de pesco\u00e7o podem ser produzidas em at\u00e9 3 cores \u00e0 sua escolha, e voc\u00ea pode adicionar seu logotipo serigrafado em um ou ambos os lados.<\/li>\n<\/ul>\n<p>&nbsp;<\/p>\n<p><b>O pacote &#039;Medalhas Vencedoras&#039;<\/b> Perfeito para competi\u00e7\u00f5es, oferecemos um pacote exclusivo de &quot;Medalhas Vencedoras&quot;. Para qualquer pedido, voc\u00ea pode optar por ter tr\u00eas medalhas produzidas em tons cl\u00e1ssicos de ouro, prata e bronze para o 1\u00ba, 2\u00ba e 3\u00ba lugares, com nomes ou n\u00fameros exclusivos. Por exemplo, um pedido de 100 medalhas incluiria 97 no seu design principal e 3 no conjunto de revestimento do vencedor.<\/p>\n<p><b>Principais caracter\u00edsticas:<\/b><\/p>\n<ul>\n<li><b>Formato totalmente personalizado:<\/b> Sua medalha pode ser fundida em qualquer formato, n\u00e3o apenas um c\u00edrculo padr\u00e3o.<\/li>\n<li><b>Material de liga de zinco premium:<\/b> Permite detalhes finos e complexos e recortes personalizados.<\/li>\n<li><b>Acabamento liso em esmalte duro:<\/b> Oferece uma superf\u00edcie de alta qualidade, semelhante ao vidro.<\/li>\n<li><b>Pacote &quot;Ganhando Medalhas&quot; dispon\u00edvel:<\/b> Inclua facilmente medalhas de 1\u00ba, 2\u00ba e 3\u00ba lugar em seu pedido.<\/li>\n<li><b>Grava\u00e7\u00e3o de nome e n\u00famero individual:<\/b> Personalize cada medalha para o destinat\u00e1rio.<\/li>\n<li><b>Fitas de pesco\u00e7o personaliz\u00e1veis inclu\u00eddas:<\/b> Escolha suas cores e adicione seu logotipo \u00e0s fitas de pesco\u00e7o de 80 cm.<\/li>\n<li><b>8 cores de revestimento diferentes:<\/b> Selecione o acabamento perfeito para combinar com seu design.<\/li>\n<li><b>Design de logotipo opcional no verso:<\/b> Adicione uma marca extra com um logotipo em relevo ou rebaixado.<\/li>\n<\/ul>","protected":false},"excerpt":{"rendered":"<p>Crie pr\u00eamios deslumbrantes e totalmente personalizados com nossas medalhas de liga de zinco. Com acabamento em esmalte duro e detalhes complexos, elas podem ser feitas em qualquer formato para representar o seu evento.<\/p>","protected":false},"featured_media":6483,"comment_status":"closed","ping_status":"closed","template":"","meta":[],"product_brand":[],"product_cat":[68,102],"product_tag":[],"class_list":{"0":"post-5071","1":"product","2":"type-product","3":"status-publish","4":"has-post-thumbnail","6":"product_cat-event-supplies","7":"product_cat-medals","9":"first","10":"instock","11":"shipping-taxable","12":"purchasable","13":"product-type-simple"},"_links":{"self":[{"href":"https:\/\/displayproducts.eu\/pt\/wp-json\/wp\/v2\/product\/5071","targetHints":{"allow":["GET"]}}],"collection":[{"href":"https:\/\/displayproducts.eu\/pt\/wp-json\/wp\/v2\/product"}],"about":[{"href":"https:\/\/displayproducts.eu\/pt\/wp-json\/wp\/v2\/types\/product"}],"replies":[{"embeddable":true,"href":"https:\/\/displayproducts.eu\/pt\/wp-json\/wp\/v2\/comments?post=5071"}],"wp:featuredmedia":[{"embeddable":true,"href":"https:\/\/displayproducts.eu\/pt\/wp-json\/wp\/v2\/media\/6483"}],"wp:attachment":[{"href":"https:\/\/displayproducts.eu\/pt\/wp-json\/wp\/v2\/media?parent=5071"}],"wp:term":[{"taxonomy":"product_brand","embeddable":true,"href":"https:\/\/displayproducts.eu\/pt\/wp-json\/wp\/v2\/product_brand?post=5071"},{"taxonomy":"product_cat","embeddable":true,"href":"https:\/\/displayproducts.eu\/pt\/wp-json\/wp\/v2\/product_cat?post=5071"},{"taxonomy":"product_tag","embeddable":true,"href":"https:\/\/displayproducts.eu\/pt\/wp-json\/wp\/v2\/product_tag?post=5071"}],"curies":[{"name":"wp","href":"https:\/\/api.w.org\/{rel}","templated":true}]}}