{"id":5067,"date":"2025-10-06T16:53:44","date_gmt":"2025-10-06T13:53:44","guid":{"rendered":"https:\/\/wristbandfactory.eu\/?post_type=product&#038;p=5067"},"modified":"2026-04-01T21:52:04","modified_gmt":"2026-04-01T18:52:04","slug":"sound-activated-led-glow-glasses","status":"publish","type":"product","link":"https:\/\/displayproducts.eu\/pt\/p\/sound-activated-led-glow-glasses\/","title":{"rendered":"\u00d3culos com luz LED e ativados por som"},"content":{"rendered":"<p>Seja a alma da festa com nossos eletrizantes \u00f3culos de LED Glow. Perfeitos como brindes, para eventos promocionais ou apenas por divers\u00e3o, estes \u00f3culos s\u00e3o uma maneira garantida de causar uma impress\u00e3o memor\u00e1vel. Eles apresentam uma arma\u00e7\u00e3o de arame EL brilhante e um design cl\u00e1ssico e confort\u00e1vel de pl\u00e1stico estilo wayfarer. As lentes s\u00e3o lisas, garantindo uma vis\u00e3o n\u00edtida enquanto voc\u00ea ilumina a noite.<\/p>\n<p>Para clientes B2B, estes \u00f3culos s\u00e3o uma ferramenta fant\u00e1stica de branding. A arma\u00e7\u00e3o e a cor do fio EL podem ser personalizadas para combinar com a identidade da sua empresa ou com o tema do evento. Oferecemos duas vers\u00f5es funcionais para combinar com qualquer ocasi\u00e3o.<\/p>\n<p><b>Escolha sua fun\u00e7\u00e3o:<\/b><\/p>\n<ol start=\"1\">\n<li><b>Controlado por bot\u00e3o:<\/b> Esta vers\u00e3o oferece controle manual sobre os modos de luz, geralmente incluindo luz fixa, flash lento e flash r\u00e1pido, permitindo que o usu\u00e1rio escolha seu estilo preferido.<\/li>\n<li><b>Ativado por som:<\/b> O modo festa definitivo. Esta vers\u00e3o conta com um sensor integrado que faz as luzes pulsarem e piscarem em sincronia com a batida da m\u00fasica, criando uma experi\u00eancia din\u00e2mica e interativa.<\/li>\n<\/ol>\n<p>Alimentados por uma bateria discreta que utiliza duas pilhas AAA, estes \u00f3culos s\u00e3o feitos para durar. Garantimos a sua qualidade com um <b>Garantia de 2 anos<\/b> e cheio <b>Certifica\u00e7\u00e3o CE e ROHS<\/b>, tornando-os uma escolha confi\u00e1vel para o mercado europeu.<\/p>\n<p><b>Principais caracter\u00edsticas:<\/b><\/p>\n<ul>\n<li><b>Duas vers\u00f5es dispon\u00edveis:<\/b> Escolha entre modelos manuais controlados por bot\u00e3o ou interativos ativados por som.<\/li>\n<li><b>10 cores vibrantes e brilhantes:<\/b> Selecione entre uma ampla gama de cores para o fio EL.<\/li>\n<li><b>Cores de moldura personaliz\u00e1veis:<\/b> Combine as molduras com sua marca ou tema do evento.<\/li>\n<li><b>Certificado CE e ROHS:<\/b> Um produto de qualidade e em conformidade com as normas para o mercado europeu.<\/li>\n<li><b>Garantia de 2 anos:<\/b> N\u00f3s garantimos a durabilidade e o desempenho dos nossos produtos.<\/li>\n<li><b>Alimentado por 2 pilhas AAA:<\/b> Uma fonte de energia comum e f\u00e1cil de substituir.<\/li>\n<li><b>Estilo Wayfarer Cl\u00e1ssico:<\/b> Um design universalmente popular e confort\u00e1vel.<\/li>\n<\/ul>","protected":false},"excerpt":{"rendered":"<p>Destaque-se em qualquer evento com nossos \u00f3culos luminosos personalizados. Dispon\u00edveis em 10 cores vibrantes e duas vers\u00f5es: controle manual ou ativado por som para vibrar com a m\u00fasica. Certifica\u00e7\u00e3o CE.<\/p>","protected":false},"featured_media":6638,"comment_status":"closed","ping_status":"closed","template":"","meta":[],"product_brand":[],"product_cat":[68,76,45],"product_tag":[],"class_list":{"0":"post-5067","1":"product","2":"type-product","3":"status-publish","4":"has-post-thumbnail","6":"product_cat-event-supplies","7":"product_cat-glow-led-products","8":"product_cat-other","10":"first","11":"instock","12":"shipping-taxable","13":"purchasable","14":"product-type-simple"},"_links":{"self":[{"href":"https:\/\/displayproducts.eu\/pt\/wp-json\/wp\/v2\/product\/5067","targetHints":{"allow":["GET"]}}],"collection":[{"href":"https:\/\/displayproducts.eu\/pt\/wp-json\/wp\/v2\/product"}],"about":[{"href":"https:\/\/displayproducts.eu\/pt\/wp-json\/wp\/v2\/types\/product"}],"replies":[{"embeddable":true,"href":"https:\/\/displayproducts.eu\/pt\/wp-json\/wp\/v2\/comments?post=5067"}],"wp:featuredmedia":[{"embeddable":true,"href":"https:\/\/displayproducts.eu\/pt\/wp-json\/wp\/v2\/media\/6638"}],"wp:attachment":[{"href":"https:\/\/displayproducts.eu\/pt\/wp-json\/wp\/v2\/media?parent=5067"}],"wp:term":[{"taxonomy":"product_brand","embeddable":true,"href":"https:\/\/displayproducts.eu\/pt\/wp-json\/wp\/v2\/product_brand?post=5067"},{"taxonomy":"product_cat","embeddable":true,"href":"https:\/\/displayproducts.eu\/pt\/wp-json\/wp\/v2\/product_cat?post=5067"},{"taxonomy":"product_tag","embeddable":true,"href":"https:\/\/displayproducts.eu\/pt\/wp-json\/wp\/v2\/product_tag?post=5067"}],"curies":[{"name":"wp","href":"https:\/\/api.w.org\/{rel}","templated":true}]}}