{"id":5063,"date":"2025-10-06T16:48:59","date_gmt":"2025-10-06T13:48:59","guid":{"rendered":"https:\/\/wristbandfactory.eu\/?post_type=product&#038;p=5063"},"modified":"2026-04-01T21:52:04","modified_gmt":"2026-04-01T18:52:04","slug":"remote-controlled-led-glow-wands","status":"publish","type":"product","link":"https:\/\/displayproducts.eu\/pt\/p\/remote-controlled-led-glow-wands\/","title":{"rendered":"Varinhas de LED com controle remoto"},"content":{"rendered":"<p>Energize a plateia e crie uma paisagem visual deslumbrante com nossas Varinhas de LED Personaliz\u00e1veis. Um item essencial para shows, festivais e eventos esportivos, essas varinhas de 30 cm foram projetadas para uma participa\u00e7\u00e3o de alto impacto do p\u00fablico. Com uma al\u00e7a de ABS confort\u00e1vel e ergon\u00f4mica e uma varinha brilhante iluminada por 4 LEDs potentes, elas representam uma melhoria significativa em rela\u00e7\u00e3o \u00e0s varinhas de espuma descart\u00e1veis comuns.<\/p>\n<p>O cabo pode ser personalizado com a cor e o logotipo da sua marca, transformando cada bast\u00e3o em uma poderosa ferramenta promocional. Oferecemos duas vers\u00f5es funcionais para atender perfeitamente \u00e0s necessidades do seu evento.<\/p>\n<p><b>Escolha sua vers\u00e3o:<\/b><\/p>\n<ol start=\"1\">\n<li><b>Vers\u00e3o do interruptor de bot\u00e3o:<\/b> A escolha cl\u00e1ssica para uma opera\u00e7\u00e3o f\u00e1cil. Os usu\u00e1rios podem alternar entre 15 cores vibrantes e v\u00e1rios modos com um sem impress\u00e3o bot\u00e3o localizado na al\u00e7a.<\/li>\n<li><b>Vers\u00e3o do controle remoto:<\/b> Transforme seu evento em um show de luzes interativo. Esta vers\u00e3o \u00e9 compat\u00edvel com nosso <b><a class=\"ng-star-inserted\" href=\"https:\/\/displayproducts.eu\/pt\/p\/remote-dmx-controllers-for-led-wristbands\/\" target=\"_blank\" rel=\"noopener\" data-hveid=\"0\" data-ved=\"0CAAQ_4QMahgKEwih_pyAto-QAxUAAAAAHQAAAAAQ7Rg\">Controladores remotos e DMX<\/a><\/b>, permitindo que voc\u00ea sincronize todas as varinhas na plateia para uma apresenta\u00e7\u00e3o coordenada e verdadeiramente inesquec\u00edvel.<\/li>\n<\/ol>\n<p>O melhor de tudo \u00e9 que as pilhas est\u00e3o inclu\u00eddas em cada bast\u00e3o, garantindo que eles estejam prontos para uso assim que forem retirados da caixa.<\/p>\n<p><b>Principais caracter\u00edsticas:<\/b><\/p>\n<ul>\n<li><b>Cabo ergon\u00f4mico reutiliz\u00e1vel:<\/b> Oferece uma pegada confort\u00e1vel e dur\u00e1vel.<\/li>\n<li><b>Varinha luminosa brilhante de 30 cm:<\/b> Iluminado por 4 LEDs internos para excelente visibilidade.<\/li>\n<li><b>Duas vers\u00f5es dispon\u00edveis:<\/b> Escolha entre um interruptor de bot\u00e3o manual ou um modelo de controle remoto completo.<\/li>\n<li><b>15 op\u00e7\u00f5es de cores vibrantes:<\/b> Um amplo espectro de cores para energizar qualquer evento.<\/li>\n<li><b>Pilhas inclu\u00eddas:<\/b> Pronto para uso imediato, sem complica\u00e7\u00f5es para organizadores de eventos.<\/li>\n<li><b>Al\u00e7a personaliz\u00e1vel para branding:<\/b> Adicione seu logotipo ou cor personalizada para promo\u00e7\u00e3o da marca.<\/li>\n<\/ul>","protected":false},"excerpt":{"rendered":"<p>Ilumine seu show ou festa com nossas varinhas de LED premium. Com cabo confort\u00e1vel e luzes brilhantes, elas est\u00e3o dispon\u00edveis em um modelo interativo manual ou com controle remoto.<\/p>","protected":false},"featured_media":6596,"comment_status":"closed","ping_status":"closed","template":"","meta":[],"product_brand":[],"product_cat":[68,76,45],"product_tag":[],"class_list":{"0":"post-5063","1":"product","2":"type-product","3":"status-publish","4":"has-post-thumbnail","6":"product_cat-event-supplies","7":"product_cat-glow-led-products","8":"product_cat-other","10":"first","11":"instock","12":"shipping-taxable","13":"product-type-simple"},"_links":{"self":[{"href":"https:\/\/displayproducts.eu\/pt\/wp-json\/wp\/v2\/product\/5063","targetHints":{"allow":["GET"]}}],"collection":[{"href":"https:\/\/displayproducts.eu\/pt\/wp-json\/wp\/v2\/product"}],"about":[{"href":"https:\/\/displayproducts.eu\/pt\/wp-json\/wp\/v2\/types\/product"}],"replies":[{"embeddable":true,"href":"https:\/\/displayproducts.eu\/pt\/wp-json\/wp\/v2\/comments?post=5063"}],"wp:featuredmedia":[{"embeddable":true,"href":"https:\/\/displayproducts.eu\/pt\/wp-json\/wp\/v2\/media\/6596"}],"wp:attachment":[{"href":"https:\/\/displayproducts.eu\/pt\/wp-json\/wp\/v2\/media?parent=5063"}],"wp:term":[{"taxonomy":"product_brand","embeddable":true,"href":"https:\/\/displayproducts.eu\/pt\/wp-json\/wp\/v2\/product_brand?post=5063"},{"taxonomy":"product_cat","embeddable":true,"href":"https:\/\/displayproducts.eu\/pt\/wp-json\/wp\/v2\/product_cat?post=5063"},{"taxonomy":"product_tag","embeddable":true,"href":"https:\/\/displayproducts.eu\/pt\/wp-json\/wp\/v2\/product_tag?post=5063"}],"curies":[{"name":"wp","href":"https:\/\/api.w.org\/{rel}","templated":true}]}}