{"id":5058,"date":"2025-10-06T16:43:30","date_gmt":"2025-10-06T13:43:30","guid":{"rendered":"https:\/\/wristbandfactory.eu\/?post_type=product&#038;p=5058"},"modified":"2026-04-01T21:52:35","modified_gmt":"2026-04-01T18:52:35","slug":"custom-shaped-led-light-sticks","status":"publish","type":"product","link":"https:\/\/displayproducts.eu\/pt\/p\/custom-shaped-led-light-sticks\/","title":{"rendered":"Bast\u00f5es de luz LED com formatos personalizados"},"content":{"rendered":"<p data-path-to-node=\"7\">Crie um &quot;mar de luz&quot; imersivo e a experi\u00eancia definitiva para os f\u00e3s com nossos bast\u00f5es de luz LED totalmente personaliz\u00e1veis para shows. Esta \u00e9 a ferramenta premium para artistas, bandas e eventos corporativos que buscam produtos colecion\u00e1veis de alto impacto que conectam o p\u00fablico diretamente \u00e0 marca.<\/p>\n<p data-path-to-node=\"8\">O verdadeiro poder deste produto reside no seu n\u00edvel incompar\u00e1vel de personaliza\u00e7\u00e3o. O grande globo de acr\u00edlico pode ser personalizado de acordo com as necessidades espec\u00edficas da sua organiza\u00e7\u00e3o:<\/p>\n<ul data-path-to-node=\"9\">\n<li>\n<p data-path-to-node=\"9,0,0\"><b>Figuras 3D personalizadas:<\/b> Coloque uma figura 3D moldada sob medida dentro do globo para criar um item colecion\u00e1vel verdadeiramente \u00fanico e de alto valor.<\/p>\n<\/li>\n<li>\n<p data-path-to-node=\"9,1,0\"><b>Inser\u00e7\u00f5es gravadas a laser:<\/b> Grave seu logotipo, s\u00edmbolo do evento ou texto para um visual elegante e sofisticado.<\/p>\n<\/li>\n<li>\n<p data-path-to-node=\"9,2,0\"><b>Encartes impressos a cores:<\/b> Apresente imagens ou designs detalhados e coloridos da marca.<\/p>\n<\/li>\n<\/ul>\n<p data-path-to-node=\"10\">Para completar a identidade visual, a al\u00e7a pode ser produzida na cor personalizada da sua empresa e impressa com o seu logotipo.<\/p>\n<p data-path-to-node=\"11\">Selecione a vers\u00e3o da tecnologia que melhor se adapta ao or\u00e7amento e \u00e0s necessidades t\u00e9cnicas do seu evento:<\/p>\n<ol start=\"1\" data-path-to-node=\"12\">\n<li>\n<p data-path-to-node=\"12,0,0\"><b>Manual (monocrom\u00e1tico):<\/b> Ideal para uma cor de marca forte e consistente.<\/p>\n<\/li>\n<li>\n<p data-path-to-node=\"12,1,0\"><b>Manual (15 cores):<\/b> Uma op\u00e7\u00e3o vers\u00e1til que permite aos usu\u00e1rios alternar entre 15 cores diferentes.<\/p>\n<\/li>\n<li>\n<p data-path-to-node=\"12,2,0\"><b>Controle remoto DMX:<\/b> A experi\u00eancia interativa definitiva. Esta vers\u00e3o \u00e9 compat\u00edvel com nossos controladores remotos e DMX, permitindo que sua equipe sincronize todos os bast\u00f5es de luz do local para criar shows de luzes deslumbrantes e coordenados, sincronizados com a m\u00fasica.<\/p>\n<\/li>\n<\/ol>\n<p data-path-to-node=\"13\">Cada bast\u00e3o luminoso \u00e9 feito de ABS e acr\u00edlico dur\u00e1veis, e funciona com tr\u00eas pilhas AAA (n\u00e3o inclu\u00eddas).<\/p>\n<p data-path-to-node=\"14\"><b>Principais caracter\u00edsticas:<\/b><\/p>\n<ul data-path-to-node=\"15\">\n<li>\n<p data-path-to-node=\"15,0,0\"><b>Globo totalmente personaliz\u00e1vel:<\/b> Op\u00e7\u00f5es para figuras 3D personalizadas, grava\u00e7\u00e3o a laser ou inser\u00e7\u00f5es impressas em cores.<\/p>\n<\/li>\n<li>\n<p data-path-to-node=\"15,1,0\"><b>Al\u00e7a personalizada com a marca:<\/b> Pode ser personalizado com cores e impress\u00e3o de logotipos.<\/p>\n<\/li>\n<li>\n<p data-path-to-node=\"15,2,0\"><b>Op\u00e7\u00e3o de controle remoto DMX:<\/b> Permite shows de luzes totalmente sincronizados em todo o local, envolvendo a multid\u00e3o.<\/p>\n<\/li>\n<li>\n<p data-path-to-node=\"15,3,0\"><b>Op\u00e7\u00f5es t\u00e9cnicas manuais:<\/b> Dispon\u00edvel tamb\u00e9m em vers\u00f5es manuais econ\u00f4micas de uma ou 15 cores.<\/p>\n<\/li>\n<li>\n<p data-path-to-node=\"15,4,0\"><b>Materiais dur\u00e1veis:<\/b> Fabricado em ABS e acr\u00edlico resistentes, ideais para eventos.<\/p>\n<\/li>\n<li>\n<p data-path-to-node=\"15,5,0\"><b>Produtos de Alto Impacto:<\/b> O item colecion\u00e1vel perfeito para shows, turn\u00eas de f\u00e3s e eventos corporativos.<\/p>\n<\/li>\n<\/ul>","protected":false},"excerpt":{"rendered":"<ul data-path-to-node=\"6\">\n<li>\n<p data-path-to-node=\"6,0,0\">Globo de acr\u00edlico totalmente personaliz\u00e1vel: coloque uma estatueta 3D dentro, grave um logotipo a laser ou use um inserto impresso em cores.<\/p>\n<\/li>\n<li>\n<p data-path-to-node=\"6,1,0\">Al\u00e7a personalizada com impress\u00e3o do seu logotipo dispon\u00edvel.<\/p>\n<\/li>\n<li>\n<p data-path-to-node=\"6,2,0\">Escolha a sua tecnologia: vers\u00f5es monocrom\u00e1ticas, manuais com 15 cores ou com controle remoto DMX para espet\u00e1culos de luzes sincronizados.<\/p>\n<\/li>\n<li>\n<p data-path-to-node=\"6,3,0\">Produtos promocionais de alto impacto para shows, encontros de f\u00e3s e eventos de marcas.<\/p>\n<\/li>\n<\/ul>","protected":false},"featured_media":5057,"comment_status":"closed","ping_status":"closed","template":"","meta":[],"product_brand":[],"product_cat":[76,45],"product_tag":[],"class_list":{"0":"post-5058","1":"product","2":"type-product","3":"status-publish","4":"has-post-thumbnail","6":"product_cat-glow-led-products","7":"product_cat-other","9":"first","10":"instock","11":"shipping-taxable","12":"product-type-simple"},"_links":{"self":[{"href":"https:\/\/displayproducts.eu\/pt\/wp-json\/wp\/v2\/product\/5058","targetHints":{"allow":["GET"]}}],"collection":[{"href":"https:\/\/displayproducts.eu\/pt\/wp-json\/wp\/v2\/product"}],"about":[{"href":"https:\/\/displayproducts.eu\/pt\/wp-json\/wp\/v2\/types\/product"}],"replies":[{"embeddable":true,"href":"https:\/\/displayproducts.eu\/pt\/wp-json\/wp\/v2\/comments?post=5058"}],"wp:featuredmedia":[{"embeddable":true,"href":"https:\/\/displayproducts.eu\/pt\/wp-json\/wp\/v2\/media\/5057"}],"wp:attachment":[{"href":"https:\/\/displayproducts.eu\/pt\/wp-json\/wp\/v2\/media?parent=5058"}],"wp:term":[{"taxonomy":"product_brand","embeddable":true,"href":"https:\/\/displayproducts.eu\/pt\/wp-json\/wp\/v2\/product_brand?post=5058"},{"taxonomy":"product_cat","embeddable":true,"href":"https:\/\/displayproducts.eu\/pt\/wp-json\/wp\/v2\/product_cat?post=5058"},{"taxonomy":"product_tag","embeddable":true,"href":"https:\/\/displayproducts.eu\/pt\/wp-json\/wp\/v2\/product_tag?post=5058"}],"curies":[{"name":"wp","href":"https:\/\/api.w.org\/{rel}","templated":true}]}}