{"id":5034,"date":"2025-10-06T16:03:54","date_gmt":"2025-10-06T13:03:54","guid":{"rendered":"https:\/\/wristbandfactory.eu\/?post_type=product&#038;p=5034"},"modified":"2026-04-01T21:52:35","modified_gmt":"2026-04-01T18:52:35","slug":"custom-glow-flashing-led-wristbands","status":"publish","type":"product","link":"https:\/\/displayproducts.eu\/pt\/p\/custom-glow-flashing-led-wristbands\/","title":{"rendered":"Pulseiras LED brilhantes e intermitentes"},"content":{"rendered":"<p data-path-to-node=\"9\">Quando voc\u00ea precisa de uma solu\u00e7\u00e3o de branding sem impress\u00e3o, econ\u00f4mica e vibrante, nossas pulseiras de LED personalizadas com efeito luminoso e intermitente s\u00e3o a escolha perfeita. Projetadas para alta visibilidade, essas pulseiras fornecem uma luz potente e constante sem a necessidade de controles remotos complexos.<\/p>\n<p data-path-to-node=\"10\">Este \u00e9 o nosso hub completo para faixas de LED manuais (n\u00e3o remotas), ideal para eventos corporativos, lan\u00e7amentos de produtos, festivais e campanhas de conscientiza\u00e7\u00e3o onde uma imagem de marca unificada \u00e9 crucial.<\/p>\n<h2><strong>Escolha o seu modelo de LED manual<\/strong><\/h2>\n<p data-path-to-node=\"12\">Selecione o modelo que melhor se adapta ao tema do seu evento:<\/p>\n<h3 data-path-to-node=\"13,0,0\"><strong>Modelo de brilho monocrom\u00e1tico<\/strong><\/h3>\n<p><img fetchpriority=\"high\" decoding=\"async\" class=\"alignnone wp-image-5554\" src=\"https:\/\/displayproducts.eu\/wp-content\/uploads\/2025\/10\/flashing-led-1.jpeg\" alt=\"\" width=\"300\" height=\"300\" srcset=\"https:\/\/displayproducts.eu\/wp-content\/uploads\/2025\/10\/flashing-led-1.jpeg 600w, https:\/\/displayproducts.eu\/wp-content\/uploads\/2025\/10\/flashing-led-1-12x12.jpeg 12w, https:\/\/displayproducts.eu\/wp-content\/uploads\/2025\/10\/flashing-led-1-300x300.jpeg 300w, https:\/\/displayproducts.eu\/wp-content\/uploads\/2025\/10\/flashing-led-1-100x100.jpeg 100w, https:\/\/displayproducts.eu\/wp-content\/uploads\/2025\/10\/flashing-led-1-64x64.jpeg 64w\" sizes=\"(max-width: 300px) 100vw, 300px\" \/><\/p>\n<p>O ponto forte deste modelo \u00e9 a sua simplicidade. Ele acende em <b>uma cor espec\u00edfica e vibrante<\/b> (vermelho, azul, verde, etc.) para combinar perfeitamente com a identidade visual da sua empresa ou com o tema do seu evento. \u00c9 feito de TPU ultraleve (17g) e dur\u00e1vel, oferecendo uma longa vida \u00fatil. <b>Bateria com dura\u00e7\u00e3o de 12 horas<\/b>.<\/p>\n<h3 data-path-to-node=\"13,1,0\"><strong>Modelo com luzes piscantes multicoloridas<\/strong><\/h3>\n<p data-path-to-node=\"13,1,0\"><img decoding=\"async\" class=\"alignnone wp-image-5556\" src=\"https:\/\/displayproducts.eu\/wp-content\/uploads\/2025\/10\/flashing-led.jpg\" alt=\"\" width=\"300\" height=\"300\" srcset=\"https:\/\/displayproducts.eu\/wp-content\/uploads\/2025\/10\/flashing-led.jpg 1080w, https:\/\/displayproducts.eu\/wp-content\/uploads\/2025\/10\/flashing-led-768x768.jpg 768w, https:\/\/displayproducts.eu\/wp-content\/uploads\/2025\/10\/flashing-led-12x12.jpg 12w, https:\/\/displayproducts.eu\/wp-content\/uploads\/2025\/10\/flashing-led-300x300.jpg 300w, https:\/\/displayproducts.eu\/wp-content\/uploads\/2025\/10\/flashing-led-600x600.jpg 600w, https:\/\/displayproducts.eu\/wp-content\/uploads\/2025\/10\/flashing-led-100x100.jpg 100w, https:\/\/displayproducts.eu\/wp-content\/uploads\/2025\/10\/flashing-led-64x64.jpg 64w\" sizes=\"(max-width: 300px) 100vw, 300px\" \/><\/p>\n<p data-path-to-node=\"13,1,0\">Este modelo \u00e9 um cl\u00e1ssico que chama a aten\u00e7\u00e3o. Possui uma pulseira colorida (f\u00facsia, verde, azul, etc.) e um LED brilhante que ilumina toda a faixa. Um discreto bot\u00e3o liga\/desliga permite ao usu\u00e1rio controlar a intensidade da luz, tornando-o um acess\u00f3rio interativo perfeito para festas e shows.<\/p>\n<p data-path-to-node=\"14\">Ambos os modelos s\u00e3o alimentados por baterias inclu\u00eddas e est\u00e3o prontos para uso imediato. Oferecemos impress\u00e3o tampogr\u00e1fica em 1 cor em uma \u00e1rea dedicada para a impress\u00e3o do seu logotipo personalizado ou mensagem do evento.<\/p>\n<h2 data-path-to-node=\"15\"><b>Principais caracter\u00edsticas:<\/b><\/h2>\n<ul data-path-to-node=\"16\">\n<li>\n<p data-path-to-node=\"16,0,0\"><b>Duas op\u00e7\u00f5es de modelo:<\/b> Escolha entre uma <b>Brilho monocrom\u00e1tico<\/b> ou um <b>Piscando em v\u00e1rias cores<\/b> modelo.<\/p>\n<\/li>\n<li>\n<p data-path-to-node=\"16,1,0\"><b>Controle manual sem impress\u00e3o:<\/b> Ambos os modelos possuem um sem impress\u00e3o interruptor liga\/desliga.<\/p>\n<\/li>\n<li>\n<p data-path-to-node=\"16,2,0\"><b>Conforto ultraleve:<\/b> O modelo monocrom\u00e1tico pesa apenas 17g, garantindo total conforto.<\/p>\n<\/li>\n<li>\n<p data-path-to-node=\"16,3,0\"><b>Bateria de longa dura\u00e7\u00e3o:<\/b> Desempenho confi\u00e1vel, com o modelo monocrom\u00e1tico durando at\u00e9 12 horas.<\/p>\n<\/li>\n<li>\n<p data-path-to-node=\"16,4,0\"><b>Identidade Visual Personalizada:<\/b> Ambos os modelos possuem uma \u00e1rea de impress\u00e3o dedicada para um logotipo de 1 cor (preto ou branco).<\/p>\n<\/li>\n<li>\n<p data-path-to-node=\"16,5,0\"><b>Pronto para usar:<\/b> Alimentado por baterias tipo bot\u00e3o inclu\u00eddas.<\/p>\n<\/li>\n<li>\n<p data-path-to-node=\"16,6,0\"><b>Ideal para:<\/b> Encomendas em grande quantidade para promo\u00e7\u00f5es, festas e campanhas de reconhecimento de marca.<\/p>\n<\/li>\n<\/ul>\n<p data-path-to-node=\"17\">","protected":false},"excerpt":{"rendered":"<p>Ilumine sua marca com nossas pulseiras de LED coloridas personalizadas. Essas pulseiras de TPU ultraleves est\u00e3o dispon\u00edveis em cores vibrantes e \u00fanicas para combinar perfeitamente com o tema do seu evento.<\/p>","protected":false},"featured_media":5035,"comment_status":"closed","ping_status":"closed","template":"","meta":[],"product_brand":[],"product_cat":[80],"product_tag":[],"class_list":{"0":"post-5034","1":"product","2":"type-product","3":"status-publish","4":"has-post-thumbnail","6":"product_cat-led-wristbands","8":"first","9":"instock","10":"shipping-taxable","11":"purchasable","12":"product-type-simple"},"_links":{"self":[{"href":"https:\/\/displayproducts.eu\/pt\/wp-json\/wp\/v2\/product\/5034","targetHints":{"allow":["GET"]}}],"collection":[{"href":"https:\/\/displayproducts.eu\/pt\/wp-json\/wp\/v2\/product"}],"about":[{"href":"https:\/\/displayproducts.eu\/pt\/wp-json\/wp\/v2\/types\/product"}],"replies":[{"embeddable":true,"href":"https:\/\/displayproducts.eu\/pt\/wp-json\/wp\/v2\/comments?post=5034"}],"wp:featuredmedia":[{"embeddable":true,"href":"https:\/\/displayproducts.eu\/pt\/wp-json\/wp\/v2\/media\/5035"}],"wp:attachment":[{"href":"https:\/\/displayproducts.eu\/pt\/wp-json\/wp\/v2\/media?parent=5034"}],"wp:term":[{"taxonomy":"product_brand","embeddable":true,"href":"https:\/\/displayproducts.eu\/pt\/wp-json\/wp\/v2\/product_brand?post=5034"},{"taxonomy":"product_cat","embeddable":true,"href":"https:\/\/displayproducts.eu\/pt\/wp-json\/wp\/v2\/product_cat?post=5034"},{"taxonomy":"product_tag","embeddable":true,"href":"https:\/\/displayproducts.eu\/pt\/wp-json\/wp\/v2\/product_tag?post=5034"}],"curies":[{"name":"wp","href":"https:\/\/api.w.org\/{rel}","templated":true}]}}