{"id":5012,"date":"2025-10-06T15:39:59","date_gmt":"2025-10-06T12:39:59","guid":{"rendered":"https:\/\/wristbandfactory.eu\/?post_type=product&#038;p=5012"},"modified":"2026-04-01T21:52:35","modified_gmt":"2026-04-01T18:52:35","slug":"remote-controlled-fabric-led-wristbands","status":"publish","type":"product","link":"https:\/\/displayproducts.eu\/pt\/p\/remote-controlled-fabric-led-wristbands\/","title":{"rendered":"Pulseiras de LED de tecido controladas remotamente"},"content":{"rendered":"<p data-path-to-node=\"11\">D\u00ea um toque de requinte ao seu evento com as nossas pulseiras LED de tecido com controle remoto premium. Esta \u00e9 a solu\u00e7\u00e3o perfeita para clientes B2B e eventos sofisticados que exigem o conforto e a sensa\u00e7\u00e3o premium de uma pulseira t\u00eaxtil, combinados com o impacto visual deslumbrante de um show de luzes sincronizado. Todos os modelos s\u00e3o compat\u00edveis com um Controlador Remoto e DMX central (vendido separadamente), permitindo que um \u00fanico operador gerencie todas as pulseiras do local simultaneamente.<\/p>\n<p data-path-to-node=\"12\">Este \u00e9 o seu centro de controle para todos os nossos modelos de tecido com controle remoto. Todos os modelos s\u00e3o compat\u00edveis com um centro de controle. <strong><a href=\"https:\/\/displayproducts.eu\/pt\/p\/remote-dmx-controllers-for-led-wristbands\/\">Controlador remoto e DMX<\/a><\/strong> que \u00e9 vendido separadamente em nossa loja. <strong><a href=\"https:\/\/displayproducts.eu\/pt\/c\/event-supplies\/\">Suprimentos para eventos<\/a><\/strong> categoria. Este controlador permite que um \u00fanico operador altere as cores e os padr\u00f5es de intermit\u00eancia dos LEDs de todas as pulseiras no local simultaneamente.<\/p>\n<h2>Escolha o seu modelo de tecido<\/h2>\n<p data-path-to-node=\"14\">Selecione o modelo de tecido espec\u00edfico que melhor se adapta \u00e0s necessidades est\u00e9ticas e t\u00e9cnicas do seu evento:<\/p>\n<h2 data-path-to-node=\"11\">Faixa de tecido \u201cpadr\u00e3o\u201d (estampa completa)<\/h2>\n<h2 data-path-to-node=\"11\"><img fetchpriority=\"high\" decoding=\"async\" class=\"alignnone wp-image-5551\" src=\"https:\/\/displayproducts.eu\/wp-content\/uploads\/2025\/10\/standard-fabric.jpg\" alt=\"\" width=\"300\" height=\"300\" srcset=\"https:\/\/displayproducts.eu\/wp-content\/uploads\/2025\/10\/standard-fabric.jpg 1024w, https:\/\/displayproducts.eu\/wp-content\/uploads\/2025\/10\/standard-fabric-768x768.jpg 768w, https:\/\/displayproducts.eu\/wp-content\/uploads\/2025\/10\/standard-fabric-12x12.jpg 12w, https:\/\/displayproducts.eu\/wp-content\/uploads\/2025\/10\/standard-fabric-300x300.jpg 300w, https:\/\/displayproducts.eu\/wp-content\/uploads\/2025\/10\/standard-fabric-600x600.jpg 600w, https:\/\/displayproducts.eu\/wp-content\/uploads\/2025\/10\/standard-fabric-100x100.jpg 100w, https:\/\/displayproducts.eu\/wp-content\/uploads\/2025\/10\/standard-fabric-64x64.jpg 64w\" sizes=\"(max-width: 300px) 100vw, 300px\" \/><\/h2>\n<p data-path-to-node=\"12\">Este modelo apresenta uma pulseira de nylon resistente e macia com um m\u00f3dulo LED brilhante controlado remotamente. A pr\u00f3pria pulseira de tecido \u00e9 totalmente personaliz\u00e1vel com uma impress\u00e3o por sublima\u00e7\u00e3o vibrante e colorida, tornando-a ideal para logotipos detalhados ou identidade visual complexa para eventos.<\/p>\n<ul data-path-to-node=\"13\">\n<li>\n<p data-path-to-node=\"13,0,0\"><b data-path-to-node=\"13,0,0\" data-index-in-node=\"0\">Ideal para:<\/b> Eventos corporativos, patroc\u00ednios e festivais familiares.<\/p>\n<\/li>\n<li>\n<p data-path-to-node=\"13,1,0\"><b data-path-to-node=\"13,1,0\" data-index-in-node=\"0\">Dura\u00e7\u00e3o da bateria:<\/b> Autonomia de 12 horas com 2 baterias CR2032 substitu\u00edveis.<\/p>\n<\/li>\n<\/ul>\n<h2 data-path-to-node=\"14\">A faixa de tecido \u201cluminosa 360\u00b0\u201d<\/h2>\n<p><img decoding=\"async\" class=\"alignnone wp-image-5044\" src=\"https:\/\/displayproducts.eu\/wp-content\/uploads\/2025\/10\/360\u00b0-Luminous-Remote-LED-Wristbands_main-e1763322702945.jpg\" alt=\"\" width=\"300\" height=\"131\" srcset=\"https:\/\/displayproducts.eu\/wp-content\/uploads\/2025\/10\/360\u00b0-Luminous-Remote-LED-Wristbands_main-e1763322702945.jpg 1080w, https:\/\/displayproducts.eu\/wp-content\/uploads\/2025\/10\/360\u00b0-Luminous-Remote-LED-Wristbands_main-e1763322702945-768x336.jpg 768w, https:\/\/displayproducts.eu\/wp-content\/uploads\/2025\/10\/360\u00b0-Luminous-Remote-LED-Wristbands_main-e1763322702945-18x8.jpg 18w, https:\/\/displayproducts.eu\/wp-content\/uploads\/2025\/10\/360\u00b0-Luminous-Remote-LED-Wristbands_main-e1763322702945-600x263.jpg 600w, https:\/\/displayproducts.eu\/wp-content\/uploads\/2025\/10\/360\u00b0-Luminous-Remote-LED-Wristbands_main-e1763322702945-64x28.jpg 64w\" sizes=\"(max-width: 300px) 100vw, 300px\" \/><\/p>\n<p data-path-to-node=\"19\">Este modelo inovador apresenta LEDs integrados ao longo do <b>toda a extens\u00e3o da confort\u00e1vel faixa de nylon<\/b>, Proporcionando ilumina\u00e7\u00e3o completa e abrangente. Este design exclusivo garante um impacto visual impressionante de todos os \u00e2ngulos.<\/p>\n<ul data-path-to-node=\"20\">\n<li>\n<p data-path-to-node=\"20,0,0\"><b>Ideal para:<\/b> Eventos que exigem o m\u00e1ximo espet\u00e1culo visual.<\/p>\n<\/li>\n<li>\n<p data-path-to-node=\"20,1,0\"><b>Bateria:<\/b> 8 horas (2 baterias CR2032)<\/p>\n<\/li>\n<\/ul>\n<h2 data-path-to-node=\"17\">A pulseira \u201ch\u00edbrida\u201d de tecido e silicone<\/h2>\n<p><img decoding=\"async\" class=\"alignnone wp-image-5552\" src=\"https:\/\/displayproducts.eu\/wp-content\/uploads\/2025\/10\/hybrid-led.jpg\" alt=\"\" width=\"300\" height=\"300\" srcset=\"https:\/\/displayproducts.eu\/wp-content\/uploads\/2025\/10\/hybrid-led.jpg 2048w, https:\/\/displayproducts.eu\/wp-content\/uploads\/2025\/10\/hybrid-led-768x768.jpg 768w, https:\/\/displayproducts.eu\/wp-content\/uploads\/2025\/10\/hybrid-led-1536x1536.jpg 1536w, https:\/\/displayproducts.eu\/wp-content\/uploads\/2025\/10\/hybrid-led-12x12.jpg 12w, https:\/\/displayproducts.eu\/wp-content\/uploads\/2025\/10\/hybrid-led-300x300.jpg 300w, https:\/\/displayproducts.eu\/wp-content\/uploads\/2025\/10\/hybrid-led-600x600.jpg 600w, https:\/\/displayproducts.eu\/wp-content\/uploads\/2025\/10\/hybrid-led-100x100.jpg 100w, https:\/\/displayproducts.eu\/wp-content\/uploads\/2025\/10\/hybrid-led-64x64.jpg 64w\" sizes=\"(max-width: 300px) 100vw, 300px\" \/><\/p>\n<p data-path-to-node=\"22\">Este modelo combina uma pulseira de tecido macio com um m\u00f3dulo LED de silicone\/ABS confort\u00e1vel e suave, oferecendo uma combina\u00e7\u00e3o \u00fanica de conforto e durabilidade para uso prolongado.<\/p>\n<ul data-path-to-node=\"23\">\n<li>\n<p data-path-to-node=\"23,0,0\"><b>Ideal para:<\/b> Festivais com dura\u00e7\u00e3o de v\u00e1rios dias, onde conforto e um design robusto s\u00e3o necess\u00e1rios.<\/p>\n<\/li>\n<li>\n<p data-path-to-node=\"23,1,0\"><b>Bateria:<\/b> 12 horas (2 baterias CR2032)<\/p>\n<\/li>\n<\/ul>\n<h2 data-path-to-node=\"20\">Principais caracter\u00edsticas e tecnologia<\/h2>\n<ul data-path-to-node=\"21\">\n<li>\n<p data-path-to-node=\"21,0,0\"><b data-path-to-node=\"21,0,0\" data-index-in-node=\"0\">Controle centralizado por RF\/DMX:<\/b> Todos os modelos de tecido s\u00e3o sincronizados com um controlador central para altera\u00e7\u00f5es de cor e padr\u00e3o em tempo real.<\/p>\n<\/li>\n<li>\n<p data-path-to-node=\"21,1,0\"><b data-path-to-node=\"21,1,0\" data-index-in-node=\"0\">Ajuste ajust\u00e1vel:<\/b> Dispon\u00edvel com diversos mecanismos de travamento (contas ou la\u00e7os) para acomodar todos os convidados com seguran\u00e7a.<\/p>\n<\/li>\n<li>\n<p data-path-to-node=\"21,2,0\"><b data-path-to-node=\"21,2,0\" data-index-in-node=\"0\">Identidade Visual Personalizada:<\/b> Ampla \u00e1rea de alta visibilidade na al\u00e7a de tecido para impress\u00e3o premium em 1 cor ou em cores plenas.<\/p>\n<\/li>\n<li>\n<p data-path-to-node=\"21,3,0\"><b data-path-to-node=\"21,3,0\" data-index-in-node=\"0\">Longo alcance:<\/b> Recep\u00e7\u00e3o de sinal confi\u00e1vel at\u00e9 300-500 metros para grandes espa\u00e7os.<\/p>\n<\/li>\n<\/ul>\n<h2 data-path-to-node=\"22\">Especifica\u00e7\u00f5es<\/h2>\n<ul data-path-to-node=\"23\">\n<li>\n<p data-path-to-node=\"23,0,0\"><b data-path-to-node=\"23,0,0\" data-index-in-node=\"0\">Material da al\u00e7a:<\/b> Poli\u00e9ster ou nylon macio (15x350mm).<\/p>\n<\/li>\n<li>\n<p data-path-to-node=\"23,1,0\"><b data-path-to-node=\"23,1,0\" data-index-in-node=\"0\">Peso:<\/b> Aproximadamente 24g.<\/p>\n<\/li>\n<li>\n<p data-path-to-node=\"23,2,0\"><b data-path-to-node=\"23,2,0\" data-index-in-node=\"0\">Freq\u00fc\u00eancia:<\/b> 433MHz (RF) \/ DMX512.<\/p>\n<\/li>\n<li>\n<p data-path-to-node=\"23,3,0\"><b data-path-to-node=\"23,3,0\" data-index-in-node=\"0\">Bateria:<\/b> 2 baterias CR2032 (substitu\u00edveis).<\/p>\n<\/li>\n<li>\n<p data-path-to-node=\"23,4,0\"><b data-path-to-node=\"23,4,0\" data-index-in-node=\"0\">Pedido m\u00ednimo:<\/b> 100 unidades.<\/p>\n<\/li>\n<\/ul>\n<h3><strong><a href=\"https:\/\/displayproducts.eu\/pt\/p\/remote-dmx-controllers-for-led-wristbands\/\">Controlador remoto e DMX<\/a><\/strong><\/h3>\n<p><img loading=\"lazy\" decoding=\"async\" class=\"\" src=\"https:\/\/displayproducts.eu\/wp-content\/uploads\/2025\/10\/controller-2-scaled.jpeg\" width=\"365\" height=\"365\" \/><\/p>","protected":false},"excerpt":{"rendered":"<ul>\n<li>\n<p data-path-to-node=\"9,0,0\"><b data-path-to-node=\"9,0,0\" data-index-in-node=\"0\">Experi\u00eancia Premium em Eventos:<\/b> Combina a suavidade das faixas t\u00eaxteis com tecnologia avan\u00e7ada de ilumina\u00e7\u00e3o sincronizada.<\/p>\n<\/li>\n<li>\n<p data-path-to-node=\"9,1,0\"><b data-path-to-node=\"9,1,0\" data-index-in-node=\"0\">Sublima\u00e7\u00e3o em cores plenas:<\/b> Al\u00e7as de tecido altamente personaliz\u00e1veis para logotipos detalhados e visuais de marca vibrantes.<\/p>\n<\/li>\n<li>\n<p data-path-to-node=\"9,2,0\"><b data-path-to-node=\"9,2,0\" data-index-in-node=\"0\">Controle em escala de est\u00e1dio:<\/b> Sincroniza\u00e7\u00e3o confi\u00e1vel de RF e DMX em milhares de unidades simultaneamente.<\/p>\n<\/li>\n<li>\n<p data-path-to-node=\"9,3,0\"><b data-path-to-node=\"9,3,0\" data-index-in-node=\"0\">Conforto de longa dura\u00e7\u00e3o:<\/b> Design leve de 24g, projetado para festivais de v\u00e1rios dias e eventos corporativos.<\/p>\n<\/li>\n<\/ul>","protected":false},"featured_media":5983,"comment_status":"closed","ping_status":"closed","template":"","meta":[],"product_brand":[],"product_cat":[80],"product_tag":[],"class_list":{"0":"post-5012","1":"product","2":"type-product","3":"status-publish","4":"has-post-thumbnail","6":"product_cat-led-wristbands","8":"first","9":"instock","10":"shipping-taxable","11":"purchasable","12":"product-type-simple"},"_links":{"self":[{"href":"https:\/\/displayproducts.eu\/pt\/wp-json\/wp\/v2\/product\/5012","targetHints":{"allow":["GET"]}}],"collection":[{"href":"https:\/\/displayproducts.eu\/pt\/wp-json\/wp\/v2\/product"}],"about":[{"href":"https:\/\/displayproducts.eu\/pt\/wp-json\/wp\/v2\/types\/product"}],"replies":[{"embeddable":true,"href":"https:\/\/displayproducts.eu\/pt\/wp-json\/wp\/v2\/comments?post=5012"}],"wp:featuredmedia":[{"embeddable":true,"href":"https:\/\/displayproducts.eu\/pt\/wp-json\/wp\/v2\/media\/5983"}],"wp:attachment":[{"href":"https:\/\/displayproducts.eu\/pt\/wp-json\/wp\/v2\/media?parent=5012"}],"wp:term":[{"taxonomy":"product_brand","embeddable":true,"href":"https:\/\/displayproducts.eu\/pt\/wp-json\/wp\/v2\/product_brand?post=5012"},{"taxonomy":"product_cat","embeddable":true,"href":"https:\/\/displayproducts.eu\/pt\/wp-json\/wp\/v2\/product_cat?post=5012"},{"taxonomy":"product_tag","embeddable":true,"href":"https:\/\/displayproducts.eu\/pt\/wp-json\/wp\/v2\/product_tag?post=5012"}],"curies":[{"name":"wp","href":"https:\/\/api.w.org\/{rel}","templated":true}]}}