{"id":4988,"date":"2025-10-06T14:34:19","date_gmt":"2025-10-06T11:34:19","guid":{"rendered":"https:\/\/wristbandfactory.eu\/?post_type=product&#038;p=4988"},"modified":"2026-04-01T21:52:35","modified_gmt":"2026-04-01T18:52:35","slug":"rechargeable-waterproof-led-sports-belt-for-runners","status":"publish","type":"product","link":"https:\/\/displayproducts.eu\/pt\/p\/rechargeable-waterproof-led-sports-belt-for-runners\/","title":{"rendered":"Cinto esportivo LED recarreg\u00e1vel e \u00e0 prova d&#039;\u00e1gua para corredores"},"content":{"rendered":"<p>Mantenha-se vis\u00edvel e seguro com o cinto esportivo de LED de alta visibilidade da Wristbandfactory. Projetado para atletas, crian\u00e7as e qualquer pessoa que pratique atividades em condi\u00e7\u00f5es de pouca luz, este cinto \u00e9 um equipamento de seguran\u00e7a essencial. <span class=\"citation-148 citation-end-148\">\u00c9 constru\u00eddo a partir de uma mistura confort\u00e1vel e imperme\u00e1vel de Lycra e TPU, garantindo que permane\u00e7a funcional em todas as condi\u00e7\u00f5es clim\u00e1ticas<\/span>.<\/p>\n<p><span class=\"citation-147 citation-end-147\">O cinto \u00e9 leve, pesando apenas 60 g, e se ajusta facilmente de um m\u00ednimo de 30 cm a um m\u00e1ximo de 60 cm, proporcionando um ajuste confort\u00e1vel e seguro para uma ampla variedade de usu\u00e1rios.<\/span>. <span class=\"citation-146 citation-end-146\">Alimentado por uma bateria de l\u00edtio recarreg\u00e1vel conveniente, este cinto esportivo oferece um tempo de trabalho medido de 10 horas com uma \u00fanica carga<\/span>. <span class=\"citation-145 citation-end-145\">Escolha entre quatro fun\u00e7\u00f5es de ilumina\u00e7\u00e3o distintas \u2014 brilho longo, piscando r\u00e1pido, piscando lentamente ou desligado \u2014 para maximizar sua visibilidade para motoristas e outras pessoas<\/span>. <span class=\"citation-144 citation-end-144\">Oferecemos este produto em embalagem OPP padr\u00e3o, com solu\u00e7\u00f5es de embalagem personalizadas dispon\u00edveis para pedidos B2B no atacado em toda a Europa<\/span>.<\/p>\n<p><b>Principais caracter\u00edsticas:<\/b><\/p>\n<ul>\n<li><span class=\"citation-143 citation-end-143\">Luzes LED de alta visibilidade com 4 modos (brilho longo, piscando r\u00e1pido\/lento, desligado)<\/span>.<\/li>\n<li><span class=\"citation-142 citation-end-142\">Bateria de l\u00edtio totalmente recarreg\u00e1vel com autonomia de 10 horas<\/span>.<\/li>\n<li><span class=\"citation-141 citation-end-141\">Feito de materiais confort\u00e1veis e imperme\u00e1veis de Lycra e TPU<\/span>.<\/li>\n<li><span class=\"citation-140 citation-end-140\">Tamanho ajust\u00e1vel de 30 cm a 60 cm para garantir um ajuste perfeito<\/span>.<\/li>\n<li><span class=\"citation-139 citation-end-139\">Design leve com apenas 60g<\/span>.<\/li>\n<\/ul>","protected":false},"excerpt":{"rendered":"<p>Aumente sua seguran\u00e7a durante atividades noturnas com nosso cinto esportivo LED recarreg\u00e1vel, feito de Lycra \u00e0 prova d&#039;\u00e1gua para m\u00e1ximo conforto e durabilidade. Com quatro modos de ilumina\u00e7\u00e3o distintos, este cinto ajust\u00e1vel garante que voc\u00ea permane\u00e7a vis\u00edvel para o tr\u00e2nsito enquanto corre, anda de bicicleta ou caminha.<\/p>","protected":false},"featured_media":4989,"comment_status":"closed","ping_status":"closed","template":"","meta":[],"product_brand":[],"product_cat":[68,118,45],"product_tag":[],"class_list":{"0":"post-4988","1":"product","2":"type-product","3":"status-publish","4":"has-post-thumbnail","6":"product_cat-event-supplies","7":"product_cat-sports-fitness","8":"product_cat-other","10":"first","11":"instock","12":"shipping-taxable","13":"purchasable","14":"product-type-simple"},"_links":{"self":[{"href":"https:\/\/displayproducts.eu\/pt\/wp-json\/wp\/v2\/product\/4988","targetHints":{"allow":["GET"]}}],"collection":[{"href":"https:\/\/displayproducts.eu\/pt\/wp-json\/wp\/v2\/product"}],"about":[{"href":"https:\/\/displayproducts.eu\/pt\/wp-json\/wp\/v2\/types\/product"}],"replies":[{"embeddable":true,"href":"https:\/\/displayproducts.eu\/pt\/wp-json\/wp\/v2\/comments?post=4988"}],"wp:featuredmedia":[{"embeddable":true,"href":"https:\/\/displayproducts.eu\/pt\/wp-json\/wp\/v2\/media\/4989"}],"wp:attachment":[{"href":"https:\/\/displayproducts.eu\/pt\/wp-json\/wp\/v2\/media?parent=4988"}],"wp:term":[{"taxonomy":"product_brand","embeddable":true,"href":"https:\/\/displayproducts.eu\/pt\/wp-json\/wp\/v2\/product_brand?post=4988"},{"taxonomy":"product_cat","embeddable":true,"href":"https:\/\/displayproducts.eu\/pt\/wp-json\/wp\/v2\/product_cat?post=4988"},{"taxonomy":"product_tag","embeddable":true,"href":"https:\/\/displayproducts.eu\/pt\/wp-json\/wp\/v2\/product_tag?post=4988"}],"curies":[{"name":"wp","href":"https:\/\/api.w.org\/{rel}","templated":true}]}}