{"id":4979,"date":"2025-10-06T14:21:01","date_gmt":"2025-10-06T11:21:01","guid":{"rendered":"https:\/\/wristbandfactory.eu\/?post_type=product&#038;p=4979"},"modified":"2026-04-01T21:52:35","modified_gmt":"2026-04-01T18:52:35","slug":"sound-activated-led-wristbands","status":"publish","type":"product","link":"https:\/\/displayproducts.eu\/pt\/p\/sound-activated-led-wristbands\/","title":{"rendered":"Pulseiras LED \"ativadas por som\" com logotipo"},"content":{"rendered":"<p data-path-to-node=\"8\">D\u00ea vida \u00e0 batida com nossas pulseiras de LED ativadas por som. Projetadas para ambientes de alta energia, como casas noturnas, festivais de m\u00fasica e shows ao vivo, essas pulseiras transformam cada convidado em parte da performance visual. Ao contr\u00e1rio dos sistemas DMX, essas pulseiras aut\u00f4nomas n\u00e3o exigem nenhuma configura\u00e7\u00e3o t\u00e9cnica \u2014 elas sem impress\u00e3omente reagem aos n\u00edveis de m\u00fasica ao seu redor, criando um mar de luz pulsante que acompanha o ritmo do seu evento.<\/p>\n<h2 data-path-to-node=\"9\">Principais caracter\u00edsticas<\/h2>\n<ul data-path-to-node=\"10\">\n<li>\n<p data-path-to-node=\"10,0,0\"><b data-path-to-node=\"10,0,0\" data-index-in-node=\"0\">Sensores ac\u00fasticos inteligentes:<\/b> Calibrado para detectar padr\u00f5es r\u00edtmicos, garantindo que a luz pisque exatamente em sincronia com os graves e agudos.<\/p>\n<\/li>\n<li>\n<p data-path-to-node=\"10,1,0\"><b data-path-to-node=\"10,1,0\" data-index-in-node=\"0\">Simplicidade plug-and-play:<\/b> N\u00e3o s\u00e3o necess\u00e1rios controladores externos nem programa\u00e7\u00e3o; as bandas est\u00e3o prontas para usar assim que saem da caixa.<\/p>\n<\/li>\n<li>\n<p data-path-to-node=\"10,2,0\"><b data-path-to-node=\"10,2,0\" data-index-in-node=\"0\">Op\u00e7\u00f5es de cores vibrantes:<\/b> Escolha entre uma ampla gama de cores de LED para combinar com a identidade da sua marca ou com o tema do seu evento.<\/p>\n<\/li>\n<li>\n<p data-path-to-node=\"10,3,0\"><b data-path-to-node=\"10,3,0\" data-index-in-node=\"0\">Impress\u00e3o por tampografia dur\u00e1vel:<\/b> Utilizamos tintas de qualidade profissional para garantir que seu logotipo personalizado permane\u00e7a n\u00edtido e vis\u00edvel durante todo o evento.<\/p>\n<\/li>\n<\/ul>\n<h2 data-path-to-node=\"11\">Especifica\u00e7\u00f5es<\/h2>\n<ul data-path-to-node=\"12\">\n<li>\n<p data-path-to-node=\"12,0,0\"><b data-path-to-node=\"12,0,0\" data-index-in-node=\"0\">Mecanismo de controle:<\/b> Sensor ac\u00fastico interno de alta sensibilidade.<\/p>\n<\/li>\n<li>\n<p data-path-to-node=\"12,1,0\"><b data-path-to-node=\"12,1,0\" data-index-in-node=\"0\">Materiais:<\/b> Caixa em ABS com pulseira macia de silicone ou PVC.<\/p>\n<\/li>\n<li>\n<p data-path-to-node=\"12,2,0\"><b data-path-to-node=\"12,2,0\" data-index-in-node=\"0\">Peso:<\/b> 22g.<\/p>\n<\/li>\n<li>\n<p data-path-to-node=\"12,3,0\"><b data-path-to-node=\"12,3,0\" data-index-in-node=\"0\">Dura\u00e7\u00e3o da bateria:<\/b> 8 a 12 horas de intermit\u00eancia ativa.<\/p>\n<\/li>\n<li>\n<p data-path-to-node=\"12,4,0\"><b data-path-to-node=\"12,4,0\" data-index-in-node=\"0\">Tipo de Bateria:<\/b> 2 pilhas CR2032 (inclu\u00eddas e substitu\u00edveis).<\/p>\n<\/li>\n<li>\n<p data-path-to-node=\"12,5,0\"><b data-path-to-node=\"12,5,0\" data-index-in-node=\"0\">Personaliza\u00e7\u00e3o:<\/b> Impress\u00e3o de logotipo de alta precis\u00e3o no m\u00f3dulo de LED.<\/p>\n<\/li>\n<\/ul>\n<h2 data-path-to-node=\"13\">Casos de uso<\/h2>\n<ul data-path-to-node=\"14\">\n<li>\n<p data-path-to-node=\"14,0,0\"><b data-path-to-node=\"14,0,0\" data-index-in-node=\"0\">Boates e festas VIP:<\/b> Melhorar o ambiente da pista de dan\u00e7a e aumentar o envolvimento dos convidados.<\/p>\n<\/li>\n<li>\n<p data-path-to-node=\"14,1,0\"><b data-path-to-node=\"14,1,0\" data-index-in-node=\"0\">Festivais de M\u00fasica:<\/b> Uma forma econ\u00f4mica de criar um espet\u00e1culo de luzes massivo e interativo para a multid\u00e3o.<\/p>\n<\/li>\n<li>\n<p data-path-to-node=\"14,2,0\"><b data-path-to-node=\"14,2,0\" data-index-in-node=\"0\">Concertos e turn\u00eas:<\/b> Fortalecer a conex\u00e3o entre o artista e o p\u00fablico atrav\u00e9s da luz.<\/p>\n<\/li>\n<li>\n<p data-path-to-node=\"14,3,0\"><b data-path-to-node=\"14,3,0\" data-index-in-node=\"0\">Jantares de Gala Corporativos:<\/b> Adicionando um elemento interativo e de alta tecnologia \u00e0s cerim\u00f4nias de premia\u00e7\u00e3o e apresenta\u00e7\u00f5es.<\/p>\n<\/li>\n<\/ul>\n<p data-path-to-node=\"15\">","protected":false},"excerpt":{"rendered":"<ul>\n<li>\n<p data-path-to-node=\"7,0,0\"><b data-path-to-node=\"7,0,0\" data-index-in-node=\"0\">Tecnologia de sincroniza\u00e7\u00e3o de m\u00fasica:<\/b> Sensores ac\u00fasticos integrados permitem que os LEDs pisquem em perfeita harmonia com a batida ambiente ou o ru\u00eddo da multid\u00e3o.<\/p>\n<\/li>\n<li>\n<p data-path-to-node=\"7,1,0\"><b data-path-to-node=\"7,1,0\" data-index-in-node=\"0\">Opera\u00e7\u00e3o Aut\u00f4noma:<\/b> Sem necessidade de controladores ou controles remotos \u2014 um show de luzes independente que reage instantaneamente ao ambiente.<\/p>\n<\/li>\n<li>\n<p data-path-to-node=\"7,2,0\"><b data-path-to-node=\"7,2,0\" data-index-in-node=\"0\">Leve e dur\u00e1vel:<\/b> Design confort\u00e1vel de 22g com revestimento em ABS de alto impacto, perfeito para festivais e shows que duram a noite toda.<\/p>\n<\/li>\n<li>\n<p data-path-to-node=\"7,3,0\"><b data-path-to-node=\"7,3,0\" data-index-in-node=\"0\">Identidade Visual de Alto Impacto:<\/b> \u00c1rea de impress\u00e3o dedicada para aplica\u00e7\u00e3o de logotipos corporativos vibrantes em uma ou v\u00e1rias cores.<\/p>\n<\/li>\n<\/ul>","protected":false},"featured_media":6003,"comment_status":"closed","ping_status":"closed","template":"","meta":[],"product_brand":[],"product_cat":[80],"product_tag":[],"class_list":{"0":"post-4979","1":"product","2":"type-product","3":"status-publish","4":"has-post-thumbnail","6":"product_cat-led-wristbands","8":"first","9":"instock","10":"shipping-taxable","11":"purchasable","12":"product-type-simple"},"_links":{"self":[{"href":"https:\/\/displayproducts.eu\/pt\/wp-json\/wp\/v2\/product\/4979","targetHints":{"allow":["GET"]}}],"collection":[{"href":"https:\/\/displayproducts.eu\/pt\/wp-json\/wp\/v2\/product"}],"about":[{"href":"https:\/\/displayproducts.eu\/pt\/wp-json\/wp\/v2\/types\/product"}],"replies":[{"embeddable":true,"href":"https:\/\/displayproducts.eu\/pt\/wp-json\/wp\/v2\/comments?post=4979"}],"wp:featuredmedia":[{"embeddable":true,"href":"https:\/\/displayproducts.eu\/pt\/wp-json\/wp\/v2\/media\/6003"}],"wp:attachment":[{"href":"https:\/\/displayproducts.eu\/pt\/wp-json\/wp\/v2\/media?parent=4979"}],"wp:term":[{"taxonomy":"product_brand","embeddable":true,"href":"https:\/\/displayproducts.eu\/pt\/wp-json\/wp\/v2\/product_brand?post=4979"},{"taxonomy":"product_cat","embeddable":true,"href":"https:\/\/displayproducts.eu\/pt\/wp-json\/wp\/v2\/product_cat?post=4979"},{"taxonomy":"product_tag","embeddable":true,"href":"https:\/\/displayproducts.eu\/pt\/wp-json\/wp\/v2\/product_tag?post=4979"}],"curies":[{"name":"wp","href":"https:\/\/api.w.org\/{rel}","templated":true}]}}