{"id":4966,"date":"2025-10-06T14:11:43","date_gmt":"2025-10-06T11:11:43","guid":{"rendered":"https:\/\/wristbandfactory.eu\/?post_type=product&#038;p=4966"},"modified":"2026-04-01T21:52:35","modified_gmt":"2026-04-01T18:52:35","slug":"custom-rfid-fabric-wristbands","status":"publish","type":"product","link":"https:\/\/displayproducts.eu\/pt\/p\/custom-rfid-fabric-wristbands\/","title":{"rendered":"Pulseiras de tecido RFID"},"content":{"rendered":"<p data-path-to-node=\"10\">Simplifique as opera\u00e7\u00f5es do seu evento com o nosso <b data-path-to-node=\"10\" data-index-in-node=\"67\">Pulseiras de tecido RFID<\/b>, o padr\u00e3o da ind\u00fastria para festivais sem dinheiro em esp\u00e9cie e locais de alta seguran\u00e7a. O design cl\u00e1ssico combina uma pulseira macia de poli\u00e9ster tran\u00e7ado ou acetinado com uma estrutura robusta <b data-path-to-node=\"10\" data-index-in-node=\"250\">Deslizante inteligente de PVC<\/b> que protege o chip RFID contra \u00e1gua e impactos.<\/p>\n<p data-path-to-node=\"11\"><b data-path-to-node=\"11\" data-index-in-node=\"0\">Precisa de uma atualiza\u00e7\u00e3o Premium?<\/b> Embora o modelo deslizante em PVC seja a nossa op\u00e7\u00e3o mais popular e econ\u00f4mica, tamb\u00e9m oferecemos <b data-path-to-node=\"11\" data-index-in-node=\"106\">Tecnologia RFID integrada<\/b>. Nesta vers\u00e3o premium, o chip \u00e9 selado hermeticamente diretamente dentro das camadas de tecido, criando uma pulseira completamente lisa e sem folgas, com a mesma sensa\u00e7\u00e3o de uma pulseira de tecido comum. <i data-path-to-node=\"11\" data-index-in-node=\"316\">Entre em contato com nossa equipe para solicitar o modelo Embedded \/ Chip-in-Band.<\/i><\/p>\n<p data-path-to-node=\"12\">Ambas as vers\u00f5es oferecem <b data-path-to-node=\"12\" data-index-in-node=\"20\">duas superf\u00edcies de marca distintas<\/b>Impress\u00e3o por sublima\u00e7\u00e3o de alta resolu\u00e7\u00e3o na pr\u00f3pria pulseira e (no modelo deslizante) impress\u00e3o personalizada ou grava\u00e7\u00e3o a laser na etiqueta de PVC.<\/p>\n<h2 data-path-to-node=\"13\">Principais caracter\u00edsticas<\/h2>\n<ul data-path-to-node=\"14\">\n<li>\n<p data-path-to-node=\"14,0,0\"><b data-path-to-node=\"14,0,0\" data-index-in-node=\"0\">Op\u00e7\u00f5es vers\u00e1teis:<\/b> Escolha entre o padr\u00e3o <b data-path-to-node=\"14,0,0\" data-index-in-node=\"47\">Deslizador de PVC r\u00edgido<\/b> (para m\u00e1xima durabilidade) ou o <b data-path-to-node=\"14,0,0\" data-index-in-node=\"95\">Tecido Inteligente Incorporado<\/b> (para m\u00e1ximo conforto).<\/p>\n<\/li>\n<li>\n<p data-path-to-node=\"14,1,0\"><b data-path-to-node=\"14,1,0\" data-index-in-node=\"0\">Digitaliza\u00e7\u00e3o confi\u00e1vel:<\/b> Antenas de alta qualidade garantem leitura r\u00e1pida em port\u00f5es e cancelas, independentemente do modelo.<\/p>\n<\/li>\n<li>\n<p data-path-to-node=\"14,2,0\"><b data-path-to-node=\"14,2,0\" data-index-in-node=\"0\">Flexibilidade do chip:<\/b> Compat\u00edvel com chips Mifare 1K, NTAG213, I-CODE SLIX e UHF para se adequar ao seu sistema.<\/p>\n<\/li>\n<li>\n<p data-path-to-node=\"14,3,0\"><b data-path-to-node=\"14,3,0\" data-index-in-node=\"0\">Fechaduras inviol\u00e1veis:<\/b> Fechos deslizantes unidirecionais de seguran\u00e7a garantem que a pulseira n\u00e3o possa ser transferida entre os convidados.<\/p>\n<\/li>\n<\/ul>\n<h2 data-path-to-node=\"15\">Especifica\u00e7\u00f5es<\/h2>\n<ul data-path-to-node=\"16\">\n<li>\n<p data-path-to-node=\"16,0,0\"><b data-path-to-node=\"16,0,0\" data-index-in-node=\"0\">Material da banda:<\/b> Poli\u00e9ster (sublima\u00e7\u00e3o ou tecido)<\/p>\n<\/li>\n<li>\n<p data-path-to-node=\"16,1,0\"><b data-path-to-node=\"16,1,0\" data-index-in-node=\"0\">Modelo padr\u00e3o:<\/b> Etiqueta deslizante de PVC (35x25mm)<\/p>\n<\/li>\n<li>\n<p data-path-to-node=\"16,2,0\"><b data-path-to-node=\"16,2,0\" data-index-in-node=\"0\">Modelo Premium:<\/b> Chip embutido (invis\u00edvel)<\/p>\n<\/li>\n<li>\n<p data-path-to-node=\"16,3,0\"><b data-path-to-node=\"16,3,0\" data-index-in-node=\"0\">Frequ\u00eancia do chip:<\/b> 13,56 MHz (HF) \/ 860-960 MHz (UHF)<\/p>\n<\/li>\n<li>\n<p data-path-to-node=\"16,4,0\"><b data-path-to-node=\"16,4,0\" data-index-in-node=\"0\">Impress\u00e3o:<\/b> CMYK em cores<\/p>\n<\/li>\n<li>\n<p data-path-to-node=\"16,5,0\"><b data-path-to-node=\"16,5,0\" data-index-in-node=\"0\">Imperme\u00e1vel:<\/b> Sim (IP68)<\/p>\n<\/li>\n<\/ul>\n<h2 data-path-to-node=\"17\">Casos de uso<\/h2>\n<ul data-path-to-node=\"18\">\n<li>\n<p data-path-to-node=\"18,0,0\"><b data-path-to-node=\"18,0,0\" data-index-in-node=\"0\">Festivais de M\u00fasica:<\/b> A entrada r\u00e1pida e os pagamentos sem dinheiro reduzem as filas e aumentam a receita do bar.<\/p>\n<\/li>\n<li>\n<p data-path-to-node=\"18,1,0\"><b data-path-to-node=\"18,1,0\" data-index-in-node=\"0\">Acesso VIP:<\/b> Use o <b data-path-to-node=\"18,1,0\" data-index-in-node=\"20\">Integrado<\/b> Vers\u00e3o para h\u00f3spedes VIP que esperam um n\u00edvel superior de conforto e exclusividade.<\/p>\n<\/li>\n<li>\n<p data-path-to-node=\"18,2,0\"><b data-path-to-node=\"18,2,0\" data-index-in-node=\"0\">Parques aqu\u00e1ticos:<\/b> Constru\u00e7\u00e3o dur\u00e1vel que resiste ao cloro e \u00e0 submers\u00e3o completa.<\/p>\n<\/li>\n<li>\n<p data-path-to-node=\"18,3,0\"><b data-path-to-node=\"18,3,0\" data-index-in-node=\"0\">Ativa\u00e7\u00f5es de marca:<\/b> \u201cToque para se conectar com as redes sociais ou desbloquear conte\u00fado digital.<\/p>\n<\/li>\n<\/ul>","protected":false},"excerpt":{"rendered":"<ul>\n<li>\n<p data-path-to-node=\"9,0,0\"><b data-path-to-node=\"9,0,0\" data-index-in-node=\"0\">Tecnologia Smart Slider:<\/b> O modelo padr\u00e3o apresenta uma etiqueta de PVC resistente que abriga o chip RFID para uma leitura confi\u00e1vel.<\/p>\n<\/li>\n<li>\n<p data-path-to-node=\"9,1,0\"><b data-path-to-node=\"9,1,0\" data-index-in-node=\"0\">Op\u00e7\u00e3o Premium Dispon\u00edvel:<\/b> Procura um visual mais elegante? Pergunte sobre os nossos produtos. <b data-path-to-node=\"9,1,0\" data-index-in-node=\"68\">\u201cChip-in-Band\u201d<\/b> Solu\u00e7\u00e3o em que o chip fica escondido dentro do tecido.<\/p>\n<\/li>\n<li>\n<p data-path-to-node=\"9,2,0\"><b data-path-to-node=\"9,2,0\" data-index-in-node=\"0\">Preparado para pagamentos sem dinheiro:<\/b> Os chips integrados (Mifare, NTAG) permitem pagamentos r\u00e1pidos &quot;Tap &amp; Go&quot; e controle de acesso.<\/p>\n<\/li>\n<li>\n<p data-path-to-node=\"9,3,0\"><b data-path-to-node=\"9,3,0\" data-index-in-node=\"0\">Alta seguran\u00e7a:<\/b> Dentes de travamento seguros impedem fraudes em transfer\u00eancias e bilhetes.<\/p>\n<\/li>\n<\/ul>","protected":false},"featured_media":5933,"comment_status":"closed","ping_status":"closed","template":"","meta":[],"product_brand":[],"product_cat":[47,81,88],"product_tag":[],"class_list":{"0":"post-4966","1":"product","2":"type-product","3":"status-publish","4":"has-post-thumbnail","6":"product_cat-fabric-wristbands","7":"product_cat-rfid","8":"product_cat-smart-wristbands","10":"first","11":"instock","12":"shipping-taxable","13":"purchasable","14":"product-type-simple"},"_links":{"self":[{"href":"https:\/\/displayproducts.eu\/pt\/wp-json\/wp\/v2\/product\/4966","targetHints":{"allow":["GET"]}}],"collection":[{"href":"https:\/\/displayproducts.eu\/pt\/wp-json\/wp\/v2\/product"}],"about":[{"href":"https:\/\/displayproducts.eu\/pt\/wp-json\/wp\/v2\/types\/product"}],"replies":[{"embeddable":true,"href":"https:\/\/displayproducts.eu\/pt\/wp-json\/wp\/v2\/comments?post=4966"}],"wp:featuredmedia":[{"embeddable":true,"href":"https:\/\/displayproducts.eu\/pt\/wp-json\/wp\/v2\/media\/5933"}],"wp:attachment":[{"href":"https:\/\/displayproducts.eu\/pt\/wp-json\/wp\/v2\/media?parent=4966"}],"wp:term":[{"taxonomy":"product_brand","embeddable":true,"href":"https:\/\/displayproducts.eu\/pt\/wp-json\/wp\/v2\/product_brand?post=4966"},{"taxonomy":"product_cat","embeddable":true,"href":"https:\/\/displayproducts.eu\/pt\/wp-json\/wp\/v2\/product_cat?post=4966"},{"taxonomy":"product_tag","embeddable":true,"href":"https:\/\/displayproducts.eu\/pt\/wp-json\/wp\/v2\/product_tag?post=4966"}],"curies":[{"name":"wp","href":"https:\/\/api.w.org\/{rel}","templated":true}]}}