{"id":4277,"date":"2025-06-05T15:54:38","date_gmt":"2025-06-05T12:54:38","guid":{"rendered":"https:\/\/wristbandfactory.eu\/?post_type=product&#038;p=4277"},"modified":"2026-04-01T21:52:35","modified_gmt":"2026-04-01T18:52:35","slug":"extra-large-reusable-event-cups-900ml","status":"publish","type":"product","link":"https:\/\/displayproducts.eu\/pt\/p\/extra-large-reusable-event-cups-900ml\/","title":{"rendered":"Copos reutiliz\u00e1veis extragrandes para eventos (900ml)"},"content":{"rendered":"<p data-path-to-node=\"8\">Quando um copo comum n\u00e3o \u00e9 suficiente, nosso copo reutiliz\u00e1vel extragrande de 900 ml \u00e9 a solu\u00e7\u00e3o ideal. Projetado especificamente para locais onde grandes volumes de bebidas e menor frequ\u00eancia de reabastecimento s\u00e3o essenciais, este copo \u00e9 perfeito para arenas esportivas, festivais ao ar livre movimentados e campanhas de sa\u00fade.<\/p>\n<p data-path-to-node=\"9\">Ao oferecer uma capacidade significativamente maior do que os copos padr\u00e3o de 500ml, o modelo Malsuk de 900ml melhora a efici\u00eancia do servi\u00e7o e aumenta a conveni\u00eancia para o usu\u00e1rio.<\/p>\n<p data-path-to-node=\"10\">Fabricado em pl\u00e1stico PP (polipropileno) flex\u00edvel e dur\u00e1vel, este copo foi projetado para uso confi\u00e1vel e de longa dura\u00e7\u00e3o. Possui certifica\u00e7\u00e3o livre de BPA e um acabamento limpo e semitransparente.<\/p>\n<p data-path-to-node=\"11\">Essa capacidade extragrande tamb\u00e9m oferece uma oportunidade extragrande para a sua marca. O copo possui uma \u00e1rea de impress\u00e3o enorme de 270 x 70 mm, permitindo que seu logotipo ou mensagem da campanha seja exibido com destaque usando serigrafia de 1 cor.<\/p>\n<p data-path-to-node=\"12\"><b>Principais caracter\u00edsticas:<\/b><\/p>\n<ul data-path-to-node=\"13\">\n<li>\n<p data-path-to-node=\"13,0,0\"><b>Capacidade extra grande de 900 ml:<\/b> Ideal para servir bebidas maiores e minimizar as reposi\u00e7\u00f5es em eventos com grande fluxo de pessoas.<\/p>\n<\/li>\n<li>\n<p data-path-to-node=\"13,1,0\"><b>Material dur\u00e1vel e flex\u00edvel:<\/b> Fabricado em pl\u00e1stico PP dur\u00e1vel e reutiliz\u00e1vel.<\/p>\n<\/li>\n<li>\n<p data-path-to-node=\"13,2,0\"><b>Seguro para a sa\u00fade:<\/b> Certificado como livre de BPA (100%).<\/p>\n<\/li>\n<li>\n<p data-path-to-node=\"13,3,0\"><b>Acabamento semitransparente:<\/b> Oferece um visual limpo e moderno, mantendo o conte\u00fado vis\u00edvel.<\/p>\n<\/li>\n<li>\n<p data-path-to-node=\"13,4,0\"><b>\u00c1rea de impress\u00e3o enorme:<\/b> Oferece uma \u00e1rea de 270 x 70 mm para serigrafia de alto impacto em 1 cor.<\/p>\n<\/li>\n<\/ul>","protected":false},"excerpt":{"rendered":"<ul data-path-to-node=\"7\">\n<li>\n<p data-path-to-node=\"7,0,0\">A capacidade extragrande de 900ml reduz a frequ\u00eancia de recargas em locais amplos.<\/p>\n<\/li>\n<li>\n<p data-path-to-node=\"7,1,0\">Fabricado em pl\u00e1stico PP flex\u00edvel, dur\u00e1vel e livre de BPA.<\/p>\n<\/li>\n<li>\n<p data-path-to-node=\"7,2,0\">Apresenta um acabamento limpo e semitransparente.<\/p>\n<\/li>\n<li>\n<p data-path-to-node=\"7,3,0\">Ampla \u00e1rea de impress\u00e3o de 270 x 70 mm para serigrafia de 1 cor.<\/p>\n<\/li>\n<\/ul>","protected":false},"featured_media":6493,"comment_status":"closed","ping_status":"closed","template":"","meta":[],"product_brand":[],"product_cat":[111],"product_tag":[],"class_list":{"0":"post-4277","1":"product","2":"type-product","3":"status-publish","4":"has-post-thumbnail","6":"product_cat-reusable-event-cups","8":"first","9":"instock","10":"shipping-taxable","11":"purchasable","12":"product-type-simple"},"_links":{"self":[{"href":"https:\/\/displayproducts.eu\/pt\/wp-json\/wp\/v2\/product\/4277","targetHints":{"allow":["GET"]}}],"collection":[{"href":"https:\/\/displayproducts.eu\/pt\/wp-json\/wp\/v2\/product"}],"about":[{"href":"https:\/\/displayproducts.eu\/pt\/wp-json\/wp\/v2\/types\/product"}],"replies":[{"embeddable":true,"href":"https:\/\/displayproducts.eu\/pt\/wp-json\/wp\/v2\/comments?post=4277"}],"wp:featuredmedia":[{"embeddable":true,"href":"https:\/\/displayproducts.eu\/pt\/wp-json\/wp\/v2\/media\/6493"}],"wp:attachment":[{"href":"https:\/\/displayproducts.eu\/pt\/wp-json\/wp\/v2\/media?parent=4277"}],"wp:term":[{"taxonomy":"product_brand","embeddable":true,"href":"https:\/\/displayproducts.eu\/pt\/wp-json\/wp\/v2\/product_brand?post=4277"},{"taxonomy":"product_cat","embeddable":true,"href":"https:\/\/displayproducts.eu\/pt\/wp-json\/wp\/v2\/product_cat?post=4277"},{"taxonomy":"product_tag","embeddable":true,"href":"https:\/\/displayproducts.eu\/pt\/wp-json\/wp\/v2\/product_tag?post=4277"}],"curies":[{"name":"wp","href":"https:\/\/api.w.org\/{rel}","templated":true}]}}