{"id":4271,"date":"2025-06-05T15:43:08","date_gmt":"2025-06-05T12:43:08","guid":{"rendered":"https:\/\/wristbandfactory.eu\/?post_type=product&#038;p=4271"},"modified":"2026-04-01T21:52:35","modified_gmt":"2026-04-01T18:52:35","slug":"reusable-event-cups-600ml","status":"publish","type":"product","link":"https:\/\/displayproducts.eu\/pt\/p\/reusable-event-cups-600ml\/","title":{"rendered":"Copos reutiliz\u00e1veis para eventos (600ml)"},"content":{"rendered":"<p data-path-to-node=\"8\">V\u00e1 al\u00e9m do tamanho padr\u00e3o de 500 ml com o nosso copo reutiliz\u00e1vel para eventos de 600 ml. Este copo foi especialmente desenvolvido para ambientes de grande circula\u00e7\u00e3o, como festivais, est\u00e1dios e shows de grande porte, onde reduzir a frequ\u00eancia de reabastecimento \u00e9 fundamental para agilizar o atendimento e aumentar a satisfa\u00e7\u00e3o do p\u00fablico.<\/p>\n<p data-path-to-node=\"9\">Fabricado em pl\u00e1stico PP (polipropileno) flex\u00edvel e resistente, este copo apresenta um acabamento limpo e semitransparente que combina bem com qualquer identidade visual. Seu volume maior oferece mais praticidade para os participantes em eventos ao ar livre com grande p\u00fablico.<\/p>\n<p data-path-to-node=\"10\">Este copo n\u00e3o \u00e9 apenas pr\u00e1tico, mas tamb\u00e9m uma excelente ferramenta de branding. Oferece uma generosa \u00e1rea de impress\u00e3o de 220 x 70 mm para o logotipo da sua empresa ou mensagem da campanha, que pode ser aplicada usando serigrafia dur\u00e1vel em uma \u00fanica cor. O material possui certifica\u00e7\u00e3o livre de BPA, garantindo uma solu\u00e7\u00e3o segura e de alta qualidade para o seu evento.<\/p>\n<p data-path-to-node=\"11\"><b>Principais caracter\u00edsticas:<\/b><\/p>\n<ul data-path-to-node=\"12\">\n<li>\n<p data-path-to-node=\"12,0,0\"><b>Capacidade acima do padr\u00e3o de 600ml:<\/b> Oferece maior volume para reduzir a frequ\u00eancia de reposi\u00e7\u00e3o em locais movimentados.<\/p>\n<\/li>\n<li>\n<p data-path-to-node=\"12,1,0\"><b>Material dur\u00e1vel e flex\u00edvel:<\/b> Fabricado em pl\u00e1stico PP reutiliz\u00e1vel e livre de BPA.<\/p>\n<\/li>\n<li>\n<p data-path-to-node=\"12,2,0\"><b>Acabamento semitransparente:<\/b> Oferece uma base limpa e moderna para a sua marca.<\/p>\n<\/li>\n<li>\n<p data-path-to-node=\"12,3,0\"><b>\u00c1rea de impress\u00e3o grande:<\/b> Apresenta uma \u00e1rea de 220 x 70 mm para impress\u00e3o serigr\u00e1fica de 1 cor.<\/p>\n<\/li>\n<li>\n<p data-path-to-node=\"12,4,0\"><b>Solu\u00e7\u00e3o ecol\u00f3gica:<\/b> Uma alternativa reutiliz\u00e1vel aos pl\u00e1sticos descart\u00e1veis, ideal para distribui\u00e7\u00e3o em larga escala.<\/p>\n<\/li>\n<\/ul>\n<p data-path-to-node=\"13\">","protected":false},"excerpt":{"rendered":"<ul>\n<li>\n<p data-path-to-node=\"7,0,0\">Apresenta uma capacidade de 600ml, acima da m\u00e9dia, para reduzir a frequ\u00eancia de reabastecimento.<\/p>\n<\/li>\n<li>\n<p data-path-to-node=\"7,1,0\">Fabricado em pl\u00e1stico PP flex\u00edvel, dur\u00e1vel e livre de BPA.<\/p>\n<\/li>\n<li>\n<p data-path-to-node=\"7,2,0\">O acabamento moderno e semitransparente proporciona um visual limpo.<\/p>\n<\/li>\n<li>\n<p data-path-to-node=\"7,3,0\">Ampla \u00e1rea de impress\u00e3o de 220 x 70 mm para serigrafia de 1 cor.<\/p>\n<\/li>\n<\/ul>","protected":false},"featured_media":6621,"comment_status":"closed","ping_status":"closed","template":"","meta":[],"product_brand":[],"product_cat":[111],"product_tag":[],"class_list":{"0":"post-4271","1":"product","2":"type-product","3":"status-publish","4":"has-post-thumbnail","6":"product_cat-reusable-event-cups","8":"first","9":"instock","10":"shipping-taxable","11":"purchasable","12":"product-type-simple"},"_links":{"self":[{"href":"https:\/\/displayproducts.eu\/pt\/wp-json\/wp\/v2\/product\/4271","targetHints":{"allow":["GET"]}}],"collection":[{"href":"https:\/\/displayproducts.eu\/pt\/wp-json\/wp\/v2\/product"}],"about":[{"href":"https:\/\/displayproducts.eu\/pt\/wp-json\/wp\/v2\/types\/product"}],"replies":[{"embeddable":true,"href":"https:\/\/displayproducts.eu\/pt\/wp-json\/wp\/v2\/comments?post=4271"}],"wp:featuredmedia":[{"embeddable":true,"href":"https:\/\/displayproducts.eu\/pt\/wp-json\/wp\/v2\/media\/6621"}],"wp:attachment":[{"href":"https:\/\/displayproducts.eu\/pt\/wp-json\/wp\/v2\/media?parent=4271"}],"wp:term":[{"taxonomy":"product_brand","embeddable":true,"href":"https:\/\/displayproducts.eu\/pt\/wp-json\/wp\/v2\/product_brand?post=4271"},{"taxonomy":"product_cat","embeddable":true,"href":"https:\/\/displayproducts.eu\/pt\/wp-json\/wp\/v2\/product_cat?post=4271"},{"taxonomy":"product_tag","embeddable":true,"href":"https:\/\/displayproducts.eu\/pt\/wp-json\/wp\/v2\/product_tag?post=4271"}],"curies":[{"name":"wp","href":"https:\/\/api.w.org\/{rel}","templated":true}]}}