{"id":4265,"date":"2025-06-05T15:20:53","date_gmt":"2025-06-05T12:20:53","guid":{"rendered":"https:\/\/wristbandfactory.eu\/?post_type=product&#038;p=4265"},"modified":"2026-04-01T21:52:04","modified_gmt":"2026-04-01T18:52:04","slug":"colored-reusable-event-cups-500ml","status":"publish","type":"product","link":"https:\/\/displayproducts.eu\/pt\/p\/colored-reusable-event-cups-500ml\/","title":{"rendered":"Copos coloridos reutiliz\u00e1veis para eventos (500ml)"},"content":{"rendered":"<p data-path-to-node=\"7\">D\u00ea destaque \u00e0 sua marca em festivais, confer\u00eancias e eventos promocionais movimentados com nossos copos coloridos reutiliz\u00e1veis para eventos. Um copo vibrante proporciona reconhecimento imediato da marca e serve como uma ferramenta sem impress\u00e3o e eficaz para otimizar as opera\u00e7\u00f5es.<\/p>\n<p data-path-to-node=\"8\">Dispon\u00edveis em seis cores vibrantes e semitransparentes (incluindo vermelho, azul e verde), esses copos s\u00e3o perfeitos para combinar com a identidade da sua marca ou para uma codifica\u00e7\u00e3o por cores pr\u00e1tica no seu evento. Use cores diferentes para distinguir zonas de acesso, tipos de bebidas (por exemplo, alco\u00f3licas e n\u00e3o alco\u00f3licas) ou para destacar os diferentes patrocinadores do evento.<\/p>\n<p data-path-to-node=\"9\">Fabricados em pl\u00e1stico PP dur\u00e1vel, flex\u00edvel e leve, estes copos de 500 ml foram concebidos para reutiliza\u00e7\u00e3o. Representam uma alternativa econ\u00f3mica e sustent\u00e1vel aos pl\u00e1sticos descart\u00e1veis. Cada copo possui certifica\u00e7\u00e3o de aus\u00eancia de BPA, garantindo a seguran\u00e7a de todos os participantes.<\/p>\n<p data-path-to-node=\"10\">Personalize seus copos com uma impress\u00e3o serigr\u00e1fica grande e monocrom\u00e1tica (170 x 60 mm) para destacar seu logotipo, mensagem da campanha ou marca do patrocinador. Essa combina\u00e7\u00e3o de cores vibrantes e impress\u00e3o personalizada cria um item promocional memor\u00e1vel e de alta visibilidade.<\/p>\n<p data-path-to-node=\"11\"><b>Principais caracter\u00edsticas:<\/b><\/p>\n<ul data-path-to-node=\"12\">\n<li>\n<p data-path-to-node=\"12,0,0\"><b>Branding de alta visibilidade:<\/b> Dispon\u00edvel em 6 cores vibrantes e semitransparentes para combinar com a identidade da marca.<\/p>\n<\/li>\n<li>\n<p data-path-to-node=\"12,1,0\"><b>Dur\u00e1vel e reutiliz\u00e1vel:<\/b> Fabricado em pl\u00e1stico PP flex\u00edvel, leve e resistente a quebras.<\/p>\n<\/li>\n<li>\n<p data-path-to-node=\"12,2,0\"><b>Material seguro para a sa\u00fade:<\/b> 100% Livre de BPA e adequado para todos os participantes do evento.<\/p>\n<\/li>\n<li>\n<p data-path-to-node=\"12,3,0\"><b>Ferramenta pr\u00e1tica para eventos:<\/b> Ideal para codificar zonas por cores, patrocinadores ou tipos de bebidas.<\/p>\n<\/li>\n<li>\n<p data-path-to-node=\"12,4,0\"><b>Personaliz\u00e1vel:<\/b> Oferece uma grande \u00e1rea de impress\u00e3o de 170 x 60 mm para serigrafia de 1 cor.<\/p>\n<\/li>\n<li>\n<p data-path-to-node=\"12,5,0\"><b>Capacidade padr\u00e3o de 500 ml:<\/b> Tamanho ideal para cerveja, refrigerantes e outras bebidas para eventos.<\/p>\n<\/li>\n<\/ul>","protected":false},"excerpt":{"rendered":"<ul>\n<li>\n<p data-path-to-node=\"6,0,0\">Aumente a visibilidade da sua marca com 6 op\u00e7\u00f5es de cores vibrantes e semitransparentes.<\/p>\n<\/li>\n<li>\n<p data-path-to-node=\"6,1,0\">Ideal para codificar por cores zonas de acesso, tipos de bebidas ou \u00e1reas de patrocinadores.<\/p>\n<\/li>\n<li>\n<p data-path-to-node=\"6,2,0\">Pl\u00e1stico PP dur\u00e1vel, flex\u00edvel e reutiliz\u00e1vel (livre de BPA).<\/p>\n<\/li>\n<li>\n<p data-path-to-node=\"6,3,0\">Personaliz\u00e1vel com impress\u00e3o serigr\u00e1fica de 1 cor (\u00e1rea de 170 x 60 mm).<\/p>\n<\/li>\n<\/ul>","protected":false},"featured_media":6445,"comment_status":"closed","ping_status":"closed","template":"","meta":[],"product_brand":[],"product_cat":[111],"product_tag":[],"class_list":{"0":"post-4265","1":"product","2":"type-product","3":"status-publish","4":"has-post-thumbnail","6":"product_cat-reusable-event-cups","8":"first","9":"instock","10":"shipping-taxable","11":"purchasable","12":"product-type-simple"},"_links":{"self":[{"href":"https:\/\/displayproducts.eu\/pt\/wp-json\/wp\/v2\/product\/4265","targetHints":{"allow":["GET"]}}],"collection":[{"href":"https:\/\/displayproducts.eu\/pt\/wp-json\/wp\/v2\/product"}],"about":[{"href":"https:\/\/displayproducts.eu\/pt\/wp-json\/wp\/v2\/types\/product"}],"replies":[{"embeddable":true,"href":"https:\/\/displayproducts.eu\/pt\/wp-json\/wp\/v2\/comments?post=4265"}],"wp:featuredmedia":[{"embeddable":true,"href":"https:\/\/displayproducts.eu\/pt\/wp-json\/wp\/v2\/media\/6445"}],"wp:attachment":[{"href":"https:\/\/displayproducts.eu\/pt\/wp-json\/wp\/v2\/media?parent=4265"}],"wp:term":[{"taxonomy":"product_brand","embeddable":true,"href":"https:\/\/displayproducts.eu\/pt\/wp-json\/wp\/v2\/product_brand?post=4265"},{"taxonomy":"product_cat","embeddable":true,"href":"https:\/\/displayproducts.eu\/pt\/wp-json\/wp\/v2\/product_cat?post=4265"},{"taxonomy":"product_tag","embeddable":true,"href":"https:\/\/displayproducts.eu\/pt\/wp-json\/wp\/v2\/product_tag?post=4265"}],"curies":[{"name":"wp","href":"https:\/\/api.w.org\/{rel}","templated":true}]}}