{"id":4241,"date":"2025-06-05T15:07:14","date_gmt":"2025-06-05T12:07:14","guid":{"rendered":"https:\/\/wristbandfactory.eu\/?post_type=product&#038;p=4241"},"modified":"2026-04-01T21:52:36","modified_gmt":"2026-04-01T18:52:36","slug":"reusable-event-cups-with-lanyard-hook-500ml","status":"publish","type":"product","link":"https:\/\/displayproducts.eu\/pt\/p\/reusable-event-cups-with-lanyard-hook-500ml\/","title":{"rendered":"Copos reutiliz\u00e1veis para eventos com gancho para cord\u00e3o (500ml)"},"content":{"rendered":"<p data-path-to-node=\"6\">Ofere\u00e7a o m\u00e1ximo de praticidade no seu pr\u00f3ximo festival, feira comercial ou evento ao ar livre com nossos copos reutiliz\u00e1veis para eventos, que possuem um gancho para cord\u00e3o integrado. Este copo de 500 ml \u00e9 a solu\u00e7\u00e3o perfeita para os participantes, permitindo que eles se movimentem com as m\u00e3os livres entre estandes, interajam com outros participantes ou utilizem as instala\u00e7\u00f5es sanit\u00e1rias.<\/p>\n<p data-path-to-node=\"7\">O gancho inovador \u00e9 compat\u00edvel com cord\u00f5es padr\u00e3o, melhorando significativamente a higiene e a experi\u00eancia dos participantes. \u00c9 uma solu\u00e7\u00e3o pr\u00e1tica e inteligente para qualquer evento de grande porte em que os participantes precisem manter as m\u00e3os livres.<\/p>\n<p data-path-to-node=\"8\">Fabricados na Espanha, estes copos s\u00e3o feitos para uso repetido. S\u00e3o produzidos em pl\u00e1stico PP dur\u00e1vel, leve (21 g) e semitransparente, livre de BPA (c\u00f3digo 100%). Os copos podem ser usados no micro-ondas e na lava-lou\u00e7as, garantindo uma limpeza f\u00e1cil e higi\u00eanica, al\u00e9m de um investimento duradouro e sustent\u00e1vel para sua organiza\u00e7\u00e3o. A capacidade total de 500 ml (450 ml de volume \u00fatil) \u00e9 ideal para servir bebidas padr\u00e3o, evitando derramamentos.<\/p>\n<p data-path-to-node=\"9\">Destaque sua marca ou seus patrocinadores com uma impress\u00e3o rotativa serigr\u00e1fica de alto impacto e cobertura total. A grande \u00e1rea de impress\u00e3o de 200 x 65 mm proporciona excelente visibilidade para seu logotipo de 1 cor ou para a identidade visual do seu evento.<\/p>\n<p data-path-to-node=\"10\"><b>Principais caracter\u00edsticas:<\/b><\/p>\n<ul data-path-to-node=\"11\">\n<li>\n<p data-path-to-node=\"11,0,0\"><b>Gancho para cord\u00e3o integrado:<\/b> Proporciona praticidade aos participantes, deixando as m\u00e3os livres; compat\u00edvel com cord\u00f5es de pesco\u00e7o padr\u00e3o.<\/p>\n<\/li>\n<li>\n<p data-path-to-node=\"11,1,0\"><b>Material dur\u00e1vel e seguro:<\/b> Fabricado na Espanha em pl\u00e1stico PP semitransparente; 100% Livre de BPA.<\/p>\n<\/li>\n<li>\n<p data-path-to-node=\"11,2,0\"><b>Higi\u00eanico e reutiliz\u00e1vel:<\/b> Totalmente lav\u00e1vel na m\u00e1quina de lavar lou\u00e7a e pr\u00f3prio para micro-ondas, facilitando a limpeza e o uso prolongado em eventos.<\/p>\n<\/li>\n<li>\n<p data-path-to-node=\"11,3,0\"><b>Leve e resistente:<\/b> Pesa apenas 21 gramas, sendo ideal para distribui\u00e7\u00e3o em larga escala.<\/p>\n<\/li>\n<li>\n<p data-path-to-node=\"11,4,0\"><b>\u00c1rea de impress\u00e3o grande:<\/b> Oferece uma \u00e1rea de impress\u00e3o rotativa serigr\u00e1fica de 1 cor com cobertura total de 200 x 65 mm.<\/p>\n<\/li>\n<li>\n<p data-path-to-node=\"11,5,0\"><b>Capacidade pr\u00e1tica:<\/b> O volume total de 500 ml (450 ml utiliz\u00e1veis) foi projetado para evitar transbordamento.<\/p>\n<\/li>\n<\/ul>","protected":false},"excerpt":{"rendered":"<ul>\n<li>\n<p data-path-to-node=\"5,0,0\">Possui um gancho integrado para cord\u00f5es de pesco\u00e7o \u2013 ideal para uso com as m\u00e3os livres.<\/p>\n<\/li>\n<li>\n<p data-path-to-node=\"5,1,0\">Pl\u00e1stico PP dur\u00e1vel, leve (21g) e semitransparente (livre de BPA).<\/p>\n<\/li>\n<li>\n<p data-path-to-node=\"5,2,0\">Totalmente lav\u00e1vel na m\u00e1quina de lavar lou\u00e7a e pr\u00f3prio para uso no micro-ondas, garantindo higiene e reutiliza\u00e7\u00e3o a longo prazo.<\/p>\n<\/li>\n<li>\n<p data-path-to-node=\"5,3,0\">Ampla \u00e1rea de impress\u00e3o de 200 x 65 mm para serigrafia rotativa de 1 cor.<\/p>\n<\/li>\n<\/ul>","protected":false},"featured_media":6628,"comment_status":"closed","ping_status":"closed","template":"","meta":[],"product_brand":[],"product_cat":[111],"product_tag":[],"class_list":{"0":"post-4241","1":"product","2":"type-product","3":"status-publish","4":"has-post-thumbnail","6":"product_cat-reusable-event-cups","8":"first","9":"instock","10":"shipping-taxable","11":"purchasable","12":"product-type-simple"},"_links":{"self":[{"href":"https:\/\/displayproducts.eu\/pt\/wp-json\/wp\/v2\/product\/4241","targetHints":{"allow":["GET"]}}],"collection":[{"href":"https:\/\/displayproducts.eu\/pt\/wp-json\/wp\/v2\/product"}],"about":[{"href":"https:\/\/displayproducts.eu\/pt\/wp-json\/wp\/v2\/types\/product"}],"replies":[{"embeddable":true,"href":"https:\/\/displayproducts.eu\/pt\/wp-json\/wp\/v2\/comments?post=4241"}],"wp:featuredmedia":[{"embeddable":true,"href":"https:\/\/displayproducts.eu\/pt\/wp-json\/wp\/v2\/media\/6628"}],"wp:attachment":[{"href":"https:\/\/displayproducts.eu\/pt\/wp-json\/wp\/v2\/media?parent=4241"}],"wp:term":[{"taxonomy":"product_brand","embeddable":true,"href":"https:\/\/displayproducts.eu\/pt\/wp-json\/wp\/v2\/product_brand?post=4241"},{"taxonomy":"product_cat","embeddable":true,"href":"https:\/\/displayproducts.eu\/pt\/wp-json\/wp\/v2\/product_cat?post=4241"},{"taxonomy":"product_tag","embeddable":true,"href":"https:\/\/displayproducts.eu\/pt\/wp-json\/wp\/v2\/product_tag?post=4241"}],"curies":[{"name":"wp","href":"https:\/\/api.w.org\/{rel}","templated":true}]}}