{"id":4229,"date":"2025-06-05T14:14:57","date_gmt":"2025-06-05T11:14:57","guid":{"rendered":"https:\/\/wristbandfactory.eu\/?post_type=product&#038;p=4229"},"modified":"2026-04-01T21:52:36","modified_gmt":"2026-04-01T18:52:36","slug":"digital-printed-reusable-cups-360-wrap","status":"publish","type":"product","link":"https:\/\/displayproducts.eu\/pt\/p\/digital-printed-reusable-cups-360-wrap\/","title":{"rendered":"Copos reutiliz\u00e1veis com impress\u00e3o digital (envolt\u00f3rio de 360\u00b0)"},"content":{"rendered":"<p data-path-to-node=\"11\">Maximize o impacto da sua marca com nossos copos reutiliz\u00e1veis com impress\u00e3o digital. Este copo de 500 ml \u00e9 uma solu\u00e7\u00e3o de branding premium, oferecendo impress\u00e3o digital de alta qualidade em 360\u00b0 que d\u00e1 vida a designs complexos e coloridos, al\u00e9m de logotipos de patrocinadores.<\/p>\n<p data-path-to-node=\"12\">Fabricado em pl\u00e1stico PP dur\u00e1vel e de alta qualidade com um elegante acabamento fosco semitransparente, este copo \u00e9 a escolha perfeita para eventos corporativos sofisticados, lan\u00e7amentos de produtos e festivais onde a apresenta\u00e7\u00e3o da marca \u00e9 fundamental.<\/p>\n<p data-path-to-node=\"13\">Embora sua especialidade seja a impress\u00e3o digital de alto impacto, este copo vers\u00e1til oferece uma gama completa de op\u00e7\u00f5es de personaliza\u00e7\u00e3o para atender a qualquer or\u00e7amento, incluindo serigrafia de uma cor com cobertura total e tampografia precisa em v\u00e1rios locais para logotipos menores.<\/p>\n<p data-path-to-node=\"14\">Sendo uma solu\u00e7\u00e3o empilh\u00e1vel, leve e ecologicamente correta, fabricada na Europa, ela n\u00e3o s\u00f3 reduz o desperd\u00edcio de pl\u00e1stico, como tamb\u00e9m serve como uma lembran\u00e7a memor\u00e1vel e de alta qualidade que representa sua marca de forma impactante.<\/p>\n<p data-path-to-node=\"15\"><b>Principais caracter\u00edsticas:<\/b><\/p>\n<ul data-path-to-node=\"16\">\n<li>\n<p data-path-to-node=\"16,0,0\"><b>Impress\u00e3o digital premium em 360\u00b0:<\/b> Oferece impress\u00e3o cont\u00ednua e em toda a superf\u00edcie (270 x 116 mm) para gr\u00e1ficos complexos e coloridos.<\/p>\n<\/li>\n<li>\n<p data-path-to-node=\"16,1,0\"><b>Op\u00e7\u00f5es de impress\u00e3o vers\u00e1teis:<\/b> Tamb\u00e9m suporta serigrafia de 1 cor e tampografia em v\u00e1rios locais para necessidades de personaliza\u00e7\u00e3o mais sem impress\u00e3o.<\/p>\n<\/li>\n<li>\n<p data-path-to-node=\"16,2,0\"><b>Copo resistente de 500ml:<\/b> Fabricado em pl\u00e1stico PP reutiliz\u00e1vel de alta qualidade, ideal para servir bebidas.<\/p>\n<\/li>\n<li>\n<p data-path-to-node=\"16,3,0\"><b>Acabamento fosco elegante:<\/b> Apresenta um acabamento fosco moderno e semitransparente que real\u00e7a a identidade visual da marca.<\/p>\n<\/li>\n<li>\n<p data-path-to-node=\"16,4,0\"><b>Produ\u00e7\u00e3o europeia:<\/b> Garante o cumprimento de elevados padr\u00f5es de seguran\u00e7a e qualidade.<\/p>\n<\/li>\n<\/ul>","protected":false},"excerpt":{"rendered":"<ul data-path-to-node=\"10\">\n<li>\n<p data-path-to-node=\"10,0,0\">Impress\u00e3o digital premium de 360\u00b0 com cobertura total para designs complexos e fotorrealistas.<\/p>\n<\/li>\n<li>\n<p data-path-to-node=\"10,1,0\">Frasco de pl\u00e1stico PP reutiliz\u00e1vel e resistente de 500ml com um moderno acabamento fosco semitransparente.<\/p>\n<\/li>\n<li>\n<p data-path-to-node=\"10,2,0\">Dispon\u00edveis diversas t\u00e9cnicas de impress\u00e3o, desde impress\u00e3o digital completa at\u00e9 serigrafia ou tampografia de 1 cor.<\/p>\n<\/li>\n<li>\n<p data-path-to-node=\"10,3,0\">Fabricado na Europa, garantindo elevados padr\u00f5es de qualidade e seguran\u00e7a.<\/p>\n<\/li>\n<\/ul>","protected":false},"featured_media":6494,"comment_status":"closed","ping_status":"closed","template":"","meta":[],"product_brand":[],"product_cat":[111],"product_tag":[],"class_list":{"0":"post-4229","1":"product","2":"type-product","3":"status-publish","4":"has-post-thumbnail","6":"product_cat-reusable-event-cups","8":"first","9":"instock","10":"shipping-taxable","11":"purchasable","12":"product-type-simple"},"_links":{"self":[{"href":"https:\/\/displayproducts.eu\/pt\/wp-json\/wp\/v2\/product\/4229","targetHints":{"allow":["GET"]}}],"collection":[{"href":"https:\/\/displayproducts.eu\/pt\/wp-json\/wp\/v2\/product"}],"about":[{"href":"https:\/\/displayproducts.eu\/pt\/wp-json\/wp\/v2\/types\/product"}],"replies":[{"embeddable":true,"href":"https:\/\/displayproducts.eu\/pt\/wp-json\/wp\/v2\/comments?post=4229"}],"wp:featuredmedia":[{"embeddable":true,"href":"https:\/\/displayproducts.eu\/pt\/wp-json\/wp\/v2\/media\/6494"}],"wp:attachment":[{"href":"https:\/\/displayproducts.eu\/pt\/wp-json\/wp\/v2\/media?parent=4229"}],"wp:term":[{"taxonomy":"product_brand","embeddable":true,"href":"https:\/\/displayproducts.eu\/pt\/wp-json\/wp\/v2\/product_brand?post=4229"},{"taxonomy":"product_cat","embeddable":true,"href":"https:\/\/displayproducts.eu\/pt\/wp-json\/wp\/v2\/product_cat?post=4229"},{"taxonomy":"product_tag","embeddable":true,"href":"https:\/\/displayproducts.eu\/pt\/wp-json\/wp\/v2\/product_tag?post=4229"}],"curies":[{"name":"wp","href":"https:\/\/api.w.org\/{rel}","templated":true}]}}