{"id":4202,"date":"2025-06-05T13:39:24","date_gmt":"2025-06-05T10:39:24","guid":{"rendered":"https:\/\/wristbandfactory.eu\/?post_type=product&#038;p=4202"},"modified":"2026-04-01T21:52:04","modified_gmt":"2026-04-01T18:52:04","slug":"standard-reusable-event-cups-500ml","status":"publish","type":"product","link":"https:\/\/displayproducts.eu\/pt\/p\/standard-reusable-event-cups-500ml\/","title":{"rendered":"Copos padr\u00e3o reutiliz\u00e1veis para eventos (500ml)"},"content":{"rendered":"<p data-path-to-node=\"8\">Este copo reutiliz\u00e1vel padr\u00e3o de 500 ml \u00e9 a solu\u00e7\u00e3o ideal e econ\u00f4mica para eventos de grande escala, festivais e campanhas promocionais. Ele foi projetado para organiza\u00e7\u00f5es que buscam uma alternativa dur\u00e1vel, sustent\u00e1vel e com alta capacidade de personaliza\u00e7\u00e3o da marca em rela\u00e7\u00e3o aos pl\u00e1sticos descart\u00e1veis, sem a necessidade de uma configura\u00e7\u00e3o complexa.<\/p>\n<p data-path-to-node=\"9\">Fabricado na Europa com pl\u00e1stico PP resistente de parede sem impress\u00e3o, este copo \u00e9 leve, mas robusto o suficiente para suportar ambientes de eventos movimentados. Sua capacidade de 500 ml \u00e9 ideal para servir a maioria das bebidas. O design minimalista oferece uma base limpa para a sua marca.<\/p>\n<p data-path-to-node=\"10\">Este copo foi otimizado para personaliza\u00e7\u00e3o acess\u00edvel e n\u00edtida em uma \u00fanica cor. Oferecemos impress\u00e3o tampogr\u00e1fica e serigr\u00e1fica para exibir seu logotipo ou mensagem do evento com efic\u00e1cia.<\/p>\n<p data-path-to-node=\"11\">O material possui certifica\u00e7\u00e3o de aus\u00eancia de BPA, garantindo a seguran\u00e7a de todos os participantes. Por ser um produto reutiliz\u00e1vel e fabricado na Europa, \u00e9 uma escolha confi\u00e1vel e ecologicamente consciente para qualquer evento.<\/p>\n<p data-path-to-node=\"12\"><b>Principais caracter\u00edsticas:<\/b><\/p>\n<ul data-path-to-node=\"13\">\n<li>\n<p data-path-to-node=\"13,0,0\"><b>Identidade visual com boa rela\u00e7\u00e3o custo-benef\u00edcio:<\/b> Otimizado para impress\u00e3o tampogr\u00e1fica ou serigr\u00e1fica de 1 cor a pre\u00e7os acess\u00edveis.<\/p>\n<\/li>\n<li>\n<p data-path-to-node=\"13,1,0\"><b>Capacidade padr\u00e3o de 500 ml:<\/b> O tamanho perfeito e vers\u00e1til para festivais, eventos corporativos e promo\u00e7\u00f5es.<\/p>\n<\/li>\n<li>\n<p data-path-to-node=\"13,2,0\"><b>Dur\u00e1vel e leve:<\/b> Fabricado em pl\u00e1stico PP resistente de parede sem impress\u00e3o, ideal para distribui\u00e7\u00e3o em larga escala.<\/p>\n<\/li>\n<li>\n<p data-path-to-node=\"13,3,0\"><b>Seguro e sustent\u00e1vel:<\/b> Certificado como livre de BPA e fabricado na Europa segundo elevados padr\u00f5es de qualidade.<\/p>\n<\/li>\n<li>\n<p data-path-to-node=\"13,4,0\"><b>Solu\u00e7\u00e3o ecol\u00f3gica:<\/b> Uma alternativa dur\u00e1vel e reutiliz\u00e1vel para reduzir o desperd\u00edcio de pl\u00e1stico descart\u00e1vel.<\/p>\n<\/li>\n<\/ul>","protected":false},"excerpt":{"rendered":"<ul>\n<li>\n<p data-path-to-node=\"7,0,0\">Sua op\u00e7\u00e3o mais econ\u00f4mica para pedidos em grande quantidade e eventos de grande porte.<\/p>\n<\/li>\n<li>\n<p data-path-to-node=\"7,1,0\">Ideal para personaliza\u00e7\u00e3o acess\u00edvel em uma cor (impress\u00e3o por tampografia ou serigrafia).<\/p>\n<\/li>\n<li>\n<p data-path-to-node=\"7,2,0\">Pl\u00e1stico PP de parede sem impress\u00e3o, dur\u00e1vel e leve.<\/p>\n<\/li>\n<li>\n<p data-path-to-node=\"7,3,0\">Fabricado na Europa e certificado como livre de BPA.<\/p>\n<\/li>\n<\/ul>","protected":false},"featured_media":6639,"comment_status":"closed","ping_status":"closed","template":"","meta":[],"product_brand":[],"product_cat":[111],"product_tag":[],"class_list":{"0":"post-4202","1":"product","2":"type-product","3":"status-publish","4":"has-post-thumbnail","6":"product_cat-reusable-event-cups","8":"first","9":"instock","10":"shipping-taxable","11":"purchasable","12":"product-type-simple"},"_links":{"self":[{"href":"https:\/\/displayproducts.eu\/pt\/wp-json\/wp\/v2\/product\/4202","targetHints":{"allow":["GET"]}}],"collection":[{"href":"https:\/\/displayproducts.eu\/pt\/wp-json\/wp\/v2\/product"}],"about":[{"href":"https:\/\/displayproducts.eu\/pt\/wp-json\/wp\/v2\/types\/product"}],"replies":[{"embeddable":true,"href":"https:\/\/displayproducts.eu\/pt\/wp-json\/wp\/v2\/comments?post=4202"}],"wp:featuredmedia":[{"embeddable":true,"href":"https:\/\/displayproducts.eu\/pt\/wp-json\/wp\/v2\/media\/6639"}],"wp:attachment":[{"href":"https:\/\/displayproducts.eu\/pt\/wp-json\/wp\/v2\/media?parent=4202"}],"wp:term":[{"taxonomy":"product_brand","embeddable":true,"href":"https:\/\/displayproducts.eu\/pt\/wp-json\/wp\/v2\/product_brand?post=4202"},{"taxonomy":"product_cat","embeddable":true,"href":"https:\/\/displayproducts.eu\/pt\/wp-json\/wp\/v2\/product_cat?post=4202"},{"taxonomy":"product_tag","embeddable":true,"href":"https:\/\/displayproducts.eu\/pt\/wp-json\/wp\/v2\/product_tag?post=4202"}],"curies":[{"name":"wp","href":"https:\/\/api.w.org\/{rel}","templated":true}]}}