{"id":4159,"date":"2025-06-04T23:53:14","date_gmt":"2025-06-04T20:53:14","guid":{"rendered":"https:\/\/wristbandfactory.eu\/?post_type=product&#038;p=4159"},"modified":"2026-04-01T21:52:04","modified_gmt":"2026-04-01T18:52:04","slug":"iml-printed-reusable-event-cups-bpa-free","status":"publish","type":"product","link":"https:\/\/displayproducts.eu\/pt\/p\/iml-printed-reusable-event-cups-bpa-free\/","title":{"rendered":"Copos reutiliz\u00e1veis com impress\u00e3o IML"},"content":{"rendered":"<p data-path-to-node=\"8\"><span class=\"citation-103 citation-end-103\">D\u00ea destaque \u00e0 sua marca e aos seus objetivos de sustentabilidade com nossos copos reutiliz\u00e1veis premium para eventos, com impress\u00e3o IML colorida de alta defini\u00e7\u00e3o. <\/span><span class=\"citation-102 citation-end-102\">Esta \u00e9 a solu\u00e7\u00e3o definitiva para festivais, est\u00e1dios e empresas que buscam uma ferramenta de branding de alto impacto e ecologicamente correta. <\/span><span class=\"citation-101 citation-end-101\">Essa tecnologia transforma um sem impress\u00e3o copo em uma lembran\u00e7a promocional impactante e fotorrealista que os participantes v\u00e3o querer guardar. <\/span><\/p>\n<p data-path-to-node=\"9\">Somos especializados em duas tecnologias de impress\u00e3o internas de alta qualidade para atender \u00e0s necessidades da sua marca:<\/p>\n<ol start=\"1\" data-path-to-node=\"10\">\n<li>\n<p data-path-to-node=\"10,0,1\"><b><span class=\"citation-100\">Impress\u00e3o IML (rotulagem em molde):<\/span><\/b><span class=\"citation-100 citation-end-100\"> Nossa op\u00e7\u00e3o de primeira linha, oferecendo gr\u00e1ficos impressionantes e fotorrealistas que envolvem toda a x\u00edcara. <\/span><span class=\"citation-99 citation-end-99\">Essa tecnologia exclusiva d\u00e1 vida a designs complexos e coloridos com detalhes excepcionais. <\/span><span class=\"citation-98 citation-end-98\">Oferecemos a op\u00e7\u00e3o de um acabamento fosco elegante ou um acabamento transparente cl\u00e1ssico para criar a tela perfeita para a sua marca. <\/span> (Pedido m\u00ednimo: 1.000 unidades)<span class=\"citation-97 citation-end-97\">. <\/span><\/p>\n<\/li>\n<li>\n<p data-path-to-node=\"10,1,1\"><b><span class=\"citation-96\">Serigrafia rotativa:<\/span><\/b><span class=\"citation-96 citation-end-96\"> Uma solu\u00e7\u00e3o altamente dur\u00e1vel e com excelente rela\u00e7\u00e3o custo-benef\u00edcio, perfeita para logotipos vetoriais e designs mais sem impress\u00e3o. <\/span> Este m\u00e9todo proporciona uma impress\u00e3o de alta qualidade e longa dura\u00e7\u00e3o em copos transparentes ou coloridos. (Pedido m\u00ednimo: 250 unidades)<span class=\"citation-95 citation-end-95\">. <\/span><\/p>\n<\/li>\n<\/ol>\n<p data-path-to-node=\"11\">Al\u00e9m de refor\u00e7ar a marca, esses copos representam um investimento operacional inteligente. <span class=\"citation-94 citation-end-94\">Fabricados na Europa, possuem certifica\u00e7\u00e3o de seguran\u00e7a para a sa\u00fade, s\u00e3o livres de BPA (100%), seguros para contato com alimentos e recicl\u00e1veis (100%). <\/span><span class=\"citation-93 citation-end-93\">Muitos dos nossos modelos IML (como a s\u00e9rie Nicknack) possuem uma escala de medi\u00e7\u00e3o com verifica\u00e7\u00e3o metrol\u00f3gica para um servi\u00e7o de bebidas preciso e profissional. <\/span><\/p>\n<p data-path-to-node=\"12\"><span class=\"citation-92 citation-end-92\">A constru\u00e7\u00e3o em pl\u00e1stico PP resistente foi projetada para durar muito tempo. <\/span> e pode ser lavada na m\u00e1quina de lavar lou\u00e7a. (Para m\u00e1xima durabilidade da estampa em designs IML, recomenda-se lavar \u00e0 m\u00e3o.)<span class=\"citation-91 citation-end-91\">. <\/span><span class=\"citation-90 citation-end-90\">Dispon\u00edveis em v\u00e1rios tamanhos, incluindo 330ml e 500ml, s\u00e3o uma solu\u00e7\u00e3o pr\u00e1tica, empilh\u00e1vel e que economiza espa\u00e7o para qualquer local. <\/span><\/p>\n<p data-path-to-node=\"13\">S\u00e3o a escolha sustent\u00e1vel ideal para:<\/p>\n<ul data-path-to-node=\"14\">\n<li>\n<p data-path-to-node=\"14,0,0\"><span class=\"citation-89 citation-end-89\">Festivais, concertos e clubes <\/span><\/p>\n<\/li>\n<li>\n<p data-path-to-node=\"14,1,0\"><span class=\"citation-88 citation-end-88\">Arenas esportivas e eventos em equipe <\/span><\/p>\n<\/li>\n<li>\n<p data-path-to-node=\"14,2,0\"><span class=\"citation-87 citation-end-87\">Eventos corporativos e feiras comerciais <\/span><\/p>\n<\/li>\n<li>\n<p data-path-to-node=\"14,3,0\"><span class=\"citation-86 citation-end-86\">Eventos municipais, feiras e mercados <\/span><\/p>\n<\/li>\n<\/ul>\n<p data-path-to-node=\"15\">Entre em contato conosco hoje mesmo para discutir seu projeto de impress\u00e3o IML ou serigrafia e cause uma impress\u00e3o duradoura com seus copos reutiliz\u00e1veis personalizados.<\/p>\n<h3 data-path-to-node=\"16\"><b>Principais caracter\u00edsticas:<\/b><\/h3>\n<ul data-path-to-node=\"17\">\n<li>\n<p data-path-to-node=\"17,0,1\"><b><span class=\"citation-85\">Impress\u00e3o IML Premium:<\/span><\/b><span class=\"citation-85 citation-end-85\"> Oferece personaliza\u00e7\u00e3o fotogr\u00e1fica e com cobertura total da superf\u00edcie do copo. <\/span><\/p>\n<\/li>\n<li>\n<p data-path-to-node=\"17,1,1\"><b><span class=\"citation-84\">Op\u00e7\u00f5es de acabamento personalizadas:<\/span><\/b><span class=\"citation-84 citation-end-84\"> Dispon\u00edvel em acabamento fosco e transparente para designs IML. <\/span><\/p>\n<\/li>\n<li>\n<p data-path-to-node=\"17,2,1\"><b><span class=\"citation-83\">Serigrafia dur\u00e1vel:<\/span><\/b><span class=\"citation-83 citation-end-83\"> Uma alternativa de alta qualidade e longa dura\u00e7\u00e3o para logotipos vetoriais. <\/span><\/p>\n<\/li>\n<li>\n<p data-path-to-node=\"17,3,1\"><b><span class=\"citation-82\">Certificado como seguro para a sa\u00fade:<\/span><\/b><span class=\"citation-82 citation-end-82\"> Fabricado com pl\u00e1stico PP 100% livre de BPA, seguro para alimentos e recicl\u00e1vel. <\/span><\/p>\n<\/li>\n<li>\n<p data-path-to-node=\"17,4,1\"><b><span class=\"citation-81\">Escala de medi\u00e7\u00e3o verificada:<\/span><\/b><span class=\"citation-81 citation-end-81\"> Muitos modelos incluem uma balan\u00e7a verificada para um servi\u00e7o de bebidas preciso e consistente. <\/span><\/p>\n<\/li>\n<li>\n<p data-path-to-node=\"17,5,1\"><b><span class=\"citation-80\">Capacidades M\u00faltiplas:<\/span><\/b><span class=\"citation-80 citation-end-80\"> Dispon\u00edvel em v\u00e1rios tamanhos (ex.: 330ml, 500ml) para atender \u00e0s suas necessidades. <\/span><\/p>\n<\/li>\n<li>\n<p data-path-to-node=\"17,6,1\"><b><span class=\"citation-79\">Produ\u00e7\u00e3o de alta qualidade na UE:<\/span><\/b><span class=\"citation-79 citation-end-79\"> Fabricado na Europa (por exemplo, na Rep\u00fablica Checa) segundo elevados padr\u00f5es de seguran\u00e7a e qualidade. <\/span><\/p>\n<\/li>\n<\/ul>","protected":false},"excerpt":{"rendered":"<ul>\n<li data-path-to-node=\"7,0,0\"><span class=\"citation-108 citation-end-108\">Impress\u00e3o IML premium, colorida e fotorrealista para m\u00e1ximo impacto da marca. <\/span><\/li>\n<li data-path-to-node=\"7,0,0\"><span class=\"citation-107 citation-end-107\">Dispon\u00edvel em v\u00e1rios tamanhos (ex.: 330ml, 500ml) e acabamentos (fosco ou transparente). <\/span><\/li>\n<li data-path-to-node=\"7,0,0\"><span class=\"citation-106 citation-end-106\">Material certificado como livre de BPA e seguro para a sa\u00fade. <\/span><span class=\"citation-105 citation-end-105\">; Muitos modelos apresentam uma escala de medi\u00e7\u00e3o verificada. <\/span><\/li>\n<li data-path-to-node=\"7,0,0\"><span class=\"citation-104 citation-end-104\">Dispon\u00edvel tamb\u00e9m com impress\u00e3o rotativa serigr\u00e1fica dur\u00e1vel e econ\u00f4mica para logotipos mais sem impress\u00e3o. <\/span><\/li>\n<li style=\"list-style-type: none;\"><\/li>\n<\/ul>","protected":false},"featured_media":6517,"comment_status":"closed","ping_status":"closed","template":"","meta":[],"product_brand":[],"product_cat":[111],"product_tag":[],"class_list":{"0":"post-4159","1":"product","2":"type-product","3":"status-publish","4":"has-post-thumbnail","6":"product_cat-reusable-event-cups","8":"first","9":"instock","10":"shipping-taxable","11":"purchasable","12":"product-type-simple"},"_links":{"self":[{"href":"https:\/\/displayproducts.eu\/pt\/wp-json\/wp\/v2\/product\/4159","targetHints":{"allow":["GET"]}}],"collection":[{"href":"https:\/\/displayproducts.eu\/pt\/wp-json\/wp\/v2\/product"}],"about":[{"href":"https:\/\/displayproducts.eu\/pt\/wp-json\/wp\/v2\/types\/product"}],"replies":[{"embeddable":true,"href":"https:\/\/displayproducts.eu\/pt\/wp-json\/wp\/v2\/comments?post=4159"}],"wp:featuredmedia":[{"embeddable":true,"href":"https:\/\/displayproducts.eu\/pt\/wp-json\/wp\/v2\/media\/6517"}],"wp:attachment":[{"href":"https:\/\/displayproducts.eu\/pt\/wp-json\/wp\/v2\/media?parent=4159"}],"wp:term":[{"taxonomy":"product_brand","embeddable":true,"href":"https:\/\/displayproducts.eu\/pt\/wp-json\/wp\/v2\/product_brand?post=4159"},{"taxonomy":"product_cat","embeddable":true,"href":"https:\/\/displayproducts.eu\/pt\/wp-json\/wp\/v2\/product_cat?post=4159"},{"taxonomy":"product_tag","embeddable":true,"href":"https:\/\/displayproducts.eu\/pt\/wp-json\/wp\/v2\/product_tag?post=4159"}],"curies":[{"name":"wp","href":"https:\/\/api.w.org\/{rel}","templated":true}]}}