{"id":4098,"date":"2025-05-09T18:19:48","date_gmt":"2025-05-09T15:19:48","guid":{"rendered":"https:\/\/wristbandfactory.eu\/?post_type=product&#038;p=4098"},"modified":"2026-04-01T21:52:04","modified_gmt":"2026-04-01T18:52:04","slug":"pu-leather-wristbands-with-details","status":"publish","type":"product","link":"https:\/\/displayproducts.eu\/pt\/p\/pu-leather-wristbands-with-details\/","title":{"rendered":"Pulseiras de couro PU com detalhes"},"content":{"rendered":"<p class=\"\" data-start=\"132\" data-end=\"394\">Adicione um toque de brilho e eleg\u00e2ncia \u00e0 sua cole\u00e7\u00e3o de acess\u00f3rios com esta elegante pulseira em couro sint\u00e9tico PU, com design moderno e detalhes em cristais coloridos e vibrantes. A pulseira \u00e9 perfeita tanto para uso di\u00e1rio quanto como um presente corporativo premium.<\/p>\n<p class=\"\" data-start=\"396\" data-end=\"640\">A pulseira ajust\u00e1vel com bot\u00e3o de press\u00e3o se adapta a v\u00e1rios tamanhos de pulso. A pulseira est\u00e1 dispon\u00edvel em tr\u00eas tons elegantes: dourado, preto e prateado \u2013 cada um real\u00e7ando o estilo de quem a usa \u00e0 sua maneira e proporcionando um belo cen\u00e1rio para as pedras brilhantes.<\/p>\n<p class=\"\" data-start=\"642\" data-end=\"891\">Este produto tamb\u00e9m pode ser personalizado \u2013 a \u00e1rea de impress\u00e3o fica pr\u00f3xima ao fecho, onde um logotipo ou mensagem pode ser adicionado por meio de tampografia em uma cor, com tamanho de impress\u00e3o de 15 \u00d7 12 mm. Isso torna a pulseira ideal como brinde promocional ou de campanha.<\/p>\n<p class=\"\" data-start=\"893\" data-end=\"912\"><strong data-start=\"893\" data-end=\"912\">Especifica\u00e7\u00f5es:<\/strong><\/p>\n<ul data-start=\"913\" data-end=\"1238\">\n<li class=\"\" data-start=\"913\" data-end=\"941\">\n<p class=\"\" data-start=\"915\" data-end=\"941\"><strong data-start=\"915\" data-end=\"928\">Material:<\/strong> Couro PU<\/p>\n<\/li>\n<li class=\"\" data-start=\"942\" data-end=\"995\">\n<p class=\"\" data-start=\"944\" data-end=\"995\"><strong data-start=\"944\" data-end=\"955\">Projeto:<\/strong> Detalhes brilhantes com acabamento elegante<\/p>\n<\/li>\n<li class=\"\" data-start=\"996\" data-end=\"1038\">\n<p class=\"\" data-start=\"998\" data-end=\"1038\"><strong data-start=\"998\" data-end=\"1016\">Op\u00e7\u00f5es de cores:<\/strong> Ouro, preto, prata<\/p>\n<\/li>\n<li class=\"\" data-start=\"1039\" data-end=\"1084\">\n<p class=\"\" data-start=\"1041\" data-end=\"1084\"><strong data-start=\"1041\" data-end=\"1051\">Fecho:<\/strong> Fecho de bot\u00e3o de press\u00e3o ajust\u00e1vel<\/p>\n<\/li>\n<li class=\"\" data-start=\"1085\" data-end=\"1118\">\n<p class=\"\" data-start=\"1087\" data-end=\"1118\"><strong data-start=\"1087\" data-end=\"1102\">Dimens\u00f5es:<\/strong> 20,5 \u00d7 2,6 cm<\/p>\n<\/li>\n<li class=\"\" data-start=\"1119\" data-end=\"1138\">\n<p class=\"\" data-start=\"1121\" data-end=\"1138\"><strong data-start=\"1121\" data-end=\"1132\">Peso:<\/strong> 8 g<\/p>\n<\/li>\n<li class=\"\" data-start=\"1139\" data-end=\"1181\">\n<p class=\"\" data-start=\"1141\" data-end=\"1181\"><strong data-start=\"1141\" data-end=\"1156\">\u00c1rea de impress\u00e3o:<\/strong> Fecho pr\u00f3ximo, 15 \u00d7 12 mm<\/p>\n<\/li>\n<li class=\"\" data-start=\"1182\" data-end=\"1238\">\n<p class=\"\" data-start=\"1184\" data-end=\"1238\"><strong data-start=\"1184\" data-end=\"1207\">T\u00e9cnica de impress\u00e3o:<\/strong> Tampografia (m\u00e1ximo 1 cor)<\/p>\n<\/li>\n<\/ul>","protected":false},"excerpt":{"rendered":"<p class=\"\" data-start=\"80\" data-end=\"438\">A pulseira em couro sint\u00e9tico PU apresenta detalhes coloridos chamativos em formato de cristal. A pulseira possui fecho de press\u00e3o ajust\u00e1vel e est\u00e1 dispon\u00edvel em tr\u00eas tons elegantes: dourado, preto e prateado \u2014 cada um destacando a personalidade de quem a usa. Um logotipo ou mensagem pode ser adicionado ao fecho por tampografia, tornando-se um brinde promocional ou de campanha super estiloso.<\/p>","protected":false},"featured_media":6430,"comment_status":"closed","ping_status":"closed","template":"","meta":[],"product_brand":[],"product_cat":[66,117],"product_tag":[],"class_list":{"0":"post-4098","1":"product","2":"type-product","3":"status-publish","4":"has-post-thumbnail","6":"product_cat-wristbands","7":"product_cat-leather-wristbands","9":"first","10":"instock","11":"shipping-taxable","12":"purchasable","13":"product-type-simple"},"_links":{"self":[{"href":"https:\/\/displayproducts.eu\/pt\/wp-json\/wp\/v2\/product\/4098","targetHints":{"allow":["GET"]}}],"collection":[{"href":"https:\/\/displayproducts.eu\/pt\/wp-json\/wp\/v2\/product"}],"about":[{"href":"https:\/\/displayproducts.eu\/pt\/wp-json\/wp\/v2\/types\/product"}],"replies":[{"embeddable":true,"href":"https:\/\/displayproducts.eu\/pt\/wp-json\/wp\/v2\/comments?post=4098"}],"wp:featuredmedia":[{"embeddable":true,"href":"https:\/\/displayproducts.eu\/pt\/wp-json\/wp\/v2\/media\/6430"}],"wp:attachment":[{"href":"https:\/\/displayproducts.eu\/pt\/wp-json\/wp\/v2\/media?parent=4098"}],"wp:term":[{"taxonomy":"product_brand","embeddable":true,"href":"https:\/\/displayproducts.eu\/pt\/wp-json\/wp\/v2\/product_brand?post=4098"},{"taxonomy":"product_cat","embeddable":true,"href":"https:\/\/displayproducts.eu\/pt\/wp-json\/wp\/v2\/product_cat?post=4098"},{"taxonomy":"product_tag","embeddable":true,"href":"https:\/\/displayproducts.eu\/pt\/wp-json\/wp\/v2\/product_tag?post=4098"}],"curies":[{"name":"wp","href":"https:\/\/api.w.org\/{rel}","templated":true}]}}