{"id":4065,"date":"2025-05-09T17:33:44","date_gmt":"2025-05-09T14:33:44","guid":{"rendered":"https:\/\/wristbandfactory.eu\/?post_type=product&#038;p=4065"},"modified":"2026-04-01T21:52:04","modified_gmt":"2026-04-01T18:52:04","slug":"three-strand-leather-wristband-with-light-green-glass-beads","status":"publish","type":"product","link":"https:\/\/displayproducts.eu\/pt\/p\/three-strand-leather-wristband-with-light-green-glass-beads\/","title":{"rendered":"Pulseira de couro de tr\u00eas fios com contas de vidro"},"content":{"rendered":"<p data-path-to-node=\"12\">Procura um brinde corporativo que pare\u00e7a mais um acess\u00f3rio de moda do que um item promocional? Nossos produtos s\u00e3o a solu\u00e7\u00e3o ideal. <b data-path-to-node=\"12\" data-index-in-node=\"124\">Pulseira de couro artesanal de tr\u00eas fios<\/b> Combina charme r\u00fastico com eleg\u00e2ncia. Ao contr\u00e1rio das pulseiras comuns de silicone ou tecido, esta pulseira \u00e9 feita de materiais naturais, tornando-a uma excelente op\u00e7\u00e3o para marcas ecologicamente conscientes, eventos exclusivos e presentes de reconhecimento para funcion\u00e1rios.<\/p>\n<h2 data-path-to-node=\"13\">Principais caracter\u00edsticas<\/h2>\n<ul data-path-to-node=\"14\">\n<li>\n<p data-path-to-node=\"14,0,0\"><b data-path-to-node=\"14,0,0\" data-index-in-node=\"0\">Design exclusivo em trio:<\/b> A pulseira combina uma tira de couro liso marrom claro, um cord\u00e3o de couro tran\u00e7ado texturizado marrom escuro e um fio central adornado com contas de vidro verde claro.<\/p>\n<\/li>\n<li>\n<p data-path-to-node=\"14,1,0\"><b data-path-to-node=\"14,1,0\" data-index-in-node=\"0\">Embalagem com a marca:<\/b> A personaliza\u00e7\u00e3o \u00e9 aplicada ao <b data-path-to-node=\"14,1,0\" data-index-in-node=\"51\">Cart\u00e3o de papel kraft<\/b> Segurando a pulseira. Utilizamos impress\u00e3o tampogr\u00e1fica (at\u00e9 4 cores) para exibir seu logotipo ou mensagem diretamente acima da pulseira, criando uma apresenta\u00e7\u00e3o profissional pronta para venda.<\/p>\n<\/li>\n<li>\n<p data-path-to-node=\"14,2,0\"><b data-path-to-node=\"14,2,0\" data-index-in-node=\"0\">Conforto universal:<\/b> O fecho ajust\u00e1vel em algod\u00e3o encerado garante um ajuste confort\u00e1vel para diversos tamanhos de pulso, eliminando a necessidade de tabelas de tamanhos complexas.<\/p>\n<\/li>\n<li>\n<p data-path-to-node=\"14,3,0\"><b data-path-to-node=\"14,3,0\" data-index-in-node=\"0\">Pronto para presentear:<\/b> Entregues j\u00e1 montadas no cart\u00e3o, estas pulseiras est\u00e3o prontas para serem distribu\u00eddas em eventos ou inclu\u00eddas em kits de boas-vindas.<\/p>\n<\/li>\n<\/ul>\n<h2 data-path-to-node=\"15\">Especifica\u00e7\u00f5es<\/h2>\n<ul data-path-to-node=\"16\">\n<li>\n<p data-path-to-node=\"16,0,0\"><b data-path-to-node=\"16,0,0\" data-index-in-node=\"0\">Materiais:<\/b> Couro genu\u00edno, contas de vidro, algod\u00e3o encerado.<\/p>\n<\/li>\n<li>\n<p data-path-to-node=\"16,1,0\"><b data-path-to-node=\"16,1,0\" data-index-in-node=\"0\">Dimens\u00f5es:<\/b> 26 \u00d7 1,2 cm (Comprimento ajust\u00e1vel).<\/p>\n<\/li>\n<li>\n<p data-path-to-node=\"16,2,0\"><b data-path-to-node=\"16,2,0\" data-index-in-node=\"0\">Peso:<\/b> 6g.<\/p>\n<\/li>\n<li>\n<p data-path-to-node=\"16,3,0\"><b data-path-to-node=\"16,3,0\" data-index-in-node=\"0\">\u00c1rea de Branding:<\/b> 25 \u00d7 15 mm (No cabe\u00e7alho do cart\u00e3o).<\/p>\n<\/li>\n<li>\n<p data-path-to-node=\"16,4,0\"><b data-path-to-node=\"16,4,0\" data-index-in-node=\"0\">T\u00e9cnica de impress\u00e3o:<\/b> Impress\u00e3o por tampografia (m\u00e1ximo de 4 cores).<\/p>\n<\/li>\n<li>\n<p data-path-to-node=\"16,5,0\"><b data-path-to-node=\"16,5,0\" data-index-in-node=\"0\">Embalagem:<\/b> Cart\u00e3o de papel Kraft ecol\u00f3gico.<\/p>\n<\/li>\n<\/ul>\n<h2 data-path-to-node=\"17\">Casos de uso<\/h2>\n<ul data-path-to-node=\"18\">\n<li>\n<p data-path-to-node=\"18,0,0\"><b data-path-to-node=\"18,0,0\" data-index-in-node=\"0\">Brindes corporativos:<\/b> Um presente elegante e de alto valor percebido para funcion\u00e1rios ou parceiros.<\/p>\n<\/li>\n<li>\n<p data-path-to-node=\"18,1,0\"><b data-path-to-node=\"18,1,0\" data-index-in-node=\"0\">Brindes VIP do Festival:<\/b> Um acess\u00f3rio boho-chic que os convidados usar\u00e3o muito tempo depois do evento.<\/p>\n<\/li>\n<li>\n<p data-path-to-node=\"18,2,0\"><b data-path-to-node=\"18,2,0\" data-index-in-node=\"0\">Campanhas de Caridade:<\/b> Uma pulseira delicada, inspirada na natureza, para apoiar causas ambientais.<\/p>\n<\/li>\n<li>\n<p data-path-to-node=\"18,3,0\"><b data-path-to-node=\"18,3,0\" data-index-in-node=\"0\">Mercadorias para Varejo:<\/b> Ideal para lojas de museus, zool\u00f3gicos ou reservas naturais que desejam vender com marca personalizada.<\/p>\n<\/li>\n<\/ul>\n<p data-path-to-node=\"19\">","protected":false},"excerpt":{"rendered":"<ul>\n<li>\n<p data-path-to-node=\"11,0,0\"><b data-path-to-node=\"11,0,0\" data-index-in-node=\"0\">Design artesanal:<\/b> Apresenta tr\u00eas fios distintos: couro liso, couro tran\u00e7ado e contas de vidro verde.<\/p>\n<\/li>\n<li>\n<p data-path-to-node=\"11,1,0\"><b data-path-to-node=\"11,1,0\" data-index-in-node=\"0\">Identidade Visual Personalizada:<\/b> Seu logotipo \u00e9 impresso por tampografia no cart\u00e3o de apresenta\u00e7\u00e3o em papel kraft que acompanha o produto.<\/p>\n<\/li>\n<li>\n<p data-path-to-node=\"11,2,0\"><b data-path-to-node=\"11,2,0\" data-index-in-node=\"0\">Ajuste ajust\u00e1vel:<\/b> Fecha com um n\u00f3 deslizante de algod\u00e3o encerado resistente, que se ajusta \u00e0 maioria dos tamanhos de pulso.<\/p>\n<\/li>\n<li>\n<p data-path-to-node=\"11,3,0\"><b data-path-to-node=\"11,3,0\" data-index-in-node=\"0\">Materiais naturais:<\/b> Feito com couro genu\u00edno e vidro para um visual premium, digno de loja.<\/p>\n<\/li>\n<\/ul>","protected":false},"featured_media":6412,"comment_status":"closed","ping_status":"closed","template":"","meta":[],"product_brand":[],"product_cat":[66,117],"product_tag":[],"class_list":{"0":"post-4065","1":"product","2":"type-product","3":"status-publish","4":"has-post-thumbnail","6":"product_cat-wristbands","7":"product_cat-leather-wristbands","9":"first","10":"instock","11":"shipping-taxable","12":"purchasable","13":"product-type-simple"},"_links":{"self":[{"href":"https:\/\/displayproducts.eu\/pt\/wp-json\/wp\/v2\/product\/4065","targetHints":{"allow":["GET"]}}],"collection":[{"href":"https:\/\/displayproducts.eu\/pt\/wp-json\/wp\/v2\/product"}],"about":[{"href":"https:\/\/displayproducts.eu\/pt\/wp-json\/wp\/v2\/types\/product"}],"replies":[{"embeddable":true,"href":"https:\/\/displayproducts.eu\/pt\/wp-json\/wp\/v2\/comments?post=4065"}],"wp:featuredmedia":[{"embeddable":true,"href":"https:\/\/displayproducts.eu\/pt\/wp-json\/wp\/v2\/media\/6412"}],"wp:attachment":[{"href":"https:\/\/displayproducts.eu\/pt\/wp-json\/wp\/v2\/media?parent=4065"}],"wp:term":[{"taxonomy":"product_brand","embeddable":true,"href":"https:\/\/displayproducts.eu\/pt\/wp-json\/wp\/v2\/product_brand?post=4065"},{"taxonomy":"product_cat","embeddable":true,"href":"https:\/\/displayproducts.eu\/pt\/wp-json\/wp\/v2\/product_cat?post=4065"},{"taxonomy":"product_tag","embeddable":true,"href":"https:\/\/displayproducts.eu\/pt\/wp-json\/wp\/v2\/product_tag?post=4065"}],"curies":[{"name":"wp","href":"https:\/\/api.w.org\/{rel}","templated":true}]}}