{"id":4046,"date":"2025-05-09T17:16:59","date_gmt":"2025-05-09T14:16:59","guid":{"rendered":"https:\/\/wristbandfactory.eu\/?post_type=product&#038;p=4046"},"modified":"2026-04-01T21:52:04","modified_gmt":"2026-04-01T18:52:04","slug":"custom-leather-wristbands","status":"publish","type":"product","link":"https:\/\/displayproducts.eu\/pt\/p\/custom-leather-wristbands\/","title":{"rendered":"Pulseiras de couro personalizadas"},"content":{"rendered":"<p>Esta elegante pulseira \u00e9 confeccionada em couro marrom de alta qualidade, adornada com cord\u00f5es de algod\u00e3o encerado dur\u00e1veis e contas banhadas a prata de bom gosto. Uma conta central com o s\u00edmbolo universal da paz adiciona um toque significativo, representando harmonia e parceria. O design \u00e9 fixado por um fecho de liga met\u00e1lica polida em tom prateado, garantindo durabilidade e um acabamento refinado para o uso di\u00e1rio.<\/p>\n<p>O segredo do seu valor como ferramenta promocional est\u00e1 na embalagem. Cada pulseira \u00e9 montada em um cart\u00e3o de papel kraft natural, que serve como uma tela para a sua marca. Oferecemos tampografia precisa do logotipo da sua empresa ou de uma mensagem personalizada em at\u00e9 quatro cores, em uma \u00e1rea de 25 \u00d7 15 mm. Essa apresenta\u00e7\u00e3o cuidadosa garante que sua marca esteja em destaque, criando uma impress\u00e3o duradoura muito depois do presente ser recebido.<\/p>\n<p><b>Principais caracter\u00edsticas:<\/b><\/p>\n<ul>\n<li><b>Material:<\/b> Couro leg\u00edtimo, algod\u00e3o encerado e liga banhada a prata<\/li>\n<li><b>Marca:<\/b> Cart\u00e3o de suporte de papel kraft impresso personalizado<\/li>\n<li><b>\u00c1rea de impress\u00e3o:<\/b> 25 \u00d7 15 mm na parte superior do cart\u00e3o<\/li>\n<li><b>M\u00e9todo de impress\u00e3o:<\/b> Tampografia de alta qualidade (at\u00e9 4 cores)<\/li>\n<li><b>Simbolismo:<\/b> Apresenta uma conta com s\u00edmbolo de paz para uma mensagem de unidade<\/li>\n<li><b>Fecho:<\/b> Fecho de liga met\u00e1lica prateado seguro e elegante<\/li>\n<\/ul>\n<p>&nbsp;<\/p>","protected":false},"excerpt":{"rendered":"<article class=\"text-token-text-primary w-full\" dir=\"auto\" data-testid=\"conversation-turn-440\" data-scroll-anchor=\"true\">\n<div class=\"text-base my-auto mx-auto py-5 [--thread-content-margin:--spacing(4)] @[37rem]:[--thread-content-margin:--spacing(6)] @[72rem]:[--thread-content-margin:--spacing(16)] px-(--thread-content-margin)\">\n<div class=\"[--thread-content-max-width:32rem] @[34rem]:[--thread-content-max-width:40rem] @[64rem]:[--thread-content-max-width:48rem] mx-auto flex max-w-(--thread-content-max-width) flex-1 text-base gap-4 md:gap-5 lg:gap-6 group\/turn-messages focus-visible:outline-hidden\" tabindex=\"-1\">\n<div class=\"group\/conversation-turn relative flex w-full min-w-0 flex-col agent-turn\">\n<div class=\"relative flex-col gap-1 md:gap-3\">\n<div class=\"flex max-w-full flex-col grow\">\n<div class=\"min-h-8 text-message relative flex w-full flex-col items-end gap-2 text-start break-words whitespace-normal [.text-message+&amp;]:mt-5\" dir=\"auto\" data-message-author-role=\"assistant\" data-message-id=\"90623f22-b929-41cf-a2ca-210f95d4ea1a\" data-message-model-slug=\"gpt-4o\">\n<div class=\"flex w-full flex-col gap-1 empty:hidden first:pt-[3px]\">\n<div class=\"markdown prose dark:prose-invert w-full break-words light\">\n<p>Descubra o brinde corporativo perfeito que combina estilo atemporal com uma marca poderosa. Nossas pulseiras de couro premium oferecem uma maneira sofisticada de demonstrar apre\u00e7o aos clientes, recompensar funcion\u00e1rios ou criar produtos exclusivos. Apresentado em um cart\u00e3o de visita totalmente personaliz\u00e1vel, este produto transforma um sem impress\u00e3o gesto em uma experi\u00eancia de marca memor\u00e1vel.<\/p>\n<\/div>\n<\/div>\n<\/div>\n<\/div>\n<\/div>\n<\/div>\n<\/div>\n<\/div>\n<\/article>\n<div class=\"pointer-events-none h-px w-px\" aria-hidden=\"true\" data-edge=\"true\"><\/div>","protected":false},"featured_media":6404,"comment_status":"closed","ping_status":"closed","template":"","meta":[],"product_brand":[],"product_cat":[66,117],"product_tag":[],"class_list":{"0":"post-4046","1":"product","2":"type-product","3":"status-publish","4":"has-post-thumbnail","6":"product_cat-wristbands","7":"product_cat-leather-wristbands","9":"first","10":"instock","11":"shipping-taxable","12":"purchasable","13":"product-type-simple"},"_links":{"self":[{"href":"https:\/\/displayproducts.eu\/pt\/wp-json\/wp\/v2\/product\/4046","targetHints":{"allow":["GET"]}}],"collection":[{"href":"https:\/\/displayproducts.eu\/pt\/wp-json\/wp\/v2\/product"}],"about":[{"href":"https:\/\/displayproducts.eu\/pt\/wp-json\/wp\/v2\/types\/product"}],"replies":[{"embeddable":true,"href":"https:\/\/displayproducts.eu\/pt\/wp-json\/wp\/v2\/comments?post=4046"}],"wp:featuredmedia":[{"embeddable":true,"href":"https:\/\/displayproducts.eu\/pt\/wp-json\/wp\/v2\/media\/6404"}],"wp:attachment":[{"href":"https:\/\/displayproducts.eu\/pt\/wp-json\/wp\/v2\/media?parent=4046"}],"wp:term":[{"taxonomy":"product_brand","embeddable":true,"href":"https:\/\/displayproducts.eu\/pt\/wp-json\/wp\/v2\/product_brand?post=4046"},{"taxonomy":"product_cat","embeddable":true,"href":"https:\/\/displayproducts.eu\/pt\/wp-json\/wp\/v2\/product_cat?post=4046"},{"taxonomy":"product_tag","embeddable":true,"href":"https:\/\/displayproducts.eu\/pt\/wp-json\/wp\/v2\/product_tag?post=4046"}],"curies":[{"name":"wp","href":"https:\/\/api.w.org\/{rel}","templated":true}]}}