{"id":4024,"date":"2025-05-09T16:57:10","date_gmt":"2025-05-09T13:57:10","guid":{"rendered":"https:\/\/wristbandfactory.eu\/?post_type=product&#038;p=4024"},"modified":"2026-04-01T21:52:36","modified_gmt":"2026-04-01T18:52:36","slug":"custom-engraved-multifunctional-paracord-survival-wristbands","status":"publish","type":"product","link":"https:\/\/displayproducts.eu\/pt\/p\/custom-engraved-multifunctional-paracord-survival-wristbands\/","title":{"rendered":"Pulseiras paracord personalizadas"},"content":{"rendered":"<p data-path-to-node=\"8\">Aprimore seus brindes corporativos com uma ferramenta que combina utilidade e estilo robusto. Nossa pulseira de sobreviv\u00eancia multifuncional em paracord \u00e9 mais do que um sem impress\u00e3o acess\u00f3rio; \u00e9 um kit de emerg\u00eancia compacto, projetado para pessoas ativas e aventureiras. Seja para trilhas, acampamentos ou treinamento t\u00e1tico, esta pulseira oferece ferramentas essenciais sempre \u00e0 m\u00e3o.<\/p>\n<p data-path-to-node=\"9\">O n\u00facleo da pulseira \u00e9 feito de paracord de nylon de alta resist\u00eancia, que pode ser desenrolado em situa\u00e7\u00f5es de emerg\u00eancia. O fecho de fivela integrado e seguro abriga um apito de emerg\u00eancia potente e um raspador para iniciar fogo, enquanto a parte superior apresenta uma b\u00fassola confi\u00e1vel e um abridor de garrafas robusto.<\/p>\n<h2 data-path-to-node=\"10\">Principais caracter\u00edsticas<\/h2>\n<ul data-path-to-node=\"11\">\n<li>\n<p data-path-to-node=\"11,0,0\"><b data-path-to-node=\"11,0,0\" data-index-in-node=\"0\">Utilit\u00e1rio multifuncional:<\/b> Cinco ferramentas essenciais de sobreviv\u00eancia integradas em um \u00fanico dispositivo vest\u00edvel.<\/p>\n<\/li>\n<li>\n<p data-path-to-node=\"11,1,0\"><b data-path-to-node=\"11,1,0\" data-index-in-node=\"0\">Grava\u00e7\u00e3o a laser personalizada:<\/b> O logotipo da sua empresa \u00e9 gravado com precis\u00e3o na placa de metal, garantindo que a marca nunca desbote ou descasque.<\/p>\n<\/li>\n<li>\n<p data-path-to-node=\"11,2,0\"><b data-path-to-node=\"11,2,0\" data-index-in-node=\"0\">Constru\u00e7\u00e3o robusta:<\/b> Constru\u00eddo para resistir a condi\u00e7\u00f5es ambientais adversas, tornando-se um dos favoritos dos entusiastas de atividades ao ar livre.<\/p>\n<\/li>\n<li>\n<p data-path-to-node=\"11,3,0\"><b data-path-to-node=\"11,3,0\" data-index-in-node=\"0\">Ajuste ergon\u00f4mico:<\/b> Projetado para conforto durante uso prolongado, com sistema de fivela seguro.<\/p>\n<\/li>\n<\/ul>\n<h2 data-path-to-node=\"12\">Especifica\u00e7\u00f5es<\/h2>\n<ul data-path-to-node=\"13\">\n<li>\n<p data-path-to-node=\"13,0,0\"><b data-path-to-node=\"13,0,0\" data-index-in-node=\"0\">Material:<\/b> Paracord de nylon de alta tenacidade e componentes met\u00e1licos<\/p>\n<\/li>\n<li>\n<p data-path-to-node=\"13,1,0\"><b data-path-to-node=\"13,1,0\" data-index-in-node=\"0\">Dimens\u00f5es:<\/b> 25,5 \u00d7 3,4 \u00d7 1,1 cm<\/p>\n<\/li>\n<li>\n<p data-path-to-node=\"13,2,0\"><b data-path-to-node=\"13,2,0\" data-index-in-node=\"0\">Peso:<\/b> 36 g<\/p>\n<\/li>\n<li>\n<p data-path-to-node=\"13,3,0\"><b data-path-to-node=\"13,3,0\" data-index-in-node=\"0\">Fun\u00e7\u00f5es integradas:<\/b> Pulseira, b\u00fassola, apito, raspador de isqueiro, abridor de garrafas<\/p>\n<\/li>\n<li>\n<p data-path-to-node=\"13,4,0\"><b data-path-to-node=\"13,4,0\" data-index-in-node=\"0\">\u00c1rea de personaliza\u00e7\u00e3o:<\/b> 20 \u00d7 10 mm na placa de metal<\/p>\n<\/li>\n<li>\n<p data-path-to-node=\"13,5,0\"><b data-path-to-node=\"13,5,0\" data-index-in-node=\"0\">T\u00e9cnica:<\/b> grava\u00e7\u00e3o a laser monocrom\u00e1tica<\/p>\n<\/li>\n<\/ul>\n<h2 data-path-to-node=\"14\">Casos de uso<\/h2>\n<ul data-path-to-node=\"15\">\n<li>\n<p data-path-to-node=\"15,0,0\"><b data-path-to-node=\"15,0,0\" data-index-in-node=\"0\">Din\u00e2micas de Equipe Corporativas:<\/b> Um presente perfeito para retiros em meio \u00e0 natureza e desafios de sobreviv\u00eancia ao ar livre.<\/p>\n<\/li>\n<li>\n<p data-path-to-node=\"15,1,0\"><b data-path-to-node=\"15,1,0\" data-index-in-node=\"0\">Turismo de aventura:<\/b> Ag\u00eancias de viagens e operadoras de turismo podem fornecer equipamentos personalizados aos seus clientes.<\/p>\n<\/li>\n<li>\n<p data-path-to-node=\"15,2,0\"><b data-path-to-node=\"15,2,0\" data-index-in-node=\"0\">Varejo e Merchandising:<\/b> Excelente produto com alto valor percebido para lojas de artigos esportivos e para atividades ao ar livre.<\/p>\n<\/li>\n<li>\n<p data-path-to-node=\"15,3,0\"><b data-path-to-node=\"15,3,0\" data-index-in-node=\"0\">Campanhas de Conscientiza\u00e7\u00e3o sobre Seguran\u00e7a:<\/b> Ideal para organiza\u00e7\u00f5es focadas em prepara\u00e7\u00e3o e servi\u00e7os de emerg\u00eancia.<\/p>\n<\/li>\n<\/ul>","protected":false},"excerpt":{"rendered":"<article class=\"text-token-text-primary w-full\" dir=\"auto\" data-testid=\"conversation-turn-434\" data-scroll-anchor=\"true\">\n<div class=\"text-base my-auto mx-auto py-5 [--thread-content-margin:--spacing(4)] @[37rem]:[--thread-content-margin:--spacing(6)] @[72rem]:[--thread-content-margin:--spacing(16)] px-(--thread-content-margin)\">\n<div class=\"[--thread-content-max-width:32rem] @[34rem]:[--thread-content-max-width:40rem] @[64rem]:[--thread-content-max-width:48rem] mx-auto flex max-w-(--thread-content-max-width) flex-1 text-base gap-4 md:gap-5 lg:gap-6 group\/turn-messages focus-visible:outline-hidden\" tabindex=\"-1\">\n<div class=\"group\/conversation-turn relative flex w-full min-w-0 flex-col agent-turn\">\n<div class=\"relative flex-col gap-1 md:gap-3\">\n<div class=\"flex max-w-full flex-col grow\">\n<div class=\"min-h-8 text-message relative flex w-full flex-col items-end gap-2 text-start break-words whitespace-normal [.text-message+&amp;]:mt-5\" dir=\"auto\" data-message-author-role=\"assistant\" data-message-id=\"209e0cfa-4190-4646-a2b0-a9a360850576\" data-message-model-slug=\"gpt-4o\">\n<div class=\"flex w-full flex-col gap-1 empty:hidden first:pt-[3px]\">\n<div class=\"markdown prose dark:prose-invert w-full break-words light\">\n<ul>\n<li>\n<p data-path-to-node=\"7,0,0\"><b data-path-to-node=\"7,0,0\" data-index-in-node=\"0\">Ferramenta multifuncional 5 em 1:<\/b> Inclui b\u00fassola, apito, iniciador de fogo, abridor de garrafas e paracord resistente.<\/p>\n<\/li>\n<li>\n<p data-path-to-node=\"7,1,0\"><b data-path-to-node=\"7,1,0\" data-index-in-node=\"0\">Identidade visual premium:<\/b> Grava\u00e7\u00e3o a laser profissional em placa de metal de 20 \u00d7 10 mm para visibilidade permanente do logotipo.<\/p>\n<\/li>\n<li>\n<p data-path-to-node=\"7,2,0\"><b data-path-to-node=\"7,2,0\" data-index-in-node=\"0\">Durabilidade extrema:<\/b> Fabricado em nylon resistente, projetado para aventuras ao ar livre e situa\u00e7\u00f5es de emerg\u00eancia.<\/p>\n<\/li>\n<li>\n<p data-path-to-node=\"7,3,0\"><b data-path-to-node=\"7,3,0\" data-index-in-node=\"0\">Versatilidade B2B:<\/b> Ideal para ag\u00eancias de viagens, eventos de forma\u00e7\u00e3o de equipes e lojas de equipamentos para atividades ao ar livre.<\/p>\n<\/li>\n<\/ul>\n<\/div>\n<\/div>\n<\/div>\n<\/div>\n<\/div>\n<\/div>\n<\/div>\n<\/div>\n<\/article>","protected":false},"featured_media":6416,"comment_status":"closed","ping_status":"closed","template":"","meta":[],"product_brand":[],"product_cat":[66,112,45],"product_tag":[],"class_list":{"0":"post-4024","1":"product","2":"type-product","3":"status-publish","4":"has-post-thumbnail","6":"product_cat-wristbands","7":"product_cat-paracord-wristbands","8":"product_cat-other","10":"first","11":"instock","12":"shipping-taxable","13":"purchasable","14":"product-type-simple"},"_links":{"self":[{"href":"https:\/\/displayproducts.eu\/pt\/wp-json\/wp\/v2\/product\/4024","targetHints":{"allow":["GET"]}}],"collection":[{"href":"https:\/\/displayproducts.eu\/pt\/wp-json\/wp\/v2\/product"}],"about":[{"href":"https:\/\/displayproducts.eu\/pt\/wp-json\/wp\/v2\/types\/product"}],"replies":[{"embeddable":true,"href":"https:\/\/displayproducts.eu\/pt\/wp-json\/wp\/v2\/comments?post=4024"}],"wp:featuredmedia":[{"embeddable":true,"href":"https:\/\/displayproducts.eu\/pt\/wp-json\/wp\/v2\/media\/6416"}],"wp:attachment":[{"href":"https:\/\/displayproducts.eu\/pt\/wp-json\/wp\/v2\/media?parent=4024"}],"wp:term":[{"taxonomy":"product_brand","embeddable":true,"href":"https:\/\/displayproducts.eu\/pt\/wp-json\/wp\/v2\/product_brand?post=4024"},{"taxonomy":"product_cat","embeddable":true,"href":"https:\/\/displayproducts.eu\/pt\/wp-json\/wp\/v2\/product_cat?post=4024"},{"taxonomy":"product_tag","embeddable":true,"href":"https:\/\/displayproducts.eu\/pt\/wp-json\/wp\/v2\/product_tag?post=4024"}],"curies":[{"name":"wp","href":"https:\/\/api.w.org\/{rel}","templated":true}]}}