{"id":3986,"date":"2025-05-08T16:58:54","date_gmt":"2025-05-08T13:58:54","guid":{"rendered":"https:\/\/wristbandfactory.eu\/?post_type=product&#038;p=3986"},"modified":"2026-04-01T21:52:04","modified_gmt":"2026-04-01T18:52:04","slug":"custom-printed-sustainable-cork-phone-straps","status":"publish","type":"product","link":"https:\/\/displayproducts.eu\/pt\/p\/custom-printed-sustainable-cork-phone-straps\/","title":{"rendered":"Al\u00e7as de corti\u00e7a para telem\u00f3vel personalizadas"},"content":{"rendered":"<p data-path-to-node=\"7\">Ofere\u00e7a aos participantes e clientes do seu evento um brinde promocional que une praticidade moderna e responsabilidade ambiental. Nossas al\u00e7as de corti\u00e7a para celular proporcionam uma maneira segura e pr\u00e1tica de carregar um smartphone, garantindo que sua marca permane\u00e7a vis\u00edvel nas m\u00e3os do usu\u00e1rio mesmo ap\u00f3s o t\u00e9rmino do evento.<\/p>\n<p data-path-to-node=\"8\">Feita de corti\u00e7a natural de origem vegetal, esta al\u00e7a de pulso \u00e9 uma escolha respons\u00e1vel para sua pr\u00f3xima campanha de marketing ou sacola de brindes para feiras comerciais. O mecanismo \u00e9 sem impress\u00e3o, por\u00e9m universal: um suporte de corti\u00e7a fino, mas resistente, desliza facilmente entre o telefone e sua capa, conectando-se \u00e0 al\u00e7a por meio de um mosquet\u00e3o de metal girat\u00f3rio e robusto.<\/p>\n<h2 data-path-to-node=\"9\">Principais caracter\u00edsticas<\/h2>\n<ul data-path-to-node=\"10\">\n<li>\n<p data-path-to-node=\"10,0,0\"><b data-path-to-node=\"10,0,0\" data-index-in-node=\"0\">Material ecol\u00f3gico:<\/b> Feito de corti\u00e7a renov\u00e1vel, proporcionando um toque suave e uma est\u00e9tica natural de alta qualidade.<\/p>\n<\/li>\n<li>\n<p data-path-to-node=\"10,1,0\"><b data-path-to-node=\"10,1,0\" data-index-in-node=\"0\">Identidade visual vers\u00e1til:<\/b> Oferecemos impress\u00e3o por tampografia, serigrafia e transfer\u00eancia a cores. Para um toque verdadeiramente sofisticado, a grava\u00e7\u00e3o a laser imprime o seu logotipo diretamente na textura da corti\u00e7a.<\/p>\n<\/li>\n<li>\n<p data-path-to-node=\"10,2,0\"><b data-path-to-node=\"10,2,0\" data-index-in-node=\"0\">Hardware seguro:<\/b> Equipado com um mosquet\u00e3o girat\u00f3rio de metal preto resistente para fixa\u00e7\u00e3o segura e remo\u00e7\u00e3o f\u00e1cil.<\/p>\n<\/li>\n<li>\n<p data-path-to-node=\"10,3,0\"><b data-path-to-node=\"10,3,0\" data-index-in-node=\"0\">Produ\u00e7\u00e3o sediada na UE:<\/b> Prazos de entrega r\u00e1pidos para eventos com prazos apertados, garantindo que seu material promocional chegue pronto para o seu pr\u00f3ximo grande evento.<\/p>\n<\/li>\n<\/ul>\n<h2 data-path-to-node=\"11\">Especifica\u00e7\u00f5es<\/h2>\n<ul data-path-to-node=\"12\">\n<li>\n<p data-path-to-node=\"12,0,0\"><b data-path-to-node=\"12,0,0\" data-index-in-node=\"0\">Material:<\/b> Al\u00e7a de corti\u00e7a natural sustent\u00e1vel com aba para suporte de celular combinando.<\/p>\n<\/li>\n<li>\n<p data-path-to-node=\"12,1,0\"><b data-path-to-node=\"12,1,0\" data-index-in-node=\"0\">Dimens\u00f5es:<\/b> Tamanho compacto da pulseira (2 x 16,5 cm), ideal para usar no pulso.<\/p>\n<\/li>\n<li>\n<p data-path-to-node=\"12,2,0\"><b data-path-to-node=\"12,2,0\" data-index-in-node=\"0\">Peso:<\/b> 8 gramas (constru\u00e7\u00e3o ultraleve).<\/p>\n<\/li>\n<li>\n<p data-path-to-node=\"12,3,0\"><b data-path-to-node=\"12,3,0\" data-index-in-node=\"0\">Compatibilidade:<\/b> Compat\u00edvel com todos os smartphones e capas protetoras padr\u00e3o.<\/p>\n<\/li>\n<li>\n<p data-path-to-node=\"12,4,0\"><b data-path-to-node=\"12,4,0\" data-index-in-node=\"0\">Personaliza\u00e7\u00e3o:<\/b> Impress\u00e3o por tampografia, grava\u00e7\u00e3o a laser ou transfer\u00eancia a cores.<\/p>\n<\/li>\n<li>\n<p data-path-to-node=\"12,5,0\"><b data-path-to-node=\"12,5,0\" data-index-in-node=\"0\">Quantidade m\u00ednima de encomenda:<\/b> 100 unidades.<\/p>\n<\/li>\n<\/ul>\n<h2 data-path-to-node=\"13\">Casos de uso<\/h2>\n<ul data-path-to-node=\"14\">\n<li>\n<p data-path-to-node=\"14,0,0\"><b data-path-to-node=\"14,0,0\" data-index-in-node=\"0\">Confer\u00eancias e Feiras Comerciais:<\/b> Brinde altamente \u00fatil que mant\u00e9m os telefones dos participantes seguros e acess\u00edveis durante o networking.<\/p>\n<\/li>\n<li>\n<p data-path-to-node=\"14,1,0\"><b data-path-to-node=\"14,1,0\" data-index-in-node=\"0\">Brindes corporativos de responsabilidade social corporativa:<\/b> Um presente significativo e sustent\u00e1vel para os funcion\u00e1rios, que esteja alinhado com os valores ecol\u00f3gicos da empresa.<\/p>\n<\/li>\n<li>\n<p data-path-to-node=\"14,2,0\"><b data-path-to-node=\"14,2,0\" data-index-in-node=\"0\">Promo\u00e7\u00f5es de dispositivos m\u00f3veis e tecnologia:<\/b> Ideal para empresas de telecomunica\u00e7\u00f5es ou marcas de tecnologia que buscam acess\u00f3rios exclusivos e ecologicamente conscientes.<\/p>\n<\/li>\n<li>\n<p data-path-to-node=\"14,3,0\"><b data-path-to-node=\"14,3,0\" data-index-in-node=\"0\">Viagens e Turismo:<\/b> Lembran\u00e7as pr\u00e1ticas para grupos de turistas e ag\u00eancias de viagens.<\/p>\n<\/li>\n<\/ul>","protected":false},"excerpt":{"rendered":"<ul>\n<li>\n<p data-path-to-node=\"6,0,0\"><b data-path-to-node=\"6,0,0\" data-index-in-node=\"0\">Imagem de marca sustent\u00e1vel:<\/b> Fabricado com corti\u00e7a natural e renov\u00e1vel 100%, oferecendo uma alternativa ecol\u00f3gica aos acess\u00f3rios sint\u00e9ticos para dispositivos m\u00f3veis.<\/p>\n<\/li>\n<li>\n<p data-path-to-node=\"6,1,0\"><b data-path-to-node=\"6,1,0\" data-index-in-node=\"0\">Solu\u00e7\u00e3o B2B universal:<\/b> O design inteligente da aba de encaixe garante compatibilidade com todos os modelos de smartphones e capas sem bloquear as portas de carregamento.<\/p>\n<\/li>\n<li>\n<p data-path-to-node=\"6,2,0\"><b data-path-to-node=\"6,2,0\" data-index-in-node=\"0\">Personaliza\u00e7\u00e3o Premium:<\/b> Dispon\u00edvel com grava\u00e7\u00e3o a laser de alta qualidade para um visual discreto ou com impress\u00e3o por transfer\u00eancia em cores vibrantes para combinar com as diretrizes corporativas.<\/p>\n<\/li>\n<li>\n<p data-path-to-node=\"6,3,0\"><b data-path-to-node=\"6,3,0\" data-index-in-node=\"0\">Utilidade ultraleve:<\/b> Pesando apenas 8 gramas, oferece transporte seguro e m\u00e3os-livres para o celular, ideal para participantes de eventos e funcion\u00e1rios, sem adicionar volume.<\/p>\n<\/li>\n<\/ul>","protected":false},"featured_media":6649,"comment_status":"closed","ping_status":"closed","template":"","meta":[],"product_brand":[],"product_cat":[128,108],"product_tag":[],"class_list":{"0":"post-3986","1":"product","2":"type-product","3":"status-publish","4":"has-post-thumbnail","6":"product_cat-mobile-tech-accessories","7":"product_cat-multifunctional-lanyards","9":"first","10":"instock","11":"shipping-taxable","12":"purchasable","13":"product-type-simple"},"_links":{"self":[{"href":"https:\/\/displayproducts.eu\/pt\/wp-json\/wp\/v2\/product\/3986","targetHints":{"allow":["GET"]}}],"collection":[{"href":"https:\/\/displayproducts.eu\/pt\/wp-json\/wp\/v2\/product"}],"about":[{"href":"https:\/\/displayproducts.eu\/pt\/wp-json\/wp\/v2\/types\/product"}],"replies":[{"embeddable":true,"href":"https:\/\/displayproducts.eu\/pt\/wp-json\/wp\/v2\/comments?post=3986"}],"wp:featuredmedia":[{"embeddable":true,"href":"https:\/\/displayproducts.eu\/pt\/wp-json\/wp\/v2\/media\/6649"}],"wp:attachment":[{"href":"https:\/\/displayproducts.eu\/pt\/wp-json\/wp\/v2\/media?parent=3986"}],"wp:term":[{"taxonomy":"product_brand","embeddable":true,"href":"https:\/\/displayproducts.eu\/pt\/wp-json\/wp\/v2\/product_brand?post=3986"},{"taxonomy":"product_cat","embeddable":true,"href":"https:\/\/displayproducts.eu\/pt\/wp-json\/wp\/v2\/product_cat?post=3986"},{"taxonomy":"product_tag","embeddable":true,"href":"https:\/\/displayproducts.eu\/pt\/wp-json\/wp\/v2\/product_tag?post=3986"}],"curies":[{"name":"wp","href":"https:\/\/api.w.org\/{rel}","templated":true}]}}