{"id":3908,"date":"2025-05-08T15:38:19","date_gmt":"2025-05-08T12:38:19","guid":{"rendered":"https:\/\/wristbandfactory.eu\/?post_type=product&#038;p=3908"},"modified":"2026-04-01T21:52:36","modified_gmt":"2026-04-01T18:52:36","slug":"phone-wrist-straps-with-bamboo-holder","status":"publish","type":"product","link":"https:\/\/displayproducts.eu\/pt\/p\/phone-wrist-straps-with-bamboo-holder\/","title":{"rendered":"Al\u00e7a de pulso para celular com suporte de bambu"},"content":{"rendered":"<p>Ofere\u00e7a um brinde corporativo funcional e ecol\u00f3gico com nossa al\u00e7a de pulso de algod\u00e3o para celular. Este item pr\u00e1tico \u00e9 ideal para manter smartphones seguros e acess\u00edveis durante confer\u00eancias, feiras ou eventos corporativos, permitindo maior liberdade de movimento.<\/p>\n<p>A al\u00e7a \u00e9 feita de algod\u00e3o macio e resistente, enquanto o suporte para celular \u00e9 produzido em bambu sustent\u00e1vel. Essa parte em bambu oferece uma superf\u00edcie elegante e de destaque para personaliza\u00e7\u00e3o, ideal para a grava\u00e7\u00e3o a laser precisa do logotipo da sua empresa.<\/p>\n<p>O conjunto inclui uma ferramenta de montagem que se encaixa discretamente entre o telefone e a capa para uma fixa\u00e7\u00e3o segura. Refor\u00e7ando o compromisso da sua organiza\u00e7\u00e3o com a sustentabilidade, cada al\u00e7a \u00e9 embalada individualmente em um saquinho de papel reciclado, tornando-se um brinde ideal para marcas ambientalmente conscientes.<\/p>\n<p><b>Principais caracter\u00edsticas:<\/b><\/p>\n<ul>\n<li><b>Solu\u00e7\u00e3o pr\u00e1tica para m\u00e3os livres:<\/b> Mant\u00e9m os smartphones seguros e acess\u00edveis em eventos corporativos.<\/li>\n<li><b>Materiais ecol\u00f3gicos:<\/b> Feito de algod\u00e3o macio e com suporte de bambu sustent\u00e1vel.<\/li>\n<li><b>Superf\u00edcie Premium para Personaliza\u00e7\u00e3o da Marca:<\/b> O suporte de bambu \u00e9 ideal para grava\u00e7\u00e3o a laser personalizada ou impress\u00e3o tampogr\u00e1fica.<\/li>\n<li><b>Design ajust\u00e1vel:<\/b> Ajusta-se confortavelmente a todos os tamanhos de pulso, para uso universal.<\/li>\n<li><b>Embalagens sustent\u00e1veis:<\/b> Embaladas individualmente em um saco de papel reciclado, refor\u00e7ando sua mensagem ecol\u00f3gica.<\/li>\n<li><b>Impress\u00e3o vers\u00e1til:<\/b> Personalize com grava\u00e7\u00e3o a laser, tampografia ou impress\u00e3o por transfer\u00eancia.<\/li>\n<\/ul>","protected":false},"excerpt":{"rendered":"<ul>\n<li>Brinde corporativo ecol\u00f3gico feito de algod\u00e3o macio e bambu sustent\u00e1vel.<\/li>\n<li>Oferece acesso ao telefone sem usar as m\u00e3os, ideal para confer\u00eancias e eventos din\u00e2micos.<\/li>\n<li>O suporte de bambu \u00e9 perfeito para grava\u00e7\u00e3o a laser personalizada do seu logotipo.<\/li>\n<li>Embalados individualmente em sacos de papel reciclado para facilitar a distribui\u00e7\u00e3o.<\/li>\n<\/ul>","protected":false},"featured_media":6657,"comment_status":"closed","ping_status":"closed","template":"","meta":[],"product_brand":[],"product_cat":[128],"product_tag":[],"class_list":{"0":"post-3908","1":"product","2":"type-product","3":"status-publish","4":"has-post-thumbnail","6":"product_cat-mobile-tech-accessories","8":"first","9":"instock","10":"shipping-taxable","11":"purchasable","12":"product-type-simple"},"_links":{"self":[{"href":"https:\/\/displayproducts.eu\/pt\/wp-json\/wp\/v2\/product\/3908","targetHints":{"allow":["GET"]}}],"collection":[{"href":"https:\/\/displayproducts.eu\/pt\/wp-json\/wp\/v2\/product"}],"about":[{"href":"https:\/\/displayproducts.eu\/pt\/wp-json\/wp\/v2\/types\/product"}],"replies":[{"embeddable":true,"href":"https:\/\/displayproducts.eu\/pt\/wp-json\/wp\/v2\/comments?post=3908"}],"wp:featuredmedia":[{"embeddable":true,"href":"https:\/\/displayproducts.eu\/pt\/wp-json\/wp\/v2\/media\/6657"}],"wp:attachment":[{"href":"https:\/\/displayproducts.eu\/pt\/wp-json\/wp\/v2\/media?parent=3908"}],"wp:term":[{"taxonomy":"product_brand","embeddable":true,"href":"https:\/\/displayproducts.eu\/pt\/wp-json\/wp\/v2\/product_brand?post=3908"},{"taxonomy":"product_cat","embeddable":true,"href":"https:\/\/displayproducts.eu\/pt\/wp-json\/wp\/v2\/product_cat?post=3908"},{"taxonomy":"product_tag","embeddable":true,"href":"https:\/\/displayproducts.eu\/pt\/wp-json\/wp\/v2\/product_tag?post=3908"}],"curies":[{"name":"wp","href":"https:\/\/api.w.org\/{rel}","templated":true}]}}