{"id":3867,"date":"2025-05-07T17:40:16","date_gmt":"2025-05-07T14:40:16","guid":{"rendered":"https:\/\/wristbandfactory.eu\/?post_type=product&#038;p=3867"},"modified":"2026-04-01T21:52:04","modified_gmt":"2026-04-01T18:52:04","slug":"tie-on-ribbon-wristbands","status":"publish","type":"product","link":"https:\/\/displayproducts.eu\/pt\/p\/tie-on-ribbon-wristbands\/","title":{"rendered":"Pulseiras de fita para amarrar"},"content":{"rendered":"<p>Apoie sua causa ou impulsione sua promo\u00e7\u00e3o com nossas pulseiras de fita para amarrar, sem impress\u00e3o e eficazes. Essas pulseiras s\u00e3o uma escolha cl\u00e1ssica para campanhas de conscientiza\u00e7\u00e3o, arrecada\u00e7\u00e3o de fundos para institui\u00e7\u00f5es de caridade e eventos de responsabilidade corporativa, oferecendo uma ferramenta de branding de alta visibilidade a um pre\u00e7o acess\u00edvel.<\/p>\n<p>Feitas de uma fita de poli\u00e9ster macia com um acabamento acetinado suave, estas pulseiras s\u00e3o projetadas para serem amarradas pelo usu\u00e1rio, oferecendo uma solu\u00e7\u00e3o confort\u00e1vel e de tamanho \u00fanico. O fecho sem impress\u00e3o de amarrar as torna perfeitas para distribui\u00e7\u00e3o em massa em feiras comerciais, confer\u00eancias ou campanhas de conscientiza\u00e7\u00e3o p\u00fablica.<\/p>\n<p>A superf\u00edcie lisa \u00e9 ideal para impress\u00e3o personalizada, permitindo que seu logotipo, slogan de campanha ou mensagem sejam exibidos com clareza. Servem como um s\u00edmbolo poderoso e vis\u00edvel de apoio a iniciativas corporativas ou organiza\u00e7\u00f5es sem fins lucrativos.<\/p>\n<p><b>Principais caracter\u00edsticas:<\/b><\/p>\n<ul>\n<li><b>Fecho com amarra\u00e7\u00e3o autom\u00e1tica:<\/b> Design sem impress\u00e3o e ajust\u00e1vel com amarras para f\u00e1cil distribui\u00e7\u00e3o e ajuste universal.<\/li>\n<li><b>Material da fita macia:<\/b> Fita de poli\u00e9ster confort\u00e1vel com acabamento acetinado, adequada para uso por curtos per\u00edodos.<\/li>\n<li><b>Ideal para conscientiza\u00e7\u00e3o:<\/b> A escolha cl\u00e1ssica para campanhas de conscientiza\u00e7\u00e3o de institui\u00e7\u00f5es de caridade, organiza\u00e7\u00f5es sem fins lucrativos e empresas.<\/li>\n<li><b>Superf\u00edcie personaliz\u00e1vel:<\/b> Ideal para adicionar um logotipo impresso em serigrafia ou uma mensagem promocional.<\/li>\n<li><b>Identidade visual com boa rela\u00e7\u00e3o custo-benef\u00edcio:<\/b> Uma excelente solu\u00e7\u00e3o para encomendas em grande quantidade e distribui\u00e7\u00e3o promocional em larga escala.<\/li>\n<\/ul>","protected":false},"excerpt":{"rendered":"<article class=\"text-token-text-primary w-full\" dir=\"auto\" data-testid=\"conversation-turn-2\" data-scroll-anchor=\"true\">\n<div class=\"text-base my-auto mx-auto py-5 [--thread-content-margin:--spacing(4)] @[37rem]:[--thread-content-margin:--spacing(6)] @[72rem]:[--thread-content-margin:--spacing(16)] px-(--thread-content-margin)\">\n<div class=\"[--thread-content-max-width:32rem] @[34rem]:[--thread-content-max-width:40rem] @[64rem]:[--thread-content-max-width:48rem] mx-auto flex max-w-(--thread-content-max-width) flex-1 text-base gap-4 md:gap-5 lg:gap-6 group\/turn-messages focus-visible:outline-hidden\" tabindex=\"-1\">\n<div class=\"group\/conversation-turn relative flex w-full min-w-0 flex-col agent-turn\">\n<div class=\"relative flex-col gap-1 md:gap-3\">\n<div class=\"flex max-w-full flex-col grow\">\n<div class=\"min-h-8 text-message relative flex w-full flex-col items-end gap-2 text-start break-words whitespace-normal [.text-message+&amp;]:mt-5\" dir=\"auto\" data-message-author-role=\"assistant\" data-message-id=\"d5fd0877-4229-4aba-9632-b344fd91f147\" data-message-model-slug=\"gpt-4o\">\n<div class=\"flex w-full flex-col gap-1 empty:hidden first:pt-[3px]\">\n<div class=\"markdown prose dark:prose-invert w-full break-words light\">\n<ul>\n<li>Fecho sem impress\u00e3o com amarra\u00e7\u00e3o autom\u00e1tica para f\u00e1cil distribui\u00e7\u00e3o em massa.<\/li>\n<li>Fita de poli\u00e9ster macia com acabamento acetinado.<\/li>\n<li>Excelente para campanhas de conscientiza\u00e7\u00e3o, organiza\u00e7\u00f5es sem fins lucrativos e brindes em eventos.<\/li>\n<li>Personalize com o logotipo ou a mensagem da sua organiza\u00e7\u00e3o.<\/li>\n<\/ul>\n<\/div>\n<\/div>\n<\/div>\n<\/div>\n<\/div>\n<\/div>\n<\/div>\n<\/div>\n<\/article>","protected":false},"featured_media":6255,"comment_status":"closed","ping_status":"closed","template":"","meta":[],"product_brand":[],"product_cat":[66,96],"product_tag":[],"class_list":{"0":"post-3867","1":"product","2":"type-product","3":"status-publish","4":"has-post-thumbnail","6":"product_cat-wristbands","7":"product_cat-ribbons","9":"first","10":"instock","11":"shipping-taxable","12":"purchasable","13":"product-type-simple"},"_links":{"self":[{"href":"https:\/\/displayproducts.eu\/pt\/wp-json\/wp\/v2\/product\/3867","targetHints":{"allow":["GET"]}}],"collection":[{"href":"https:\/\/displayproducts.eu\/pt\/wp-json\/wp\/v2\/product"}],"about":[{"href":"https:\/\/displayproducts.eu\/pt\/wp-json\/wp\/v2\/types\/product"}],"replies":[{"embeddable":true,"href":"https:\/\/displayproducts.eu\/pt\/wp-json\/wp\/v2\/comments?post=3867"}],"wp:featuredmedia":[{"embeddable":true,"href":"https:\/\/displayproducts.eu\/pt\/wp-json\/wp\/v2\/media\/6255"}],"wp:attachment":[{"href":"https:\/\/displayproducts.eu\/pt\/wp-json\/wp\/v2\/media?parent=3867"}],"wp:term":[{"taxonomy":"product_brand","embeddable":true,"href":"https:\/\/displayproducts.eu\/pt\/wp-json\/wp\/v2\/product_brand?post=3867"},{"taxonomy":"product_cat","embeddable":true,"href":"https:\/\/displayproducts.eu\/pt\/wp-json\/wp\/v2\/product_cat?post=3867"},{"taxonomy":"product_tag","embeddable":true,"href":"https:\/\/displayproducts.eu\/pt\/wp-json\/wp\/v2\/product_tag?post=3867"}],"curies":[{"name":"wp","href":"https:\/\/api.w.org\/{rel}","templated":true}]}}