{"id":3823,"date":"2025-05-06T18:09:47","date_gmt":"2025-05-06T15:09:47","guid":{"rendered":"https:\/\/wristbandfactory.eu\/?post_type=product&#038;p=3823"},"modified":"2026-04-01T21:52:36","modified_gmt":"2026-04-01T18:52:36","slug":"tyvek-safety-wristbands-for-children","status":"publish","type":"product","link":"https:\/\/displayproducts.eu\/pt\/p\/tyvek-safety-wristbands-for-children\/","title":{"rendered":"Pulseiras de seguran\u00e7a Tyvek para crian\u00e7as"},"content":{"rendered":"<p>Organizar eventos envolvendo crian\u00e7as exige uma camada extra de seguran\u00e7a. Nossas pulseiras de seguran\u00e7a Tyvek para crian\u00e7as oferecem uma solu\u00e7\u00e3o sem impress\u00e3o, eficaz e altamente vis\u00edvel para manter os pequenos participantes seguros, identificados e facilmente identific\u00e1veis, proporcionando tranquilidade valiosa aos funcion\u00e1rios e pais.<\/p>\n<p>Estas pulseiras foram especialmente concebidas para se ajustarem de forma confort\u00e1vel e segura a pulsos mais finos. Fabricadas com o aut\u00eantico DuPont\u2122 Tyvek\u00ae, s\u00e3o incrivelmente leves, mas suficientemente resistentes para suportar atividades intensas sem rasgar. O material imperme\u00e1vel torna-as perfeitas para qualquer ocasi\u00e3o, desde excurs\u00f5es escolares a acampamentos de ver\u00e3o e parques aqu\u00e1ticos.<\/p>\n<p>Cada pulseira possui um fecho adesivo seguro e de uso \u00fanico que impede sua transfer\u00eancia, o que \u00e9 essencial para manter contagens precisas e um controle de acesso confi\u00e1vel. A \u00e1rea de impress\u00e3o dedicada de 60 x 20 mm permite adicionar informa\u00e7\u00f5es vitais, como o nome do grupo, um n\u00famero de contato de emerg\u00eancia ou avisos de alergia, transformando uma sem impress\u00e3o ferramenta de identifica\u00e7\u00e3o em um dispositivo de seguran\u00e7a crucial.<\/p>\n<p><b>Principais caracter\u00edsticas:<\/b><\/p>\n<ul>\n<li><b>Material Tyvek\u00ae genu\u00edno:<\/b> Dur\u00e1vel, leve, imperme\u00e1vel e resistente a rasgos, para suportar o uso ativo durante todo o dia.<\/li>\n<li><b>Tamanhos espec\u00edficos para crian\u00e7as:<\/b> Projetado para um ajuste seguro e confort\u00e1vel em pulsos menores.<\/li>\n<li><b>Fechamento seguro:<\/b> O fecho adesivo inviol\u00e1vel com trava de seguran\u00e7a impede a transfer\u00eancia entre crian\u00e7as.<\/li>\n<li><b>Impress\u00e3o de seguran\u00e7a personalizada:<\/b> Uma \u00e1rea de 60 x 20 mm para adicionar informa\u00e7\u00f5es vitais, como n\u00fameros de contato ou avisos de alergia.<\/li>\n<li><b>Cores de alta visibilidade:<\/b> Dispon\u00edvel em azul brilhante, vermelho e amarelo para f\u00e1cil identifica\u00e7\u00e3o visual do grupo.<\/li>\n<li><b>Distribui\u00e7\u00e3o f\u00e1cil:<\/b> Fornecido em folhas de 10 unidades para facilitar o manuseio e a impress\u00e3o.<\/li>\n<\/ul>","protected":false},"excerpt":{"rendered":"<ul>\n<li>Tamanho espec\u00edfico para um ajuste seguro e confort\u00e1vel nos pulsos das crian\u00e7as.<\/li>\n<li>Material Tyvek\u00ae dur\u00e1vel, imperme\u00e1vel e resistente a rasgos, ideal para brincar o dia todo.<\/li>\n<li>Fecho adesivo seguro e inviol\u00e1vel com trava de seguran\u00e7a.<\/li>\n<li>Personalize com n\u00fameros de contato de emerg\u00eancia ou informa\u00e7\u00f5es sobre alergias (\u00e1rea de impress\u00e3o de 60x20mm).<\/li>\n<\/ul>","protected":false},"featured_media":6124,"comment_status":"closed","ping_status":"closed","template":"","meta":[],"product_brand":[],"product_cat":[66,41,68],"product_tag":[],"class_list":{"0":"post-3823","1":"product","2":"type-product","3":"status-publish","4":"has-post-thumbnail","6":"product_cat-wristbands","7":"product_cat-tyvek","8":"product_cat-event-supplies","10":"first","11":"instock","12":"shipping-taxable","13":"purchasable","14":"product-type-simple"},"_links":{"self":[{"href":"https:\/\/displayproducts.eu\/pt\/wp-json\/wp\/v2\/product\/3823","targetHints":{"allow":["GET"]}}],"collection":[{"href":"https:\/\/displayproducts.eu\/pt\/wp-json\/wp\/v2\/product"}],"about":[{"href":"https:\/\/displayproducts.eu\/pt\/wp-json\/wp\/v2\/types\/product"}],"replies":[{"embeddable":true,"href":"https:\/\/displayproducts.eu\/pt\/wp-json\/wp\/v2\/comments?post=3823"}],"wp:featuredmedia":[{"embeddable":true,"href":"https:\/\/displayproducts.eu\/pt\/wp-json\/wp\/v2\/media\/6124"}],"wp:attachment":[{"href":"https:\/\/displayproducts.eu\/pt\/wp-json\/wp\/v2\/media?parent=3823"}],"wp:term":[{"taxonomy":"product_brand","embeddable":true,"href":"https:\/\/displayproducts.eu\/pt\/wp-json\/wp\/v2\/product_brand?post=3823"},{"taxonomy":"product_cat","embeddable":true,"href":"https:\/\/displayproducts.eu\/pt\/wp-json\/wp\/v2\/product_cat?post=3823"},{"taxonomy":"product_tag","embeddable":true,"href":"https:\/\/displayproducts.eu\/pt\/wp-json\/wp\/v2\/product_tag?post=3823"}],"curies":[{"name":"wp","href":"https:\/\/api.w.org\/{rel}","templated":true}]}}