{"id":3583,"date":"2025-03-24T15:51:08","date_gmt":"2025-03-24T12:51:08","guid":{"rendered":"https:\/\/wristbandfactory.eu\/?post_type=product&#038;p=3583"},"modified":"2026-04-01T21:52:36","modified_gmt":"2026-04-01T18:52:36","slug":"rpet-lanyards-with-wheat-straw-breakaway","status":"publish","type":"product","link":"https:\/\/displayproducts.eu\/pt\/p\/rpet-lanyards-with-wheat-straw-breakaway\/","title":{"rendered":"Fitas de pesco\u00e7o de pesco\u00e7o rPET com fecho de palha de trigo"},"content":{"rendered":"<p data-path-to-node=\"11\">Torne vis\u00edvel o compromisso da sua organiza\u00e7\u00e3o com a sustentabilidade em cada detalhe com o nosso <b>Cord\u00f5es de rPET com fecho de palha de trigo destac\u00e1vel<\/b>. Este n\u00e3o \u00e9 apenas um cord\u00e3o; \u00e9 um conjunto completo de identifica\u00e7\u00e3o ecol\u00f3gica, projetado para empresas que desejam eliminar completamente o pl\u00e1stico virgem de seus eventos.<\/p>\n<p data-path-to-node=\"12\">A al\u00e7a do cord\u00e3o \u00e9 feita de <b>100% PET reciclado (rPET)<\/b>, Dando uma nova vida \u00e0s garrafas de pl\u00e1stico p\u00f3s-consumo. Ao contr\u00e1rio das op\u00e7\u00f5es padr\u00e3o, este modelo resolve o problema do &quot;pl\u00e1stico oculto&quot;: o clipe de seguran\u00e7a destac\u00e1vel opcional \u00e9 feito de <b>palha de trigo dur\u00e1vel<\/b>, um subproduto biodegrad\u00e1vel de origem vegetal. Este material comp\u00f3sito natural \u00e9 t\u00e3o resistente quanto o pl\u00e1stico, mas reduz significativamente o impacto ambiental.<\/p>\n<p data-path-to-node=\"13\">Para completar o conjunto, inclu\u00edmos um modelo leve. <b>porta-crach\u00e1 de papel recicl\u00e1vel<\/b>, garantindo que at\u00e9 mesmo o revestimento do crach\u00e1 esteja alinhado com seus valores ecol\u00f3gicos. O tecido rPET liso \u00e9 perfeito para <b>sublima\u00e7\u00e3o de tinta em cores plenas<\/b>, permitindo que voc\u00ea exiba sua identidade visual com detalhes n\u00edtidos e fotorrealistas em ambos os lados da pulseira. Esta \u00e9 a escolha ideal para &quot;Confer\u00eancias Verdes&quot; de alto n\u00edvel, onde cada detalhe conta.<\/p>\n<p data-path-to-node=\"14\"><b>Principais caracter\u00edsticas:<\/b><\/p>\n<ul data-path-to-node=\"15\">\n<li>\n<p data-path-to-node=\"15,0,0\"><b>Material do cord\u00e3o:<\/b> 100% rPET (reciclado a partir de garrafas PET p\u00f3s-consumo).<\/p>\n<\/li>\n<li>\n<p data-path-to-node=\"15,1,0\"><b>Inova\u00e7\u00e3o:<\/b> Dispositivo de seguran\u00e7a destac\u00e1vel feito de material biodegrad\u00e1vel <b>Palha de trigo<\/b>.<\/p>\n<\/li>\n<li>\n<p data-path-to-node=\"15,2,0\"><b>Impress\u00e3o:<\/b> Impress\u00e3o por sublima\u00e7\u00e3o de tinta em cores plenas e frente e verso para gr\u00e1ficos complexos.<\/p>\n<\/li>\n<li>\n<p data-path-to-node=\"15,3,0\"><b>Conjunto completo:<\/b> Inclui um porta-crach\u00e1 de papel recicl\u00e1vel como item padr\u00e3o.<\/p>\n<\/li>\n<li>\n<p data-path-to-node=\"15,4,0\"><b>Ecoconsciente:<\/b> Combina res\u00edduos reciclados e materiais vegetais renov\u00e1veis.<\/p>\n<\/li>\n<li>\n<p data-path-to-node=\"15,5,0\"><b>Seguran\u00e7a:<\/b> O clipe para palha de trigo se solta sob tens\u00e3o para evitar ferimentos.<\/p>\n<\/li>\n<\/ul>","protected":false},"excerpt":{"rendered":"<ul data-path-to-node=\"9\">\n<li>\n<p data-path-to-node=\"9,0,0\"><b>Hardware com redu\u00e7\u00e3o de pl\u00e1stico:<\/b> Apresenta um clipe de seguran\u00e7a destac\u00e1vel exclusivo, feito de material biodegrad\u00e1vel. <b>palha de trigo<\/b> em vez de pl\u00e1stico padr\u00e3o.<\/p>\n<\/li>\n<li>\n<p data-path-to-node=\"9,1,0\"><b>Conjunto Ecol\u00f3gico Completo:<\/b> Inclui um cord\u00e3o de PET reciclado 100% e um produto recicl\u00e1vel. <b>porta-documentos de papel<\/b> para uma solu\u00e7\u00e3o totalmente sustent\u00e1vel.<\/p>\n<\/li>\n<li>\n<p data-path-to-node=\"9,2,0\"><b>Identidade visual em cores:<\/b> A impress\u00e3o por sublima\u00e7\u00e3o de tinta de alta defini\u00e7\u00e3o permite designs vibrantes, de ponta a ponta, em ambos os lados.<\/p>\n<\/li>\n<li>\n<p data-path-to-node=\"9,3,0\"><b>Economia Circular:<\/b> D\u00e1 uma nova vida aos res\u00edduos pl\u00e1sticos (1 cord\u00e3o \u2248 1 garrafa de pl\u00e1stico) utilizando materiais vegetais renov\u00e1veis.<\/p>\n<\/li>\n<\/ul>","protected":false},"featured_media":6632,"comment_status":"closed","ping_status":"closed","template":"","meta":[],"product_brand":[],"product_cat":[104,106,107,68],"product_tag":[],"class_list":{"0":"post-3583","1":"product","2":"type-product","3":"status-publish","4":"has-post-thumbnail","6":"product_cat-custom-printed-lanyards","7":"product_cat-breakaway-lanyards","8":"product_cat-eco-friendly-lanyards","9":"product_cat-event-supplies","11":"first","12":"instock","13":"shipping-taxable","14":"purchasable","15":"product-type-simple"},"_links":{"self":[{"href":"https:\/\/displayproducts.eu\/pt\/wp-json\/wp\/v2\/product\/3583","targetHints":{"allow":["GET"]}}],"collection":[{"href":"https:\/\/displayproducts.eu\/pt\/wp-json\/wp\/v2\/product"}],"about":[{"href":"https:\/\/displayproducts.eu\/pt\/wp-json\/wp\/v2\/types\/product"}],"replies":[{"embeddable":true,"href":"https:\/\/displayproducts.eu\/pt\/wp-json\/wp\/v2\/comments?post=3583"}],"wp:featuredmedia":[{"embeddable":true,"href":"https:\/\/displayproducts.eu\/pt\/wp-json\/wp\/v2\/media\/6632"}],"wp:attachment":[{"href":"https:\/\/displayproducts.eu\/pt\/wp-json\/wp\/v2\/media?parent=3583"}],"wp:term":[{"taxonomy":"product_brand","embeddable":true,"href":"https:\/\/displayproducts.eu\/pt\/wp-json\/wp\/v2\/product_brand?post=3583"},{"taxonomy":"product_cat","embeddable":true,"href":"https:\/\/displayproducts.eu\/pt\/wp-json\/wp\/v2\/product_cat?post=3583"},{"taxonomy":"product_tag","embeddable":true,"href":"https:\/\/displayproducts.eu\/pt\/wp-json\/wp\/v2\/product_tag?post=3583"}],"curies":[{"name":"wp","href":"https:\/\/api.w.org\/{rel}","templated":true}]}}