{"id":3045,"date":"2025-02-05T15:13:29","date_gmt":"2025-02-05T12:13:29","guid":{"rendered":"https:\/\/wristbandfactory.eu\/toode\/silicone-printed-keychain\/"},"modified":"2026-04-01T21:52:04","modified_gmt":"2026-04-01T18:52:04","slug":"silicone-print-nylon-keychains","status":"publish","type":"product","link":"https:\/\/displayproducts.eu\/pt\/p\/silicone-print-nylon-keychains\/","title":{"rendered":"Chaveiros de nylon com impress\u00e3o em silicone"},"content":{"rendered":"<p data-path-to-node=\"12\">Melhore seus brindes promocionais com nossos produtos. <b data-path-to-node=\"12\" data-index-in-node=\"71\">Chaveiros de nylon com impress\u00e3o de silicone personalizada<\/b>. Esses n\u00e3o s\u00e3o apenas cord\u00f5es comuns; s\u00e3o acess\u00f3rios de alta durabilidade projetados para uso prolongado. O diferencial est\u00e1 na... <b data-path-to-node=\"12\" data-index-in-node=\"240\">tecnologia de impress\u00e3o em silicone em relevo<\/b>, que deposita uma camada espessa e flex\u00edvel de silicone sobre a pulseira de nylon. Isso cria um efeito 3D vibrante e t\u00e1til, imposs\u00edvel de ignorar e altamente resistente ao desbotamento, rachaduras ou descascamento.<\/p>\n<h2 data-path-to-node=\"13\">Principais caracter\u00edsticas<\/h2>\n<ul data-path-to-node=\"14\">\n<li>\n<p data-path-to-node=\"14,0,0\"><b data-path-to-node=\"14,0,0\" data-index-in-node=\"0\">Impress\u00e3o em silicone premium:<\/b> Diferentemente da tinta plana, nossa impress\u00e3o em silicone adiciona textura e dimens\u00e3o ao seu logotipo, conferindo-lhe uma apar\u00eancia e toque sofisticados.<\/p>\n<\/li>\n<li>\n<p data-path-to-node=\"14,1,1\"><span data-path-to-node=\"14,1,1,0\"><b data-path-to-node=\"14,1,1,0\" data-index-in-node=\"0\"><span class=\"citation-9\">Constru\u00e7\u00e3o robusta em nylon:<\/span><\/b><span class=\"citation-9\"> Fabricado com fita de nylon de alta resist\u00eancia.<\/span><\/span><span data-path-to-node=\"14,1,1,2\">, Esta al\u00e7a foi projetada para resistir ao uso di\u00e1rio, sendo ideal para marcas de produtos para atividades ao ar livre, empresas automotivas e equipes esportivas.<\/span><\/p>\n<\/li>\n<li>\n<p data-path-to-node=\"14,2,0\"><b data-path-to-node=\"14,2,0\" data-index-in-node=\"0\">Sistema de fixa\u00e7\u00e3o dupla:<\/b> A m\u00e1xima versatilidade \u00e9 garantida por uma estrutura robusta. <b data-path-to-node=\"14,2,0\" data-index-in-node=\"69\">mosquet\u00e3o<\/b> para presilhas de cinto ou bolsas, al\u00e9m de um cl\u00e1ssico <b data-path-to-node=\"14,2,0\" data-index-in-node=\"118\">anel dividido<\/b> para chaves.<\/p>\n<\/li>\n<li>\n<p data-path-to-node=\"14,3,0\"><b data-path-to-node=\"14,3,0\" data-index-in-node=\"0\">Precis\u00e3o Pantone:<\/b> Oferecemos correspond\u00eancia total de cores para a al\u00e7a de nylon, garantindo que ela se alinhe perfeitamente com a identidade corporativa da sua empresa.<\/p>\n<\/li>\n<\/ul>\n<h2 data-path-to-node=\"15\">Especifica\u00e7\u00f5es<\/h2>\n<ul data-path-to-node=\"16\">\n<li>\n<p data-path-to-node=\"16,0,0\"><b data-path-to-node=\"16,0,0\" data-index-in-node=\"0\">Material:<\/b> Fita de nylon refor\u00e7ada.<\/p>\n<\/li>\n<li>\n<p data-path-to-node=\"16,1,0\"><b data-path-to-node=\"16,1,0\" data-index-in-node=\"0\">T\u00e9cnica de impress\u00e3o:<\/b> Impress\u00e3o em silicone em relevo (efeito 3D).<\/p>\n<\/li>\n<li>\n<p data-path-to-node=\"16,2,0\"><b data-path-to-node=\"16,2,0\" data-index-in-node=\"0\">Dimens\u00f5es:<\/b> Tamanho padr\u00e3o 25 x 150 mm (Tamanhos personalizados dispon\u00edveis).<\/p>\n<\/li>\n<li>\n<p data-path-to-node=\"16,3,0\"><b data-path-to-node=\"16,3,0\" data-index-in-node=\"0\">Acess\u00f3rios:<\/b> Mosquet\u00e3o de metal + Argola dividida.<\/p>\n<\/li>\n<li>\n<p data-path-to-node=\"16,4,0\"><b data-path-to-node=\"16,4,0\" data-index-in-node=\"0\">Quantidade m\u00ednima de encomenda:<\/b> 100 unidades.<\/p>\n<\/li>\n<li>\n<p data-path-to-node=\"16,5,0\"><b data-path-to-node=\"16,5,0\" data-index-in-node=\"0\">Tempo de produ\u00e7\u00e3o:<\/b> Aproximadamente 18 a 20 dias.<\/p>\n<\/li>\n<\/ul>\n<h2 data-path-to-node=\"17\">Casos de uso<\/h2>\n<ul data-path-to-node=\"18\">\n<li>\n<p data-path-to-node=\"18,0,0\"><b data-path-to-node=\"18,0,0\" data-index-in-node=\"0\">Concession\u00e1rias de ve\u00edculos:<\/b> Um brinde valioso para chaves de carro novas que os clientes usar\u00e3o diariamente.<\/p>\n<\/li>\n<li>\n<p data-path-to-node=\"18,1,0\"><b data-path-to-node=\"18,1,0\" data-index-in-node=\"0\">Marcas de artigos para atividades ao ar livre e aventura:<\/b> O nylon resistente e o mosquet\u00e3o combinam perfeitamente com um estilo de vida ativo.<\/p>\n<\/li>\n<li>\n<p data-path-to-node=\"18,2,0\"><b data-path-to-node=\"18,2,0\" data-index-in-node=\"0\">Brindes corporativos:<\/b> Uma alternativa t\u00e1til e de alta qualidade aos chaveiros de poli\u00e9ster padr\u00e3o para kits de boas-vindas de funcion\u00e1rios.<\/p>\n<\/li>\n<li>\n<p data-path-to-node=\"18,3,0\"><b data-path-to-node=\"18,3,0\" data-index-in-node=\"0\">Agentes Imobili\u00e1rios:<\/b> Um chaveiro dur\u00e1vel e memor\u00e1vel para a mudan\u00e7a para uma nova casa.<\/p>\n<\/li>\n<\/ul>","protected":false},"excerpt":{"rendered":"<ul>\n<li>\n<p data-path-to-node=\"11,0,0\"><b data-path-to-node=\"11,0,0\" data-index-in-node=\"0\">Identidade visual t\u00e1til em 3D:<\/b> A impress\u00e3o em silicone em relevo cria um efeito de logotipo premium e dur\u00e1vel.<\/p>\n<\/li>\n<li>\n<p data-path-to-node=\"11,1,0\"><b data-path-to-node=\"11,1,0\" data-index-in-node=\"0\">Material resistente:<\/b> Fabricado com fita de nylon resistente e dur\u00e1vel.<\/p>\n<\/li>\n<li>\n<p data-path-to-node=\"11,2,0\"><b data-path-to-node=\"11,2,0\" data-index-in-node=\"0\">Acess\u00f3rio vers\u00e1til:<\/b> Acompanha um mosquet\u00e3o e uma argola de fixa\u00e7\u00e3o padr\u00e3o.<\/p>\n<\/li>\n<li>\n<p data-path-to-node=\"11,3,0\"><b data-path-to-node=\"11,3,0\" data-index-in-node=\"0\">Totalmente personalizado:<\/b> Correspond\u00eancia de cores Pantone dispon\u00edvel para a al\u00e7a e a estampa.<\/p>\n<\/li>\n<\/ul>","protected":false},"featured_media":6655,"comment_status":"closed","ping_status":"closed","template":"","meta":[],"product_brand":[],"product_cat":[94],"product_tag":[],"class_list":{"0":"post-3045","1":"product","2":"type-product","3":"status-publish","4":"has-post-thumbnail","6":"product_cat-keychains","8":"first","9":"instock","10":"shipping-taxable","11":"purchasable","12":"product-type-simple"},"_links":{"self":[{"href":"https:\/\/displayproducts.eu\/pt\/wp-json\/wp\/v2\/product\/3045","targetHints":{"allow":["GET"]}}],"collection":[{"href":"https:\/\/displayproducts.eu\/pt\/wp-json\/wp\/v2\/product"}],"about":[{"href":"https:\/\/displayproducts.eu\/pt\/wp-json\/wp\/v2\/types\/product"}],"replies":[{"embeddable":true,"href":"https:\/\/displayproducts.eu\/pt\/wp-json\/wp\/v2\/comments?post=3045"}],"wp:featuredmedia":[{"embeddable":true,"href":"https:\/\/displayproducts.eu\/pt\/wp-json\/wp\/v2\/media\/6655"}],"wp:attachment":[{"href":"https:\/\/displayproducts.eu\/pt\/wp-json\/wp\/v2\/media?parent=3045"}],"wp:term":[{"taxonomy":"product_brand","embeddable":true,"href":"https:\/\/displayproducts.eu\/pt\/wp-json\/wp\/v2\/product_brand?post=3045"},{"taxonomy":"product_cat","embeddable":true,"href":"https:\/\/displayproducts.eu\/pt\/wp-json\/wp\/v2\/product_cat?post=3045"},{"taxonomy":"product_tag","embeddable":true,"href":"https:\/\/displayproducts.eu\/pt\/wp-json\/wp\/v2\/product_tag?post=3045"}],"curies":[{"name":"wp","href":"https:\/\/api.w.org\/{rel}","templated":true}]}}