{"id":1382,"date":"2024-07-17T13:03:02","date_gmt":"2024-07-17T10:03:02","guid":{"rendered":"https:\/\/wristbandfactory.eu\/toode\/lanyard-made-of-1-5-cm-rpet-with-cup-holder-sublimation-print\/"},"modified":"2026-04-01T21:52:36","modified_gmt":"2026-04-01T18:52:36","slug":"printed-lanyards-with-cup-holder","status":"publish","type":"product","link":"https:\/\/displayproducts.eu\/pt\/p\/printed-lanyards-with-cup-holder\/","title":{"rendered":"Cord\u00f5es impressos com porta-copos"},"content":{"rendered":"<div class=\"flex flex-grow flex-col max-w-full\">\n<div class=\"min-h-[20px] text-message flex flex-col items-start whitespace-pre-wrap break-words [.text-message+&amp;]:mt-5 juice:w-full juice:items-end overflow-x-auto gap-2\" dir=\"auto\" data-message-author-role=\"assistant\" data-message-id=\"29d0cc2f-9703-4b46-a2f3-f0401257c60f\">\n<div class=\"flex w-full flex-col gap-1 juice:empty:hidden juice:first:pt-[3px]\">\n<div class=\"markdown prose w-full break-words dark:prose-invert light\">\n<p>Melhore a experi\u00eancia dos participantes do seu pr\u00f3ximo festival, confer\u00eancia ou evento ao ar livre. Nossos Cord\u00f5es Impressos com Porta-Copos oferecem uma solu\u00e7\u00e3o altamente pr\u00e1tica, permitindo que seus convidados, funcion\u00e1rios ou VIPs fiquem com as m\u00e3os livres, mantendo sua marca claramente vis\u00edvel.<\/p>\n<p>Este cord\u00e3o funcional \u00e9 confeccionado em poli\u00e9ster RPET tran\u00e7ado e resistente, demonstrando o compromisso da sua marca com escolhas sustent\u00e1veis. O pre\u00e7o inclui uma impress\u00e3o sublim\u00e1tica vibrante e colorida em ambos os lados, perfeita para logotipos complexos, designs detalhados e cores ilimitadas. O porta-copos de silicone flex\u00edvel e universal (6 cm de di\u00e2metro) segura com seguran\u00e7a a maioria dos copos padr\u00e3o para eventos (observa\u00e7\u00e3o: copo n\u00e3o inclu\u00eddo). Este cord\u00e3o \u00e9 o acess\u00f3rio ideal para qualquer evento com bebidas, garantindo que sua marca permane\u00e7a em destaque.<\/p>\n<p><b>Principais caracter\u00edsticas:<\/b><\/p>\n<ul>\n<li><b>Material:<\/b> RPET (poli\u00e9ster reciclado) tecido forte de 1,5 cm<\/li>\n<li><b>Titular:<\/b> Silicone universal (\u00d8 6 cm)<\/li>\n<li><b>Impress\u00e3o:<\/b> Impress\u00e3o por sublima\u00e7\u00e3o em cores (ambos os lados inclu\u00eddos)<\/li>\n<li><b>Beneficiar:<\/b> Mant\u00e9m as m\u00e3os livres; perfeito para programas de copos reutiliz\u00e1veis<\/li>\n<li><b>Ideal para:<\/b> Festivais, concertos, feiras e passeios corporativos<\/li>\n<li><b>Origem:<\/b> Feito na Europa<\/li>\n<\/ul>\n<p>&nbsp;<\/p>\n<\/div>\n<\/div>\n<\/div>\n<\/div>","protected":false},"excerpt":{"rendered":"<ul>\n<li>Oferece conveni\u00eancia de viva-voz em festivais e eventos ao ar livre.<\/li>\n<li>Impress\u00e3o por sublima\u00e7\u00e3o dupla face colorida para m\u00e1xima visibilidade da marca.<\/li>\n<li>Feito de material RPET (reciclado) dur\u00e1vel e ecol\u00f3gico.<\/li>\n<li>Suporte universal de silicone (\u00d8 6 cm) compat\u00edvel com a maioria dos copos reutiliz\u00e1veis.<\/li>\n<\/ul>","protected":false},"featured_media":6564,"comment_status":"closed","ping_status":"closed","template":"","meta":[],"product_brand":[],"product_cat":[43,108,68,119],"product_tag":[],"class_list":{"0":"post-1382","1":"product","2":"type-product","3":"status-publish","4":"has-post-thumbnail","6":"product_cat-lanyards","7":"product_cat-multifunctional-lanyards","8":"product_cat-event-supplies","9":"product_cat-drinkware-accessories","11":"first","12":"instock","13":"shipping-taxable","14":"purchasable","15":"product-type-simple"},"_links":{"self":[{"href":"https:\/\/displayproducts.eu\/pt\/wp-json\/wp\/v2\/product\/1382","targetHints":{"allow":["GET"]}}],"collection":[{"href":"https:\/\/displayproducts.eu\/pt\/wp-json\/wp\/v2\/product"}],"about":[{"href":"https:\/\/displayproducts.eu\/pt\/wp-json\/wp\/v2\/types\/product"}],"replies":[{"embeddable":true,"href":"https:\/\/displayproducts.eu\/pt\/wp-json\/wp\/v2\/comments?post=1382"}],"wp:featuredmedia":[{"embeddable":true,"href":"https:\/\/displayproducts.eu\/pt\/wp-json\/wp\/v2\/media\/6564"}],"wp:attachment":[{"href":"https:\/\/displayproducts.eu\/pt\/wp-json\/wp\/v2\/media?parent=1382"}],"wp:term":[{"taxonomy":"product_brand","embeddable":true,"href":"https:\/\/displayproducts.eu\/pt\/wp-json\/wp\/v2\/product_brand?post=1382"},{"taxonomy":"product_cat","embeddable":true,"href":"https:\/\/displayproducts.eu\/pt\/wp-json\/wp\/v2\/product_cat?post=1382"},{"taxonomy":"product_tag","embeddable":true,"href":"https:\/\/displayproducts.eu\/pt\/wp-json\/wp\/v2\/product_tag?post=1382"}],"curies":[{"name":"wp","href":"https:\/\/api.w.org\/{rel}","templated":true}]}}