{"id":1318,"date":"2024-07-15T16:02:04","date_gmt":"2024-07-15T13:02:04","guid":{"rendered":"https:\/\/wristbandfactory.eu\/toode\/reflective-wristbands-with-your-logo-or-text\/"},"modified":"2026-04-01T21:52:36","modified_gmt":"2026-04-01T18:52:36","slug":"custom-reflective-wristbands","status":"publish","type":"product","link":"https:\/\/displayproducts.eu\/pt\/p\/custom-reflective-wristbands\/","title":{"rendered":"Pulseiras refletoras personalizadas"},"content":{"rendered":"<div id=\"row-1593974699\" class=\"row\">\n<div id=\"col-995438329\" class=\"col large-12\">\n<div class=\"col-inner\">\n<div id=\"row-791971907\" class=\"row\">\n<div id=\"col-16588895\" class=\"col medium-6 small-12 large-6\">\n<div class=\"col-inner\">\n<p>A pulseira refletiva \u00e9 exatamente um acess\u00f3rio de seguran\u00e7a no tr\u00e2nsito, mas ao mesmo tempo \u00e9 um item incr\u00edvel que adiciona cor a qualquer ocasi\u00e3o e certamente chama a aten\u00e7\u00e3o. A estampa nela n\u00e3o passar\u00e1 despercebida!<\/p>\n<\/div>\n<\/div>\n<\/div>\n<\/div>\n<\/div>\n<\/div>\n<div id=\"row-409931730\" class=\"row row-collapse row-full-width\">\n<div id=\"col-2034900180\" class=\"col medium-6 small-12 large-6\">\n<div class=\"col-inner\">\n<div id=\"banner-1604496982\" class=\"banner has-hover\">\n<div class=\"banner-inner fill\">\n<div class=\"banner-bg fill\">\n<div id=\"col-1323287833\" class=\"col medium-6 small-12 large-6\">\n<div class=\"col-inner\">\n<div id=\"banner-2078467548\" class=\"banner has-hover\">\n<div class=\"banner-inner fill\">\n<div class=\"banner-layers container\">\n<div id=\"text-box-1244032241\" class=\"text-box banner-layer x50 md-x50 lg-x50 y50 md-y50 lg-y50 res-text\">\n<div class=\"text-box-content text\">\n<div class=\"text-inner text-left\">\n<p>Pulseiras funcionam muito bem o tempo todo, especialmente \u00e0 noite, quando voc\u00ea pode ver suas propriedades refletivas. Assim, o logotipo aplicado nas pulseiras ficar\u00e1 claramente vis\u00edvel tanto durante o dia quanto \u00e0 noite!<\/p>\n<\/div>\n<\/div>\n<\/div>\n<\/div>\n<\/div>\n<\/div>\n<\/div>\n<\/div>\n<div id=\"col-127032908\" class=\"col medium-6 small-12 large-6 small-col-first\">\n<div class=\"col-inner\">\n<div id=\"banner-57269498\" class=\"banner has-hover\">\n<div class=\"banner-inner fill\">\n<div class=\"banner-bg fill\">\n<div id=\"row-949958656\" class=\"row row-collapse row-full-width\">\n<div id=\"col-29993759\" class=\"col medium-6 small-12 large-6\">\n<div class=\"col-inner\">\n<div id=\"banner-473447867\" class=\"banner has-hover\">\n<div class=\"banner-inner fill\">\n<div class=\"banner-layers container\">\n<div id=\"text-box-1373704033\" class=\"text-box banner-layer x50 md-x50 lg-x50 y50 md-y50 lg-y50 res-text\">\n<div class=\"text-box-content text\">\n<div class=\"text-inner text-center\">\n<p>As pulseiras refletivas s\u00e3o uma pe\u00e7a de roupa indispens\u00e1vel em condi\u00e7\u00f5es clim\u00e1ticas adversas e \u00e0 noite \u2013 gra\u00e7as a elas, os usu\u00e1rios das estradas ficar\u00e3o mais vis\u00edveis e, portanto, mais seguros.<\/p>\n<\/div>\n<\/div>\n<\/div>\n<\/div>\n<\/div>\n<\/div>\n<\/div>\n<\/div>\n<\/div>\n<div id=\"row-402527630\" class=\"row row-collapse row-full-width\">\n<div id=\"col-2059071681\" class=\"col medium-6 small-12 large-6\">\n<div class=\"col-inner\">\n<div id=\"banner-1670317913\" class=\"banner has-hover\">\n<div class=\"banner-inner fill\">\n<div class=\"banner-bg fill\">\n<div id=\"col-2059071681\" class=\"col medium-6 small-12 large-6\">\n<div class=\"col-inner\">\n<div id=\"banner-1670317913\" class=\"banner has-hover\">\n<div class=\"banner-inner fill\">\n<div class=\"banner-layers container\">\n<div id=\"text-box-659831637\" class=\"text-box banner-layer x50 md-x50 lg-x50 y50 md-y50 lg-y50 res-text\">\n<div class=\"text-box-content text\">\n<div class=\"text-inner text-left\">\n<p>Gra\u00e7as ao fecho de press\u00e3o, as pulseiras s\u00e3o muito f\u00e1ceis de colocar \u2013 voc\u00ea pode us\u00e1-las no pulso, tornozelo, perna ou bra\u00e7o. Podem ser usadas por pedestres, motociclistas e ciclistas.<\/p>\n<\/div>\n<\/div>\n<\/div>\n<\/div>\n<\/div>\n<\/div>\n<\/div>\n<\/div>\n<div id=\"col-1243778745\" class=\"col medium-6 small-12 large-6 small-col-first\">\n<div class=\"col-inner\">\n<div id=\"banner-1632419446\" class=\"banner has-hover\">\n<div class=\"banner-inner fill\">\n<div class=\"banner-bg fill\">\n<p>Oferecemos pulseiras em 3 tamanhos \u2014 30, 34 e 40 cm \u2014 nas quais imprimimos seu texto ou gr\u00e1ficos. Se voc\u00ea n\u00e3o tiver um projeto, n\u00f3s o faremos para voc\u00ea! A camada inferior da pulseira pode ser feita de PVC ou veludo de qualquer cor. Fornecemos pulseiras refletivas com baixo custo e prazo de produ\u00e7\u00e3o r\u00e1pido a partir de 2 dias \u00fateis. O pedido m\u00ednimo \u00e9 de 100 unidades.<\/p>\n<p><strong>Dados t\u00e9cnicos:<\/strong><\/p>\n<ul>\n<li>Tamanhos das bandas: 30 x 3 cm, 34 x 3 cm, 40 x 3 cm<\/li>\n<li>Material: PVC \/ Pl\u00e1stico \/ Metal<\/li>\n<li>Tecnologia de marca\u00e7\u00e3o: Tampografia<\/li>\n<li>Tamanho dos elementos de impress\u00e3o: 55 x 18 mm<\/li>\n<li>Cor dos elementos de impress\u00e3o: qualquer uma das paletas de cores Pantone<\/li>\n<\/ul>\n<\/div>\n<\/div>\n<\/div>\n<\/div>\n<\/div>\n<\/div>\n<\/div>\n<\/div>\n<\/div>\n<\/div>\n<\/div>\n<\/div>\n<\/div>\n<\/div>\n<\/div>\n<\/div>\n<\/div>\n<\/div>\n<\/div>\n<\/div>\n<\/div>\n<\/div>","protected":false},"excerpt":{"rendered":"<div>\n<p class=\"text-gray-500\">A pulseira refletiva \u00e9 exatamente um acess\u00f3rio de seguran\u00e7a no tr\u00e2nsito, mas ao mesmo tempo \u00e9 um item incr\u00edvel que adiciona cor a qualquer ocasi\u00e3o e certamente chama a aten\u00e7\u00e3o. A estampa nela n\u00e3o passar\u00e1 despercebida!<\/p>\n<\/div>","protected":false},"featured_media":465,"comment_status":"closed","ping_status":"closed","template":"","meta":[],"product_brand":[],"product_cat":[45],"product_tag":[],"class_list":{"0":"post-1318","1":"product","2":"type-product","3":"status-publish","4":"has-post-thumbnail","6":"product_cat-other","8":"first","9":"instock","10":"shipping-taxable","11":"purchasable","12":"product-type-simple"},"_links":{"self":[{"href":"https:\/\/displayproducts.eu\/pt\/wp-json\/wp\/v2\/product\/1318","targetHints":{"allow":["GET"]}}],"collection":[{"href":"https:\/\/displayproducts.eu\/pt\/wp-json\/wp\/v2\/product"}],"about":[{"href":"https:\/\/displayproducts.eu\/pt\/wp-json\/wp\/v2\/types\/product"}],"replies":[{"embeddable":true,"href":"https:\/\/displayproducts.eu\/pt\/wp-json\/wp\/v2\/comments?post=1318"}],"wp:featuredmedia":[{"embeddable":true,"href":"https:\/\/displayproducts.eu\/pt\/wp-json\/wp\/v2\/media\/465"}],"wp:attachment":[{"href":"https:\/\/displayproducts.eu\/pt\/wp-json\/wp\/v2\/media?parent=1318"}],"wp:term":[{"taxonomy":"product_brand","embeddable":true,"href":"https:\/\/displayproducts.eu\/pt\/wp-json\/wp\/v2\/product_brand?post=1318"},{"taxonomy":"product_cat","embeddable":true,"href":"https:\/\/displayproducts.eu\/pt\/wp-json\/wp\/v2\/product_cat?post=1318"},{"taxonomy":"product_tag","embeddable":true,"href":"https:\/\/displayproducts.eu\/pt\/wp-json\/wp\/v2\/product_tag?post=1318"}],"curies":[{"name":"wp","href":"https:\/\/api.w.org\/{rel}","templated":true}]}}