{"id":1314,"date":"2024-07-15T20:47:33","date_gmt":"2024-07-15T17:47:33","guid":{"rendered":"https:\/\/wristbandfactory.eu\/toode\/sublimation-printed-ribbons\/"},"modified":"2026-04-01T21:52:36","modified_gmt":"2026-04-01T18:52:36","slug":"sublimation-printed-ribbons","status":"publish","type":"product","link":"https:\/\/displayproducts.eu\/pt\/p\/sublimation-printed-ribbons\/","title":{"rendered":"Fitas de pesco\u00e7o personalizadas com logotipo"},"content":{"rendered":"<p data-path-to-node=\"8\">Aprimore a experi\u00eancia de unboxing da sua marca com nossas fitas de pesco\u00e7o personalizadas impressas por sublima\u00e7\u00e3o. Ao contr\u00e1rio dos m\u00e9todos tradicionais, a tecnologia de sublima\u00e7\u00e3o tinge as fibras do tecido diretamente, permitindo resultados vibrantes e com cores intensas que combinam com a paleta da sua marca com absoluta precis\u00e3o. Este modelo \u00e9 ideal para lan\u00e7amentos de produtos, cestas de presentes de fim de ano e detalhes especiais em eventos VIP. O cetim macio envolve caixas e sacolas com eleg\u00e2ncia, demonstrando aten\u00e7\u00e3o aos detalhes e qualidade premium.<\/p>\n<h2 data-path-to-node=\"9\">Principais caracter\u00edsticas<\/h2>\n<ul data-path-to-node=\"10\">\n<li>\n<p data-path-to-node=\"10,0,0\"><b data-path-to-node=\"10,0,0\" data-index-in-node=\"0\">Reprodu\u00e7\u00e3o em cores CMYK:<\/b> Reproduza logotipos complexos com sombras e gradientes com perfeita nitidez.<\/p>\n<\/li>\n<li>\n<p data-path-to-node=\"10,1,0\"><b data-path-to-node=\"10,1,0\" data-index-in-node=\"0\">Impress\u00e3o permanente com toque suave:<\/b> A fita permanece macia ao toque e a marca permanece permanente e resistente ao desbotamento.<\/p>\n<\/li>\n<li>\n<p data-path-to-node=\"10,2,0\"><b data-path-to-node=\"10,2,0\" data-index-in-node=\"0\">Qualidade Sustent\u00e1vel:<\/b> A durabilidade do cetim de poli\u00e9ster incentiva a reutiliza\u00e7\u00e3o, prolongando a visibilidade da marca.<\/p>\n<\/li>\n<li>\n<p data-path-to-node=\"10,3,0\"><b data-path-to-node=\"10,3,0\" data-index-in-node=\"0\">Design personalizado de ponta a ponta:<\/b> Utilize toda a largura, incluindo cores de fundo que fluam perfeitamente.<\/p>\n<\/li>\n<\/ul>\n<h2 data-path-to-node=\"11\">Especifica\u00e7\u00f5es<\/h2>\n<ul data-path-to-node=\"12\">\n<li>\n<p data-path-to-node=\"12,0,0\"><b data-path-to-node=\"12,0,0\" data-index-in-node=\"0\">Material:<\/b> Cetim de poli\u00e9ster de alta qualidade (otimizado para sublima\u00e7\u00e3o de tinta).<\/p>\n<\/li>\n<li>\n<p data-path-to-node=\"12,1,0\"><b data-path-to-node=\"12,1,0\" data-index-in-node=\"0\">T\u00e9cnica de impress\u00e3o:<\/b> Sublima\u00e7\u00e3o CMYK em cores plenas.<\/p>\n<\/li>\n<li>\n<p data-path-to-node=\"12,2,0\"><b data-path-to-node=\"12,2,0\" data-index-in-node=\"0\">Larguras dispon\u00edveis:<\/b> 15 mm, 20 mm, 25 mm.<\/p>\n<\/li>\n<li>\n<p data-path-to-node=\"12,3,0\"><b data-path-to-node=\"12,3,0\" data-index-in-node=\"0\">Quantidade m\u00ednima de encomenda (MOQ):<\/b> 100 metros.<\/p>\n<\/li>\n<li>\n<p data-path-to-node=\"12,4,0\"><b data-path-to-node=\"12,4,0\" data-index-in-node=\"0\">Formatar:<\/b> Fornecido em rolos profissionais para facilitar a dispensa\u00e7\u00e3o industrial.<\/p>\n<\/li>\n<\/ul>\n<h2 data-path-to-node=\"13\">Casos de uso<\/h2>\n<ul data-path-to-node=\"14\">\n<li>\n<p data-path-to-node=\"14,0,0\"><b data-path-to-node=\"14,0,0\" data-index-in-node=\"0\">Embalagens de luxo para o varejo:<\/b> Selos personalizados para sacolas de compras, caixas de joias e roupas de alta qualidade.<\/p>\n<\/li>\n<li>\n<p data-path-to-node=\"14,1,0\"><b data-path-to-node=\"14,1,0\" data-index-in-node=\"0\">Brindes corporativos:<\/b> Embalagem de cestas de fim de ano e presentes para clientes com identidade corporativa personalizada.<\/p>\n<\/li>\n<li>\n<p data-path-to-node=\"14,2,0\"><b data-path-to-node=\"14,2,0\" data-index-in-node=\"0\">Decora\u00e7\u00e3o para eventos e casamentos:<\/b> Cria\u00e7\u00e3o de faixas personalizadas ou detalhes com a marca para eventos exclusivos.<\/p>\n<\/li>\n<li>\n<p data-path-to-node=\"14,3,0\"><b data-path-to-node=\"14,3,0\" data-index-in-node=\"0\">Alimentos e bebidas artesanais:<\/b> Ideal para embrulhar caixas de doces ou garrafas de vinho gourmet para venda no varejo.<\/p>\n<\/li>\n<\/ul>","protected":false},"excerpt":{"rendered":"<p data-path-to-node=\"6\">Transforme a apresenta\u00e7\u00e3o da sua marca com nossas fitas de pesco\u00e7o personalizadas impressas por sublima\u00e7\u00e3o, projetadas para gerentes de marketing e equipes de compras que exigem um acabamento profissional e de alta qualidade.<\/p>\n<ul data-path-to-node=\"7\">\n<li>\n<p data-path-to-node=\"7,0,0\"><b data-path-to-node=\"7,0,0\" data-index-in-node=\"0\">Reprodu\u00e7\u00e3o em cores CMYK:<\/b> Clareza perfeita para logotipos e gradientes complexos, sem custos adicionais de configura\u00e7\u00e3o.<\/p>\n<\/li>\n<li>\n<p data-path-to-node=\"7,1,0\"><b data-path-to-node=\"7,1,0\" data-index-in-node=\"0\">Impress\u00e3o permanente com toque suave:<\/b> O design \u00e9 fundido ao material por meio de calor, proporcionando um toque dur\u00e1vel e de alta qualidade.<\/p>\n<\/li>\n<li>\n<p data-path-to-node=\"7,2,0\"><b data-path-to-node=\"7,2,0\" data-index-in-node=\"0\">Escalabilidade B2B:<\/b> Dispon\u00edvel em rolos profissionais com quantidade m\u00ednima de encomenda de apenas 100 metros.<\/p>\n<\/li>\n<li>\n<p data-path-to-node=\"7,3,0\"><b data-path-to-node=\"7,3,0\" data-index-in-node=\"0\">Personaliza\u00e7\u00e3o de ponta a ponta:<\/b> Utilize toda a largura para uma integra\u00e7\u00e3o perfeita da marca.<\/p>\n<\/li>\n<\/ul>\n<p data-path-to-node=\"8\">","protected":false},"featured_media":6268,"comment_status":"closed","ping_status":"closed","template":"","meta":[],"product_brand":[],"product_cat":[96],"product_tag":[],"class_list":{"0":"post-1314","1":"product","2":"type-product","3":"status-publish","4":"has-post-thumbnail","6":"product_cat-ribbons","8":"first","9":"instock","10":"shipping-taxable","11":"purchasable","12":"product-type-simple"},"_links":{"self":[{"href":"https:\/\/displayproducts.eu\/pt\/wp-json\/wp\/v2\/product\/1314","targetHints":{"allow":["GET"]}}],"collection":[{"href":"https:\/\/displayproducts.eu\/pt\/wp-json\/wp\/v2\/product"}],"about":[{"href":"https:\/\/displayproducts.eu\/pt\/wp-json\/wp\/v2\/types\/product"}],"replies":[{"embeddable":true,"href":"https:\/\/displayproducts.eu\/pt\/wp-json\/wp\/v2\/comments?post=1314"}],"wp:featuredmedia":[{"embeddable":true,"href":"https:\/\/displayproducts.eu\/pt\/wp-json\/wp\/v2\/media\/6268"}],"wp:attachment":[{"href":"https:\/\/displayproducts.eu\/pt\/wp-json\/wp\/v2\/media?parent=1314"}],"wp:term":[{"taxonomy":"product_brand","embeddable":true,"href":"https:\/\/displayproducts.eu\/pt\/wp-json\/wp\/v2\/product_brand?post=1314"},{"taxonomy":"product_cat","embeddable":true,"href":"https:\/\/displayproducts.eu\/pt\/wp-json\/wp\/v2\/product_cat?post=1314"},{"taxonomy":"product_tag","embeddable":true,"href":"https:\/\/displayproducts.eu\/pt\/wp-json\/wp\/v2\/product_tag?post=1314"}],"curies":[{"name":"wp","href":"https:\/\/api.w.org\/{rel}","templated":true}]}}