{"id":1307,"date":"2024-10-27T11:53:50","date_gmt":"2024-10-27T08:53:50","guid":{"rendered":"https:\/\/wristbandfactory.eu\/toode\/glow-in-the-dark-silicone-wristbands\/"},"modified":"2026-04-01T21:52:36","modified_gmt":"2026-04-01T18:52:36","slug":"glow-in-the-dark-silicone-wristbands","status":"publish","type":"product","link":"https:\/\/displayproducts.eu\/pt\/p\/glow-in-the-dark-silicone-wristbands\/","title":{"rendered":"Pulseiras de silicone que brilham no escuro"},"content":{"rendered":"<div class=\"mx-12 md:mx-24 lg:mx-48\">\n<div class=\"container my-8 svelte-zlsknf\">\n<div class=\"my-24 rounded-lg border-0 border-gray-700 bg-gray-100 px-16 py-24\">\n<div class=\"mt-11 !text-gray-500\">\n<p>Garanta que sua marca se destaque mesmo ap\u00f3s o p\u00f4r do sol com nossas pulseiras de silicone que brilham no escuro. Essas pulseiras s\u00e3o a escolha ideal para organizadores de eventos, promotores de festivais e gestores de eventos corporativos que precisam de alta visibilidade em ambientes com pouca luz. Elas servem como uma ferramenta eficaz de branding e crach\u00e1 de acesso para casas noturnas, shows e festas noturnas.<\/p>\n<p>O efeito luminescente \u00e9 adicionado ao silicone e se ativa com a exposi\u00e7\u00e3o \u00e0 luz. Para obter os melhores resultados, recomendamos fortemente a escolha de cores de base claras (por exemplo, branco, verde, rosa), pois o efeito luminescente \u00e9 menos eficaz em silicones de cores escuras.<\/p>\n<p>Este efeito pode ser combinado com outros m\u00e9todos de personaliza\u00e7\u00e3o, incluindo designs impressos, em baixo-relevo e em alto-relevo, permitindo que voc\u00ea crie uma pulseira exclusiva e funcional para o seu evento. Com produ\u00e7\u00e3o e entrega r\u00e1pidas, podemos atender aos seus prazos apertados.<\/p>\n<p><b>Principais caracter\u00edsticas:<\/b><\/p>\n<ul>\n<li><b>Brilho de alta visibilidade:<\/b> Carrega-se em luz para proporcionar um brilho intenso, perfeito para boates e eventos noturnos.<\/li>\n<li><b>Silicone dur\u00e1vel 100%:<\/b> Imperme\u00e1vel, resistente e confort\u00e1vel para uso por v\u00e1rias horas.<\/li>\n<li><b>Ampla personaliza\u00e7\u00e3o:<\/b> Pode ser combinado com m\u00e9todos de personaliza\u00e7\u00e3o impressos, em baixo-relevo ou em alto-relevo.<\/li>\n<li><b>Entrega r\u00e1pida:<\/b> Produ\u00e7\u00e3o e entrega r\u00e1pidas para cumprir prazos apertados de eventos.<\/li>\n<li><b>Dica profissional:<\/b> Para um efeito mais intenso, o resultado \u00e9 melhor em bases de silicone de cores vibrantes.<\/li>\n<\/ul>\n<\/div>\n<\/div>\n<\/div>\n<\/div>","protected":false},"excerpt":{"rendered":"<ul>\n<li>O efeito luminoso de alta visibilidade garante que sua marca seja vista \u00e0 noite.<\/li>\n<li>Ideal para festivais, discotecas e eventos corporativos noturnos.<\/li>\n<li>Produ\u00e7\u00e3o e entrega r\u00e1pidas para planejamento \u00e1gil de eventos.<\/li>\n<li>Os melhores resultados s\u00e3o obtidos em bases de silicone de cores vivas.<\/li>\n<\/ul>","protected":false},"featured_media":6131,"comment_status":"closed","ping_status":"closed","template":"","meta":[],"product_brand":[],"product_cat":[66,49],"product_tag":[],"class_list":{"0":"post-1307","1":"product","2":"type-product","3":"status-publish","4":"has-post-thumbnail","6":"product_cat-wristbands","7":"product_cat-silicone","9":"first","10":"instock","11":"shipping-taxable","12":"purchasable","13":"product-type-simple"},"_links":{"self":[{"href":"https:\/\/displayproducts.eu\/pt\/wp-json\/wp\/v2\/product\/1307","targetHints":{"allow":["GET"]}}],"collection":[{"href":"https:\/\/displayproducts.eu\/pt\/wp-json\/wp\/v2\/product"}],"about":[{"href":"https:\/\/displayproducts.eu\/pt\/wp-json\/wp\/v2\/types\/product"}],"replies":[{"embeddable":true,"href":"https:\/\/displayproducts.eu\/pt\/wp-json\/wp\/v2\/comments?post=1307"}],"wp:featuredmedia":[{"embeddable":true,"href":"https:\/\/displayproducts.eu\/pt\/wp-json\/wp\/v2\/media\/6131"}],"wp:attachment":[{"href":"https:\/\/displayproducts.eu\/pt\/wp-json\/wp\/v2\/media?parent=1307"}],"wp:term":[{"taxonomy":"product_brand","embeddable":true,"href":"https:\/\/displayproducts.eu\/pt\/wp-json\/wp\/v2\/product_brand?post=1307"},{"taxonomy":"product_cat","embeddable":true,"href":"https:\/\/displayproducts.eu\/pt\/wp-json\/wp\/v2\/product_cat?post=1307"},{"taxonomy":"product_tag","embeddable":true,"href":"https:\/\/displayproducts.eu\/pt\/wp-json\/wp\/v2\/product_tag?post=1307"}],"curies":[{"name":"wp","href":"https:\/\/api.w.org\/{rel}","templated":true}]}}