{"id":1304,"date":"2024-10-27T11:53:50","date_gmt":"2024-10-27T08:53:50","guid":{"rendered":"https:\/\/wristbandfactory.eu\/toode\/silicone-wristbands\/"},"modified":"2026-04-01T21:52:04","modified_gmt":"2026-04-01T18:52:04","slug":"wide-printed-silicone-wristbands-25mm","status":"publish","type":"product","link":"https:\/\/displayproducts.eu\/pt\/p\/wide-printed-silicone-wristbands-25mm\/","title":{"rendered":"Pulseiras largas de silicone impressas (25 mm)"},"content":{"rendered":"<p>Projetadas para m\u00e1xima visibilidade, estas pulseiras de 25 mm de largura s\u00e3o a melhor escolha para organizadores de eventos e festivais que precisam que sua marca se destaque na multid\u00e3o. A superf\u00edcie expansiva \u00e9 perfeita para logotipos complexos, textos detalhados e designs atraentes. Feitas de silicone 100% dur\u00e1vel, estas pulseiras s\u00e3o confort\u00e1veis para uso por v\u00e1rios dias, \u00e0 prova d&#039;\u00e1gua e feitas para durar como uma lembran\u00e7a tang\u00edvel do seu evento ou campanha.<\/p>\n<p>Oferecemos personaliza\u00e7\u00e3o completa para combinar perfeitamente com a identidade da sua marca. Nosso silicone possui correspond\u00eancia Pantone, garantindo a reprodu\u00e7\u00e3o precisa das cores das diretrizes da sua marca. Voc\u00ea pode escolher entre uma ampla gama de estilos de personaliza\u00e7\u00e3o para alcan\u00e7ar o visual desejado, desde a cl\u00e1ssica serigrafia at\u00e9 sofisticados efeitos de relevo ou relevo, com op\u00e7\u00f5es de preenchimento de cor para dar um toque especial ao seu design.<\/p>\n<p><b>Principais caracter\u00edsticas:<\/b><\/p>\n<ul>\n<li><b>Superf\u00edcie extra larga:<\/b> Largura de 25 mm para m\u00e1xima visibilidade do design e do logotipo.<\/li>\n<li><b>Material:<\/b> 100% silicone dur\u00e1vel e de alta qualidade.<\/li>\n<li><b>Op\u00e7\u00f5es de personaliza\u00e7\u00e3o:<\/b> Dispon\u00edvel impresso, em relevo, em relevo com preenchimento colorido, em relevo e em relevo impresso.<\/li>\n<li><b>Correspond\u00eancia Pantone\u00ae:<\/b> Correspond\u00eancia precisa de cores de acordo com as especifica\u00e7\u00f5es exatas da sua marca.<\/li>\n<li><b>Pedido m\u00ednimo:<\/b> Come\u00e7a com apenas 100 pe\u00e7as.<\/li>\n<li><b>Embalagem:<\/b> Cada pulseira \u00e9 embalada individualmente em um saco pl\u00e1stico protetor.<\/li>\n<li><b>Valor agregado:<\/b> Assist\u00eancia de design gratuita para aperfei\u00e7oar sua arte.<\/li>\n<\/ul>","protected":false},"excerpt":{"rendered":"<p>Quando os itens promocionais padr\u00e3o n\u00e3o s\u00e3o suficientes, cause um impacto ainda maior com nossas Pulseiras Largas de Silicone Personalizadas. Com o dobro da \u00e1rea de superf\u00edcie das pulseiras padr\u00e3o, essas pulseiras de 25 mm proporcionam uma tela ousada para destacar sua marca, garantindo que seu logotipo ou mensagem sejam imposs\u00edveis de perder e lembrados por muito tempo ap\u00f3s o evento.<\/p>","protected":false},"featured_media":5976,"comment_status":"closed","ping_status":"closed","template":"","meta":[],"product_brand":[],"product_cat":[66,49],"product_tag":[],"class_list":{"0":"post-1304","1":"product","2":"type-product","3":"status-publish","4":"has-post-thumbnail","6":"product_cat-wristbands","7":"product_cat-silicone","9":"first","10":"instock","11":"shipping-taxable","12":"purchasable","13":"product-type-simple"},"_links":{"self":[{"href":"https:\/\/displayproducts.eu\/pt\/wp-json\/wp\/v2\/product\/1304","targetHints":{"allow":["GET"]}}],"collection":[{"href":"https:\/\/displayproducts.eu\/pt\/wp-json\/wp\/v2\/product"}],"about":[{"href":"https:\/\/displayproducts.eu\/pt\/wp-json\/wp\/v2\/types\/product"}],"replies":[{"embeddable":true,"href":"https:\/\/displayproducts.eu\/pt\/wp-json\/wp\/v2\/comments?post=1304"}],"wp:featuredmedia":[{"embeddable":true,"href":"https:\/\/displayproducts.eu\/pt\/wp-json\/wp\/v2\/media\/5976"}],"wp:attachment":[{"href":"https:\/\/displayproducts.eu\/pt\/wp-json\/wp\/v2\/media?parent=1304"}],"wp:term":[{"taxonomy":"product_brand","embeddable":true,"href":"https:\/\/displayproducts.eu\/pt\/wp-json\/wp\/v2\/product_brand?post=1304"},{"taxonomy":"product_cat","embeddable":true,"href":"https:\/\/displayproducts.eu\/pt\/wp-json\/wp\/v2\/product_cat?post=1304"},{"taxonomy":"product_tag","embeddable":true,"href":"https:\/\/displayproducts.eu\/pt\/wp-json\/wp\/v2\/product_tag?post=1304"}],"curies":[{"name":"wp","href":"https:\/\/api.w.org\/{rel}","templated":true}]}}