{"id":1303,"date":"2024-07-15T21:28:59","date_gmt":"2024-07-15T18:28:59","guid":{"rendered":"https:\/\/wristbandfactory.eu\/toode\/vivid-wrist-silicone-keyholders-2\/"},"modified":"2026-04-01T21:52:04","modified_gmt":"2026-04-01T18:52:04","slug":"silicone-bangle-keyholders","status":"publish","type":"product","link":"https:\/\/displayproducts.eu\/pt\/p\/silicone-bangle-keyholders\/","title":{"rendered":"Chaveiros de silicone para pulseiras"},"content":{"rendered":"<p>Combine praticidade com alta visibilidade da sua marca usando nossos chaveiros de silicone em formato de pulseira. Este produto \u00e9 uma ferramenta promocional eficaz para eventos corporativos, imobili\u00e1rias ou como um brinde funcional para funcion\u00e1rios e clientes.<\/p>\n<p>Projetada para ser usada confortavelmente no pulso, a pulseira larga de 8,6 cm de di\u00e2metro mant\u00e9m as chaves seguras e as m\u00e3os livres. Este design \u00e9 extremamente pr\u00e1tico para profissionais ocupados, participantes de eventos ou funcion\u00e1rios que precisam acessar chaves ou crach\u00e1s com frequ\u00eancia.<\/p>\n<p>Fabricado em silicone dur\u00e1vel de alta qualidade, este porta-chaves foi projetado para resistir ao uso di\u00e1rio. Cada unidade possui um anel de metal resistente para organizar com seguran\u00e7a v\u00e1rias chaves ou cart\u00f5es de acesso. Dispon\u00edvel em uma ampla variedade de cores, este porta-chaves pode ser facilmente adaptado \u00e0 identidade visual da sua empresa, garantindo que sua marca permane\u00e7a vis\u00edvel e \u00fatil mesmo ap\u00f3s o evento.<\/p>\n<p><b>Principais caracter\u00edsticas:<\/b><\/p>\n<ul>\n<li><b>Pulseira de silicone dur\u00e1vel:<\/b> O anel grande, com 8,6 cm de di\u00e2metro, encaixa-se facilmente no pulso, proporcionando praticidade para uso com as m\u00e3os livres.<\/li>\n<li><b>Material de alta qualidade:<\/b> Fabricado em silicone dur\u00e1vel de alta qualidade, ideal para uso profissional di\u00e1rio.<\/li>\n<li><b>Chaveiro de metal seguro:<\/b> Possui um anel de metal resistente para manter chaves e controles de acesso seguros.<\/li>\n<li><b>Branding de alta visibilidade:<\/b> Um brinde pr\u00e1tico que mant\u00e9m sua marca sempre \u00e0 m\u00e3o ou no pulso.<\/li>\n<li><b>Diversas op\u00e7\u00f5es de cores:<\/b> Dispon\u00edvel em uma ampla variedade de cores para combinar com a identidade visual da sua empresa.<\/li>\n<\/ul>","protected":false},"excerpt":{"rendered":"<ul>\n<li>Mant\u00e9m as chaves facilmente acess\u00edveis no pulso para uso com as m\u00e3os livres.<\/li>\n<li>Fabricado em silicone dur\u00e1vel e de alta qualidade para uso di\u00e1rio.<\/li>\n<li>Dispon\u00edvel em uma ampla gama de cores lisas para combinar com a identidade visual da sua empresa.<\/li>\n<li>Um item promocional pr\u00e1tico e de grande visibilidade para feiras comerciais.<\/li>\n<\/ul>","protected":false},"featured_media":6668,"comment_status":"closed","ping_status":"closed","template":"","meta":[],"product_brand":[],"product_cat":[94],"product_tag":[],"class_list":{"0":"post-1303","1":"product","2":"type-product","3":"status-publish","4":"has-post-thumbnail","6":"product_cat-keychains","8":"first","9":"instock","10":"shipping-taxable","11":"purchasable","12":"product-type-simple"},"_links":{"self":[{"href":"https:\/\/displayproducts.eu\/pt\/wp-json\/wp\/v2\/product\/1303","targetHints":{"allow":["GET"]}}],"collection":[{"href":"https:\/\/displayproducts.eu\/pt\/wp-json\/wp\/v2\/product"}],"about":[{"href":"https:\/\/displayproducts.eu\/pt\/wp-json\/wp\/v2\/types\/product"}],"replies":[{"embeddable":true,"href":"https:\/\/displayproducts.eu\/pt\/wp-json\/wp\/v2\/comments?post=1303"}],"wp:featuredmedia":[{"embeddable":true,"href":"https:\/\/displayproducts.eu\/pt\/wp-json\/wp\/v2\/media\/6668"}],"wp:attachment":[{"href":"https:\/\/displayproducts.eu\/pt\/wp-json\/wp\/v2\/media?parent=1303"}],"wp:term":[{"taxonomy":"product_brand","embeddable":true,"href":"https:\/\/displayproducts.eu\/pt\/wp-json\/wp\/v2\/product_brand?post=1303"},{"taxonomy":"product_cat","embeddable":true,"href":"https:\/\/displayproducts.eu\/pt\/wp-json\/wp\/v2\/product_cat?post=1303"},{"taxonomy":"product_tag","embeddable":true,"href":"https:\/\/displayproducts.eu\/pt\/wp-json\/wp\/v2\/product_tag?post=1303"}],"curies":[{"name":"wp","href":"https:\/\/api.w.org\/{rel}","templated":true}]}}