{"id":1299,"date":"2024-10-27T11:53:51","date_gmt":"2024-10-27T08:53:51","guid":{"rendered":"https:\/\/wristbandfactory.eu\/toode\/slim-silicone-wristbands\/"},"modified":"2026-04-01T21:52:04","modified_gmt":"2026-04-01T18:52:04","slug":"slim-silicone-wristbands","status":"publish","type":"product","link":"https:\/\/displayproducts.eu\/pt\/p\/slim-silicone-wristbands\/","title":{"rendered":"Pulseiras finas de silicone"},"content":{"rendered":"<p>D\u00ea um toque de sofistica\u00e7\u00e3o \u00e0 sua marca corporativa ou \u00e0 sua campanha de conscientiza\u00e7\u00e3o com as nossas pulseiras de silicone finas. Seu perfil elegante de 5 mm oferece uma alternativa discreta e moderna \u00e0s pulseiras tradicionais, tornando-as uma escolha popular para eventos corporativos, campanhas beneficentes e brindes promocionais onde se deseja um visual mais refinado.<\/p>\n<p>Oferecemos personaliza\u00e7\u00e3o completa para combinar com a identidade da sua marca. O silicone em si possui correspond\u00eancia Pantone para garantir precis\u00e3o de cores. Voc\u00ea pode personalizar ainda mais sua mensagem com diversas op\u00e7\u00f5es de alta qualidade: uma serigrafia n\u00edtida em 1 cor, um logotipo em baixo-relevo dur\u00e1vel, um logotipo em alto-relevo premium ou um design em baixo-relevo com preenchimento em 1 cor para m\u00e1ximo contraste e visibilidade.<\/p>\n<p>Fabricadas em silicone dur\u00e1vel de alta qualidade, estas pulseiras s\u00e3o confort\u00e1veis para uso di\u00e1rio e est\u00e3o em total conformidade com todas as normas de seguran\u00e7a relevantes, proporcionando tranquilidade para sua organiza\u00e7\u00e3o e participantes.<\/p>\n<p><b>Principais caracter\u00edsticas:<\/b><\/p>\n<ul>\n<li><b>Perfil elegante de 5 mm:<\/b> Um design estreito e moderno (dispon\u00edvel em 200x5x2mm ou 180x5x2mm) para uma comunica\u00e7\u00e3o de marca discreta.<\/li>\n<li><b>Personaliza\u00e7\u00e3o completa:<\/b> Escolha entre impress\u00e3o em 1 cor, relevo rebaixado (afundado), relevo alto (elevado) ou relevo rebaixado preenchido com tinta.<\/li>\n<li><b>Correspond\u00eancia precisa de cores Pantone:<\/b> Garante que a cor do silicone combine perfeitamente com a identidade visual da sua empresa.<\/li>\n<li><b>Em conformidade com as normas de seguran\u00e7a:<\/b> Fabricado com silicone de alta qualidade que atende a todos os padr\u00f5es de seguran\u00e7a relevantes.<\/li>\n<li><b>Embalagens a granel:<\/b> Pedido m\u00ednimo de 100 unidades, embaladas a granel por padr\u00e3o. Embalagem individual em saco pl\u00e1stico dispon\u00edvel mediante solicita\u00e7\u00e3o.<\/li>\n<\/ul>","protected":false},"excerpt":{"rendered":"<ul>\n<li>Apresenta um perfil elegante e estreito de 5 mm para um visual moderno e discreto.<\/li>\n<li>Totalmente personaliz\u00e1vel: escolha entre logotipos impressos, em baixo-relevo ou em alto-relevo.<\/li>\n<li>O silicone com correspond\u00eancia de cores Pantone garante uma consist\u00eancia perfeita da cor da marca.<\/li>\n<li>Quantidade m\u00ednima de encomenda: 100 unidades por modelo.<\/li>\n<\/ul>","protected":false},"featured_media":5953,"comment_status":"closed","ping_status":"closed","template":"","meta":[],"product_brand":[],"product_cat":[66,49],"product_tag":[],"class_list":{"0":"post-1299","1":"product","2":"type-product","3":"status-publish","4":"has-post-thumbnail","6":"product_cat-wristbands","7":"product_cat-silicone","9":"first","10":"instock","11":"shipping-taxable","12":"purchasable","13":"product-type-simple"},"_links":{"self":[{"href":"https:\/\/displayproducts.eu\/pt\/wp-json\/wp\/v2\/product\/1299","targetHints":{"allow":["GET"]}}],"collection":[{"href":"https:\/\/displayproducts.eu\/pt\/wp-json\/wp\/v2\/product"}],"about":[{"href":"https:\/\/displayproducts.eu\/pt\/wp-json\/wp\/v2\/types\/product"}],"replies":[{"embeddable":true,"href":"https:\/\/displayproducts.eu\/pt\/wp-json\/wp\/v2\/comments?post=1299"}],"wp:featuredmedia":[{"embeddable":true,"href":"https:\/\/displayproducts.eu\/pt\/wp-json\/wp\/v2\/media\/5953"}],"wp:attachment":[{"href":"https:\/\/displayproducts.eu\/pt\/wp-json\/wp\/v2\/media?parent=1299"}],"wp:term":[{"taxonomy":"product_brand","embeddable":true,"href":"https:\/\/displayproducts.eu\/pt\/wp-json\/wp\/v2\/product_brand?post=1299"},{"taxonomy":"product_cat","embeddable":true,"href":"https:\/\/displayproducts.eu\/pt\/wp-json\/wp\/v2\/product_cat?post=1299"},{"taxonomy":"product_tag","embeddable":true,"href":"https:\/\/displayproducts.eu\/pt\/wp-json\/wp\/v2\/product_tag?post=1299"}],"curies":[{"name":"wp","href":"https:\/\/api.w.org\/{rel}","templated":true}]}}