{"id":1292,"date":"2024-07-15T22:03:57","date_gmt":"2024-07-15T19:03:57","guid":{"rendered":"https:\/\/wristbandfactory.eu\/toode\/tyvek-wristbands-for-hospitals\/"},"modified":"2026-04-01T21:52:36","modified_gmt":"2026-04-01T18:52:36","slug":"direct-thermal-hospital-wristbands","status":"publish","type":"product","link":"https:\/\/displayproducts.eu\/pt\/p\/direct-thermal-hospital-wristbands\/","title":{"rendered":"Pulseiras hospitalares antibacterianas"},"content":{"rendered":"<p data-path-to-node=\"8\">Eleve os padr\u00f5es de identifica\u00e7\u00e3o de pacientes da sua institui\u00e7\u00e3o com nossas pulseiras t\u00e9rmicas hospitalares. Projetadas para integra\u00e7\u00e3o perfeita aos fluxos de trabalho existentes na \u00e1rea da sa\u00fade, essas pulseiras eliminam o risco de erros de caligrafia, permitindo a impress\u00e3o instant\u00e2nea de c\u00f3digos de barras, texto e fotos do paciente. O tamanho adulto de 29x290mm oferece um ajuste confort\u00e1vel e uma grande \u00e1rea para leitura de dados, garantindo efici\u00eancia desde a triagem at\u00e9 a alta.<\/p>\n<h2 data-path-to-node=\"9\">Principais caracter\u00edsticas<\/h2>\n<ul data-path-to-node=\"10\">\n<li>\n<p data-path-to-node=\"10,0,0\"><b data-path-to-node=\"10,0,0\" data-index-in-node=\"0\">Prote\u00e7\u00e3o antibacteriana:<\/b> Possui um revestimento especializado que inibe ativamente o crescimento bacteriano, um requisito fundamental para ambientes cl\u00ednicos.<\/p>\n<\/li>\n<li>\n<p data-path-to-node=\"10,1,0\"><b data-path-to-node=\"10,1,0\" data-index-in-node=\"0\">Durabilidade \u00e0 prova de manchas:<\/b> A pel\u00edcula de polipropileno de alta qualidade fixa a impress\u00e3o t\u00e9rmica, mantendo os dados do paciente leg\u00edveis mesmo ap\u00f3s o contato com \u00e1gua, \u00e1lcool ou desinfetantes para as m\u00e3os.<\/p>\n<\/li>\n<li>\n<p data-path-to-node=\"10,2,0\"><b data-path-to-node=\"10,2,0\" data-index-in-node=\"0\">Lacre de seguran\u00e7a inviol\u00e1vel:<\/b> Utiliza um adesivo de alta ader\u00eancia que se rompe caso haja qualquer tentativa de remover ou transferir a pulseira.<\/p>\n<\/li>\n<li>\n<p data-path-to-node=\"10,3,0\"><b data-path-to-node=\"10,3,0\" data-index-in-node=\"0\">Sem l\u00e1tex e hipoalerg\u00eanico:<\/b> Seguro para todos os tipos de pele, minimizando o risco de rea\u00e7\u00f5es al\u00e9rgicas durante interna\u00e7\u00f5es prolongadas.<\/p>\n<\/li>\n<\/ul>\n<h2 data-path-to-node=\"11\">Especifica\u00e7\u00f5es<\/h2>\n<ul data-path-to-node=\"12\">\n<li>\n<p data-path-to-node=\"12,0,0\"><b data-path-to-node=\"12,0,0\" data-index-in-node=\"0\">Dimens\u00f5es:<\/b> 29 mm x 290 mm (Tamanho padr\u00e3o para adultos).<\/p>\n<\/li>\n<li>\n<p data-path-to-node=\"12,1,0\"><b data-path-to-node=\"12,1,0\" data-index-in-node=\"0\">Material:<\/b> Polipropileno com revestimento antibacteriano.<\/p>\n<\/li>\n<li>\n<p data-path-to-node=\"12,2,0\"><b data-path-to-node=\"12,2,0\" data-index-in-node=\"0\">Tecnologia de Impress\u00e3o:<\/b> T\u00e9rmica direta (n\u00e3o requer fita nem tinta).<\/p>\n<\/li>\n<li>\n<p data-path-to-node=\"12,3,0\"><b data-path-to-node=\"12,3,0\" data-index-in-node=\"0\">Compatibilidade:<\/b> Otimizado para impressoras de mesa Zebra (GK-888T, TLP2824), Brother (TD-2020) e TSC.<\/p>\n<\/li>\n<li>\n<p data-path-to-node=\"12,4,0\"><b data-path-to-node=\"12,4,0\" data-index-in-node=\"0\">Embalagem:<\/b> Rolos com 100 pulseiras com n\u00facleo de 25 mm (1 polegada).<\/p>\n<\/li>\n<li>\n<p data-path-to-node=\"12,5,0\"><b data-path-to-node=\"12,5,0\" data-index-in-node=\"0\">Quantidade m\u00ednima de encomenda (MOQ):<\/b> 100 unidades.<\/p>\n<\/li>\n<\/ul>\n<h2 data-path-to-node=\"13\">Casos de uso<\/h2>\n<ul data-path-to-node=\"14\">\n<li>\n<p data-path-to-node=\"14,0,0\"><b data-path-to-node=\"14,0,0\" data-index-in-node=\"0\">Admiss\u00f5es em grande volume:<\/b> Ideal para salas de emerg\u00eancia e centros de atendimento de urg\u00eancia que necessitam de gera\u00e7\u00e3o r\u00e1pida de identifica\u00e7\u00e3o.<\/p>\n<\/li>\n<li>\n<p data-path-to-node=\"14,1,0\"><b data-path-to-node=\"14,1,0\" data-index-in-node=\"0\">Gest\u00e3o de pacientes internados:<\/b> Identifica\u00e7\u00e3o a longo prazo para administra\u00e7\u00e3o de medicamentos e digitaliza\u00e7\u00e3o \u00e0 beira do leito.<\/p>\n<\/li>\n<li>\n<p data-path-to-node=\"14,2,0\"><b data-path-to-node=\"14,2,0\" data-index-in-node=\"0\">Procedimentos ambulatoriais:<\/b> Sistema de identifica\u00e7\u00e3o segura para cirurgias ambulatoriais e exames diagn\u00f3sticos.<\/p>\n<\/li>\n<li>\n<p data-path-to-node=\"14,3,0\"><b data-path-to-node=\"14,3,0\" data-index-in-node=\"0\">Enfermarias de Maternidade e Pediatria:<\/b> Identifica\u00e7\u00e3o confi\u00e1vel onde seguran\u00e7a e conforto s\u00e3o fundamentais.<\/p>\n<\/li>\n<\/ul>\n<p data-path-to-node=\"15\">","protected":false},"excerpt":{"rendered":"<p data-path-to-node=\"6\">Agilize o processo de admiss\u00e3o de pacientes com nossas pulseiras t\u00e9rmicas hospitalares diretas, projetadas para instala\u00e7\u00f5es de sa\u00fade modernas que exigem impress\u00e3o instant\u00e2nea de dados em alta resolu\u00e7\u00e3o diretamente dos sistemas de admiss\u00e3o.<\/p>\n<ul data-path-to-node=\"7\">\n<li>\n<p data-path-to-node=\"7,0,0\"><b data-path-to-node=\"7,0,0\" data-index-in-node=\"0\">Compatibilidade da impressora:<\/b> Totalmente otimizado para impressoras t\u00e9rmicas diretas padr\u00e3o do setor, como Zebra, Brother e TSC.<\/p>\n<\/li>\n<li>\n<p data-path-to-node=\"7,1,0\"><b data-path-to-node=\"7,1,0\" data-index-in-node=\"0\">Controle de Infec\u00e7\u00e3o:<\/b> Um revestimento antibacteriano especializado inibe o crescimento bacteriano, atendendo aos rigorosos protocolos de higiene hospitalar.<\/p>\n<\/li>\n<li>\n<p data-path-to-node=\"7,2,0\"><b data-path-to-node=\"7,2,0\" data-index-in-node=\"0\">Seguran\u00e7a m\u00e1xima:<\/b> Adesivo acr\u00edlico inviol\u00e1vel com fecho recortado impede a transfer\u00eancia e garante a integridade da identifica\u00e7\u00e3o do paciente.<\/p>\n<\/li>\n<li>\n<p data-path-to-node=\"7,3,0\"><b data-path-to-node=\"7,3,0\" data-index-in-node=\"0\">Efici\u00eancia B2B:<\/b> Fornecidas em rolos de 100 fitas de pesco\u00e7o para carregamento r\u00e1pido e processamento de admiss\u00e3o em grande volume.<\/p>\n<\/li>\n<\/ul>","protected":false},"featured_media":631,"comment_status":"closed","ping_status":"closed","template":"","meta":[],"product_brand":[],"product_cat":[66,72],"product_tag":[],"class_list":{"0":"post-1292","1":"product","2":"type-product","3":"status-publish","4":"has-post-thumbnail","6":"product_cat-wristbands","7":"product_cat-medical-and-hospital","9":"first","10":"instock","11":"shipping-taxable","12":"purchasable","13":"product-type-simple"},"_links":{"self":[{"href":"https:\/\/displayproducts.eu\/pt\/wp-json\/wp\/v2\/product\/1292","targetHints":{"allow":["GET"]}}],"collection":[{"href":"https:\/\/displayproducts.eu\/pt\/wp-json\/wp\/v2\/product"}],"about":[{"href":"https:\/\/displayproducts.eu\/pt\/wp-json\/wp\/v2\/types\/product"}],"replies":[{"embeddable":true,"href":"https:\/\/displayproducts.eu\/pt\/wp-json\/wp\/v2\/comments?post=1292"}],"wp:featuredmedia":[{"embeddable":true,"href":"https:\/\/displayproducts.eu\/pt\/wp-json\/wp\/v2\/media\/631"}],"wp:attachment":[{"href":"https:\/\/displayproducts.eu\/pt\/wp-json\/wp\/v2\/media?parent=1292"}],"wp:term":[{"taxonomy":"product_brand","embeddable":true,"href":"https:\/\/displayproducts.eu\/pt\/wp-json\/wp\/v2\/product_brand?post=1292"},{"taxonomy":"product_cat","embeddable":true,"href":"https:\/\/displayproducts.eu\/pt\/wp-json\/wp\/v2\/product_cat?post=1292"},{"taxonomy":"product_tag","embeddable":true,"href":"https:\/\/displayproducts.eu\/pt\/wp-json\/wp\/v2\/product_tag?post=1292"}],"curies":[{"name":"wp","href":"https:\/\/api.w.org\/{rel}","templated":true}]}}