{"id":1288,"date":"2024-10-27T11:53:51","date_gmt":"2024-10-27T08:53:51","guid":{"rendered":"https:\/\/wristbandfactory.eu\/toode\/full-colour-cord-lanyards-with-woven-label\/"},"modified":"2026-04-01T21:52:36","modified_gmt":"2026-04-01T18:52:36","slug":"sublimation-cord-lanyards-with-woven-label","status":"publish","type":"product","link":"https:\/\/displayproducts.eu\/pt\/p\/sublimation-cord-lanyards-with-woven-label\/","title":{"rendered":"Cord\u00f5es para sublima\u00e7\u00e3o com etiqueta tecida"},"content":{"rendered":"<div class=\"mx-12 md:mx-24 lg:mx-48\">\n<div class=\"container my-8 svelte-zlsknf\">\n<div class=\"my-24 rounded-lg border-0 border-gray-700 bg-gray-100 px-16 py-24\">\n<div class=\"mt-11 !text-gray-500\">\n<p>Obtenha o m\u00e1ximo impacto da sua marca com nossos cord\u00f5es premium para sublima\u00e7\u00e3o. Este modelo combina dois m\u00e9todos de personaliza\u00e7\u00e3o de alta qualidade: uma impress\u00e3o por sublima\u00e7\u00e3o vibrante e colorida no cord\u00e3o e uma etiqueta tecida dur\u00e1vel em quatro cores para o seu logotipo principal.<\/p>\n<p>O cord\u00e3o de poli\u00e9ster de 90 cm come\u00e7a na cor branca e \u00e9 totalmente impresso com o seu design por meio de sublima\u00e7\u00e3o de tinta. Este m\u00e9todo \u00e9 perfeito para padr\u00f5es complexos e coloridos ou logotipos repetidos, embora seja importante observar que o posicionamento preciso do logotipo no cord\u00e3o n\u00e3o pode ser garantido.<\/p>\n<p>A adi\u00e7\u00e3o da etiqueta tecida de alta defini\u00e7\u00e3o em 4 cores proporciona um ponto focal n\u00edtido e profissional para sua marca, que n\u00e3o desbota nem risca. Este cord\u00e3o de alta qualidade \u00e9 uma excelente escolha para eventos corporativos, identifica\u00e7\u00e3o de funcion\u00e1rios ou crach\u00e1s de confer\u00eancia premium, onde uma apresenta\u00e7\u00e3o de marca dur\u00e1vel e sofisticada \u00e9 essencial. Cada cord\u00e3o vem com um mosquet\u00e3o de metal como padr\u00e3o, com outras op\u00e7\u00f5es de clipes dispon\u00edveis.<\/p>\n<p><b>Principais caracter\u00edsticas:<\/b><\/p>\n<ul>\n<li><b>Dupla Marca:<\/b> Combina um cord\u00e3o com impress\u00e3o sublimada em cores vibrantes com uma etiqueta tecida premium de 4 cores.<\/li>\n<li><b>Sublima\u00e7\u00e3o vibrante:<\/b> O cord\u00e3o de poli\u00e9ster branco de 90 cm \u00e9 ideal para padr\u00f5es repetidos em cores plenas.<\/li>\n<li><b>Etiqueta tecida premium:<\/b> Oferece um logotipo dur\u00e1vel e de alta defini\u00e7\u00e3o (at\u00e9 4 cores).<\/li>\n<li><b>Mosquet\u00e3o de metal:<\/b> Inclui um mosquet\u00e3o de metal resistente, com outras op\u00e7\u00f5es de fixa\u00e7\u00e3o dispon\u00edveis.<\/li>\n<li><b>Identifica\u00e7\u00e3o de Alto Impacto:<\/b> Uma solu\u00e7\u00e3o de primeira linha para identidade corporativa, identifica\u00e7\u00e3o de funcion\u00e1rios e eventos de alto padr\u00e3o.<\/li>\n<\/ul>\n<\/div>\n<\/div>\n<\/div>\n<\/div>","protected":false},"excerpt":{"rendered":"<ul>\n<li>Apresenta um cord\u00e3o com impress\u00e3o por sublima\u00e7\u00e3o em cores vibrantes, que permite estampas repetidas.<\/li>\n<li>Inclui uma etiqueta tecida premium de 4 cores para um logotipo dur\u00e1vel.<\/li>\n<li>Corda de poli\u00e9ster resistente de 90 cm com mosquet\u00e3o de metal padr\u00e3o.<\/li>\n<li>Ideal para eventos corporativos, crach\u00e1s de funcion\u00e1rios e feiras comerciais.<\/li>\n<\/ul>","protected":false},"featured_media":6794,"comment_status":"closed","ping_status":"closed","template":"","meta":[],"product_brand":[],"product_cat":[43],"product_tag":[],"class_list":{"0":"post-1288","1":"product","2":"type-product","3":"status-publish","4":"has-post-thumbnail","6":"product_cat-lanyards","8":"first","9":"instock","10":"shipping-taxable","11":"purchasable","12":"product-type-simple"},"_links":{"self":[{"href":"https:\/\/displayproducts.eu\/pt\/wp-json\/wp\/v2\/product\/1288","targetHints":{"allow":["GET"]}}],"collection":[{"href":"https:\/\/displayproducts.eu\/pt\/wp-json\/wp\/v2\/product"}],"about":[{"href":"https:\/\/displayproducts.eu\/pt\/wp-json\/wp\/v2\/types\/product"}],"replies":[{"embeddable":true,"href":"https:\/\/displayproducts.eu\/pt\/wp-json\/wp\/v2\/comments?post=1288"}],"wp:featuredmedia":[{"embeddable":true,"href":"https:\/\/displayproducts.eu\/pt\/wp-json\/wp\/v2\/media\/6794"}],"wp:attachment":[{"href":"https:\/\/displayproducts.eu\/pt\/wp-json\/wp\/v2\/media?parent=1288"}],"wp:term":[{"taxonomy":"product_brand","embeddable":true,"href":"https:\/\/displayproducts.eu\/pt\/wp-json\/wp\/v2\/product_brand?post=1288"},{"taxonomy":"product_cat","embeddable":true,"href":"https:\/\/displayproducts.eu\/pt\/wp-json\/wp\/v2\/product_cat?post=1288"},{"taxonomy":"product_tag","embeddable":true,"href":"https:\/\/displayproducts.eu\/pt\/wp-json\/wp\/v2\/product_tag?post=1288"}],"curies":[{"name":"wp","href":"https:\/\/api.w.org\/{rel}","templated":true}]}}