{"id":1287,"date":"2024-10-27T11:53:51","date_gmt":"2024-10-27T08:53:51","guid":{"rendered":"https:\/\/wristbandfactory.eu\/toode\/3-in-1-charging-cable-lanyards\/"},"modified":"2026-04-01T21:52:04","modified_gmt":"2026-04-01T18:52:04","slug":"sublimation-3-in-1-charging-lanyards","status":"publish","type":"product","link":"https:\/\/displayproducts.eu\/pt\/p\/sublimation-3-in-1-charging-lanyards\/","title":{"rendered":"Cord\u00f5es de carregamento 3 em 1 para sublima\u00e7\u00e3o"},"content":{"rendered":"<p>Ofere\u00e7a aos participantes do seu evento um brinde promocional que eles realmente usar\u00e3o. Nossos cord\u00f5es para cabo de carregamento 3 em 1 com sublima\u00e7\u00e3o combinam a fun\u00e7\u00e3o de um porta-crach\u00e1 com a praticidade de um cabo de carregamento com m\u00faltiplos conectores, garantindo m\u00e1xima visibilidade da marca.<\/p>\n<p>Esses cord\u00f5es s\u00e3o feitos de poli\u00e9ster resistente e apresentam impress\u00e3o por sublima\u00e7\u00e3o em cores vibrantes em ambos os lados, oferecendo uma grande \u00e1rea para logotipos complexos e identidade visual do evento. O cabo integrado inclui conectores USB-A, Micro-B e Tipo-C, proporcionando uma solu\u00e7\u00e3o de carregamento pr\u00e1tica para a maioria dos dispositivos modernos.<\/p>\n<p>Ideais para confer\u00eancias de tecnologia, feiras comerciais ou como brindes funcionais para funcion\u00e1rios, esses cord\u00f5es foram projetados para <b>Apenas para fins de cobran\u00e7a (n\u00e3o para transfer\u00eancia de dados)<\/b>. Cada cord\u00e3o \u00e9 embalado individualmente em saco pl\u00e1stico para facilitar a distribui\u00e7\u00e3o e est\u00e1 dispon\u00edvel em tr\u00eas comprimentos diferentes para atender \u00e0s suas necessidades espec\u00edficas.<\/p>\n<p><b>Principais caracter\u00edsticas:<\/b><\/p>\n<ul>\n<li><b>Conectores de carregamento 3 em 1:<\/b> Possui conectores USB-A, Micro-B e Tipo-C para carregamento conveniente (n\u00e3o para transfer\u00eancia de dados).<\/li>\n<li><b>Sublima\u00e7\u00e3o em ambos os lados:<\/b> Impress\u00e3o vibrante, em cores vivas e de ponta a ponta em ambos os lados para m\u00e1xima exposi\u00e7\u00e3o da marca.<\/li>\n<li><b>Material de poli\u00e9ster dur\u00e1vel:<\/b> Uma al\u00e7a resistente e confort\u00e1vel, ideal para confer\u00eancias e feiras comerciais com dura\u00e7\u00e3o de v\u00e1rios dias.<\/li>\n<li><b>Item promocional funcional:<\/b> Um cord\u00e3o extremamente pr\u00e1tico para os participantes, garantindo alta utilidade e fixa\u00e7\u00e3o da marca.<\/li>\n<li><b>Pronto para distribui\u00e7\u00e3o:<\/b> Cada cord\u00e3o \u00e9 embalado individualmente em saco pl\u00e1stico e est\u00e1 dispon\u00edvel em 3 comprimentos diferentes.<\/li>\n<\/ul>","protected":false},"excerpt":{"rendered":"<ul>\n<li>Exiba seu logotipo com sublima\u00e7\u00e3o vibrante em cores plenas e em ambos os lados.<\/li>\n<li>Possui conectores de carregamento 3 em 1: USB-A para Micro-B e Tipo-C.<\/li>\n<li>Um item promocional extremamente pr\u00e1tico para confer\u00eancias de tecnologia e feiras comerciais.<\/li>\n<li>(Observa\u00e7\u00e3o: Projetado apenas para carregamento, n\u00e3o para transfer\u00eancia de dados).<\/li>\n<\/ul>","protected":false},"featured_media":6789,"comment_status":"closed","ping_status":"closed","template":"","meta":[],"product_brand":[],"product_cat":[43],"product_tag":[],"class_list":{"0":"post-1287","1":"product","2":"type-product","3":"status-publish","4":"has-post-thumbnail","6":"product_cat-lanyards","8":"first","9":"instock","10":"shipping-taxable","11":"purchasable","12":"product-type-simple"},"_links":{"self":[{"href":"https:\/\/displayproducts.eu\/pt\/wp-json\/wp\/v2\/product\/1287","targetHints":{"allow":["GET"]}}],"collection":[{"href":"https:\/\/displayproducts.eu\/pt\/wp-json\/wp\/v2\/product"}],"about":[{"href":"https:\/\/displayproducts.eu\/pt\/wp-json\/wp\/v2\/types\/product"}],"replies":[{"embeddable":true,"href":"https:\/\/displayproducts.eu\/pt\/wp-json\/wp\/v2\/comments?post=1287"}],"wp:featuredmedia":[{"embeddable":true,"href":"https:\/\/displayproducts.eu\/pt\/wp-json\/wp\/v2\/media\/6789"}],"wp:attachment":[{"href":"https:\/\/displayproducts.eu\/pt\/wp-json\/wp\/v2\/media?parent=1287"}],"wp:term":[{"taxonomy":"product_brand","embeddable":true,"href":"https:\/\/displayproducts.eu\/pt\/wp-json\/wp\/v2\/product_brand?post=1287"},{"taxonomy":"product_cat","embeddable":true,"href":"https:\/\/displayproducts.eu\/pt\/wp-json\/wp\/v2\/product_cat?post=1287"},{"taxonomy":"product_tag","embeddable":true,"href":"https:\/\/displayproducts.eu\/pt\/wp-json\/wp\/v2\/product_tag?post=1287"}],"curies":[{"name":"wp","href":"https:\/\/api.w.org\/{rel}","templated":true}]}}