{"id":1284,"date":"2024-10-27T11:53:51","date_gmt":"2024-10-27T08:53:51","guid":{"rendered":"https:\/\/wristbandfactory.eu\/toode\/3-tone-lanyards-with-pvc-badge\/"},"modified":"2026-04-01T21:52:36","modified_gmt":"2026-04-01T18:52:36","slug":"3-tone-cord-lanyards-with-pvc-badge","status":"publish","type":"product","link":"https:\/\/displayproducts.eu\/pt\/p\/3-tone-cord-lanyards-with-pvc-badge\/","title":{"rendered":"Cord\u00f5es de tr\u00eas cores com crach\u00e1 de PVC"},"content":{"rendered":"<div class=\"mx-12 md:mx-24 lg:mx-48\">\n<div class=\"container my-8 svelte-zlsknf\">\n<div class=\"my-24 rounded-lg border-0 border-gray-700 bg-gray-100 px-16 py-24\">\n<div class=\"mt-11 !text-gray-500\">\n<p>Crie uma solu\u00e7\u00e3o de identifica\u00e7\u00e3o diferenciada e altamente vis\u00edvel para sua equipe ou participantes do evento com nossos cord\u00f5es de tr\u00eas cores. Este cord\u00e3o combina uma identidade visual impactante com um design dur\u00e1vel e pr\u00e1tico.<\/p>\n<p>O cabo de 90 cm \u00e9 feito de poli\u00e9ster resistente e pode ser totalmente personalizado com a sua escolha de tr\u00eas cores diferentes, permitindo que combine perfeitamente com a identidade visual da sua empresa ou com o tema do seu evento.<\/p>\n<p>A principal caracter\u00edstica \u00e9 o crach\u00e1 personalizado em PVC, que pode ser moldado com seu logotipo ou design usando at\u00e9 tr\u00eas cores. Isso proporciona uma alternativa dur\u00e1vel, t\u00e1til e de alta qualidade em compara\u00e7\u00e3o com um crach\u00e1 impresso padr\u00e3o. Cada cord\u00e3o inclui um anel de metal resistente, com outras op\u00e7\u00f5es de clipes dispon\u00edveis para atender \u00e0s necessidades espec\u00edficas do seu crach\u00e1 ou cart\u00e3o de acesso. Isso os torna uma excelente escolha para funcion\u00e1rios corporativos, identifica\u00e7\u00e3o em feiras comerciais ou passes para eventos com dura\u00e7\u00e3o de v\u00e1rios dias.<\/p>\n<p><b>Principais caracter\u00edsticas:<\/b><\/p>\n<ul>\n<li><b>Personaliza\u00e7\u00e3o em tr\u00eas cores:<\/b> Selecione tr\u00eas cores quaisquer para o cord\u00e3o de poli\u00e9ster de 90 cm que combinem com a sua marca.<\/li>\n<li><b>Crach\u00e1 personalizado em PVC:<\/b> Apresenta um emblema personalizado em PVC moldado para o seu logotipo (at\u00e9 3 cores).<\/li>\n<li><b>Cord\u00e3o de poli\u00e9ster dur\u00e1vel:<\/b> Constru\u00eddo para uso di\u00e1rio por funcion\u00e1rios ou para eventos com dura\u00e7\u00e3o de v\u00e1rios dias.<\/li>\n<li><b>Acess\u00f3rios vers\u00e1teis:<\/b> Vem com um anel de metal padr\u00e3o, ou voc\u00ea pode escolher entre outras op\u00e7\u00f5es de clipe.<\/li>\n<li><b>Identifica\u00e7\u00e3o de Alto Impacto:<\/b> Ideal para segmentar visualmente funcion\u00e1rios, VIPs ou equipes de eventos.<\/li>\n<\/ul>\n<\/div>\n<\/div>\n<\/div>\n<\/div>","protected":false},"excerpt":{"rendered":"<ul>\n<li>Possui um cabo de poli\u00e9ster resistente em tr\u00eas tons (escolha 3 cores).<\/li>\n<li>Inclui um crach\u00e1 de PVC personalizado (at\u00e9 3 cores) para o seu logotipo.<\/li>\n<li>Vem de s\u00e9rie com um anel de metal, com outras op\u00e7\u00f5es de clipe dispon\u00edveis.<\/li>\n<li>Ideal para identifica\u00e7\u00e3o diferenciada de funcion\u00e1rios ou passes para eventos corporativos.<\/li>\n<\/ul>","protected":false},"featured_media":6820,"comment_status":"closed","ping_status":"closed","template":"","meta":[],"product_brand":[],"product_cat":[43],"product_tag":[],"class_list":{"0":"post-1284","1":"product","2":"type-product","3":"status-publish","4":"has-post-thumbnail","6":"product_cat-lanyards","8":"first","9":"instock","10":"shipping-taxable","11":"purchasable","12":"product-type-simple"},"_links":{"self":[{"href":"https:\/\/displayproducts.eu\/pt\/wp-json\/wp\/v2\/product\/1284","targetHints":{"allow":["GET"]}}],"collection":[{"href":"https:\/\/displayproducts.eu\/pt\/wp-json\/wp\/v2\/product"}],"about":[{"href":"https:\/\/displayproducts.eu\/pt\/wp-json\/wp\/v2\/types\/product"}],"replies":[{"embeddable":true,"href":"https:\/\/displayproducts.eu\/pt\/wp-json\/wp\/v2\/comments?post=1284"}],"wp:featuredmedia":[{"embeddable":true,"href":"https:\/\/displayproducts.eu\/pt\/wp-json\/wp\/v2\/media\/6820"}],"wp:attachment":[{"href":"https:\/\/displayproducts.eu\/pt\/wp-json\/wp\/v2\/media?parent=1284"}],"wp:term":[{"taxonomy":"product_brand","embeddable":true,"href":"https:\/\/displayproducts.eu\/pt\/wp-json\/wp\/v2\/product_brand?post=1284"},{"taxonomy":"product_cat","embeddable":true,"href":"https:\/\/displayproducts.eu\/pt\/wp-json\/wp\/v2\/product_cat?post=1284"},{"taxonomy":"product_tag","embeddable":true,"href":"https:\/\/displayproducts.eu\/pt\/wp-json\/wp\/v2\/product_tag?post=1284"}],"curies":[{"name":"wp","href":"https:\/\/api.w.org\/{rel}","templated":true}]}}