{"id":1280,"date":"2024-10-27T11:53:51","date_gmt":"2024-10-27T08:53:51","guid":{"rendered":"https:\/\/wristbandfactory.eu\/toode\/3-tone-lanyards-with-woven-label\/"},"modified":"2026-04-01T21:52:36","modified_gmt":"2026-04-01T18:52:36","slug":"3-tone-cord-lanyards-with-woven-label","status":"publish","type":"product","link":"https:\/\/displayproducts.eu\/pt\/p\/3-tone-cord-lanyards-with-woven-label\/","title":{"rendered":"Cord\u00f5es de tr\u00eas tons com etiqueta tecida"},"content":{"rendered":"<div class=\"mx-12 md:mx-24 lg:mx-48\">\n<div class=\"container my-8 svelte-zlsknf\">\n<div class=\"my-24 rounded-lg border-0 border-gray-700 bg-gray-100 px-16 py-24\">\n<div class=\"mt-11 !text-gray-500\">\n<p>D\u00ea um toque de sofistica\u00e7\u00e3o \u00e0 identifica\u00e7\u00e3o da sua empresa com nossos cord\u00f5es de tr\u00eas cores, que apresentam uma etiqueta tecida de alta qualidade. Este cord\u00e3o oferece uma alternativa elegante e altamente dur\u00e1vel \u00e0s op\u00e7\u00f5es impressas padr\u00e3o, sendo ideal para identifica\u00e7\u00e3o de funcion\u00e1rios ou confer\u00eancias com dura\u00e7\u00e3o de v\u00e1rios dias.<\/p>\n<p>O cord\u00e3o \u00e9 confeccionado em um robusto cord\u00e3o de poli\u00e9ster de 90 cm em tr\u00eas tons, que pode ser totalmente personalizado com a sua escolha de tr\u00eas cores para combinar com a identidade da sua marca.<\/p>\n<p>Em vez de um crach\u00e1 impresso, este modelo apresenta uma etiqueta tecida de alta defini\u00e7\u00e3o, fixada com seguran\u00e7a ao cord\u00e3o por um el\u00e1stico resistente (dispon\u00edvel em branco ou preto). Esta etiqueta tecida pode exibir seu logotipo ou design em at\u00e9 4 cores, proporcionando um acabamento profissional e duradouro que n\u00e3o desbota nem risca. Cada cord\u00e3o vem com um anel de metal padr\u00e3o, com outras op\u00e7\u00f5es de clipe dispon\u00edveis.<\/p>\n<p><b>Principais caracter\u00edsticas:<\/b><\/p>\n<ul>\n<li><b>Cabo personalizado de 3 tons:<\/b> Escolha 3 cores quaisquer para o cord\u00e3o de poli\u00e9ster de 90 cm que combinem com a identidade visual da sua empresa.<\/li>\n<li><b>Etiqueta tecida premium:<\/b> Apresenta uma etiqueta tecida de alta defini\u00e7\u00e3o para o seu logotipo (at\u00e9 4 cores), oferecendo um acabamento premium e dur\u00e1vel.<\/li>\n<li><b>Fixa\u00e7\u00e3o dur\u00e1vel:<\/b> A etiqueta \u00e9 fixada de forma segura com um el\u00e1stico branco ou preto.<\/li>\n<li><b>Hardware vers\u00e1til:<\/b> Vem de s\u00e9rie com um anel de metal, com outras op\u00e7\u00f5es de clipes dispon\u00edveis para se adaptar a qualquer porta-crach\u00e1.<\/li>\n<li><b>Identidade visual duradoura:<\/b> Uma excelente op\u00e7\u00e3o para uso di\u00e1rio da equipe ou para identifica\u00e7\u00e3o de eventos com dura\u00e7\u00e3o de v\u00e1rios dias.<\/li>\n<\/ul>\n<\/div>\n<\/div>\n<\/div>\n<\/div>","protected":false},"excerpt":{"rendered":"<ul>\n<li>Possui um cabo de poli\u00e9ster resistente de 90 cm (escolha 3 cores personalizadas).<\/li>\n<li>Inclui uma etiqueta tecida premium de alta qualidade para o seu logotipo (at\u00e9 4 cores).<\/li>\n<li>Acompanha um anel de metal ou outras op\u00e7\u00f5es de clipe para uso vers\u00e1til.<\/li>\n<li>Ideal para uma solu\u00e7\u00e3o dur\u00e1vel e de longa dura\u00e7\u00e3o para identifica\u00e7\u00e3o corporativa ou passe de eventos.<\/li>\n<\/ul>","protected":false},"featured_media":6823,"comment_status":"closed","ping_status":"closed","template":"","meta":[],"product_brand":[],"product_cat":[43],"product_tag":[],"class_list":{"0":"post-1280","1":"product","2":"type-product","3":"status-publish","4":"has-post-thumbnail","6":"product_cat-lanyards","8":"first","9":"instock","10":"shipping-taxable","11":"purchasable","12":"product-type-simple"},"_links":{"self":[{"href":"https:\/\/displayproducts.eu\/pt\/wp-json\/wp\/v2\/product\/1280","targetHints":{"allow":["GET"]}}],"collection":[{"href":"https:\/\/displayproducts.eu\/pt\/wp-json\/wp\/v2\/product"}],"about":[{"href":"https:\/\/displayproducts.eu\/pt\/wp-json\/wp\/v2\/types\/product"}],"replies":[{"embeddable":true,"href":"https:\/\/displayproducts.eu\/pt\/wp-json\/wp\/v2\/comments?post=1280"}],"wp:featuredmedia":[{"embeddable":true,"href":"https:\/\/displayproducts.eu\/pt\/wp-json\/wp\/v2\/media\/6823"}],"wp:attachment":[{"href":"https:\/\/displayproducts.eu\/pt\/wp-json\/wp\/v2\/media?parent=1280"}],"wp:term":[{"taxonomy":"product_brand","embeddable":true,"href":"https:\/\/displayproducts.eu\/pt\/wp-json\/wp\/v2\/product_brand?post=1280"},{"taxonomy":"product_cat","embeddable":true,"href":"https:\/\/displayproducts.eu\/pt\/wp-json\/wp\/v2\/product_cat?post=1280"},{"taxonomy":"product_tag","embeddable":true,"href":"https:\/\/displayproducts.eu\/pt\/wp-json\/wp\/v2\/product_tag?post=1280"}],"curies":[{"name":"wp","href":"https:\/\/api.w.org\/{rel}","templated":true}]}}