{"id":1279,"date":"2024-10-27T11:53:51","date_gmt":"2024-10-27T08:53:51","guid":{"rendered":"https:\/\/wristbandfactory.eu\/toode\/glitter-lanyards\/"},"modified":"2026-04-01T21:52:36","modified_gmt":"2026-04-01T18:52:36","slug":"printed-glitter-lanyards-vip-gala-events","status":"publish","type":"product","link":"https:\/\/displayproducts.eu\/pt\/p\/printed-glitter-lanyards-vip-gala-events\/","title":{"rendered":"Fitas de pesco\u00e7o de pesco\u00e7o com glitter personalizadas"},"content":{"rendered":"<div class=\"mx-12 md:mx-24 lg:mx-48\">\n<div class=\"container my-8 svelte-zlsknf\">\n<div class=\"my-24 rounded-lg border-0 border-gray-700 bg-gray-100 px-16 py-24\">\n<div class=\"mt-11 !text-gray-500\">\n<p data-path-to-node=\"11\">D\u00ea destaque \u00e0 sua marca e garanta que seus convidados se sintam exclusivos com nossos servi\u00e7os. <b>Cord\u00f5es personalizados com glitter<\/b>. Este cord\u00e3o \u00e9 a escolha ideal para noites de premia\u00e7\u00e3o, galas VIP, festivais de m\u00fasica e celebra\u00e7\u00f5es corporativas, onde os cord\u00f5es comuns sem impress\u00e3omente se misturam ao ambiente.<\/p>\n<p data-path-to-node=\"12\">O cord\u00e3o \u00e9 confeccionado com uma base de fita de poli\u00e9ster resistente de 90 cm, sobre a qual \u00e9 aplicado um revestimento distinto. <b>material brilhante com glitter<\/b>. Isso cria uma tela \u00fanica e deslumbrante que capta a ilumina\u00e7\u00e3o do local e garante alta visibilidade mesmo em ambientes com pouca luz. \u00c9 uma excelente ferramenta para equipes de seguran\u00e7a e recep\u00e7\u00e3o identificarem rapidamente VIPs, pessoal de bastidores ou patrocinadores importantes.<\/p>\n<p data-path-to-node=\"13\">Imprimimos seu logotipo em um dos lados da superf\u00edcie com glitter usando <b>correspond\u00eancia precisa de cores Pantone<\/b>. Devido \u00e0 textura do glitter, recomendamos logotipos sem impress\u00e3o e em negrito para melhor legibilidade. Cada cord\u00e3o vem com um fecho resistente. <b>mosquet\u00e3o de metal<\/b>, conferindo um peso e uma sensa\u00e7\u00e3o profissionais ao produto, embora outras op\u00e7\u00f5es de fixa\u00e7\u00e3o estejam dispon\u00edveis para atender \u00e0s suas necessidades espec\u00edficas de crach\u00e1 de identifica\u00e7\u00e3o.<\/p>\n<p data-path-to-node=\"14\"><b>Principais caracter\u00edsticas:<\/b><\/p>\n<ul data-path-to-node=\"15\">\n<li>\n<p data-path-to-node=\"15,0,0\"><b>Material:<\/b> Base de poli\u00e9ster com sobreposi\u00e7\u00e3o de glitter de alto brilho.<\/p>\n<\/li>\n<li>\n<p data-path-to-node=\"15,1,0\"><b>Efeito visual:<\/b> O acabamento brilhante oferece uma est\u00e9tica sofisticada para eventos de alto padr\u00e3o.<\/p>\n<\/li>\n<li>\n<p data-path-to-node=\"15,2,0\"><b>Impress\u00e3o:<\/b> Impress\u00e3o serigr\u00e1fica personalizada em um lado com correspond\u00eancia de cores Pantone (ideal para logotipos em negrito).<\/p>\n<\/li>\n<li>\n<p data-path-to-node=\"15,3,0\"><b>Aplicativo:<\/b> Ideal para distinguir convidados VIP, palestrantes e funcion\u00e1rios em festas e eventos de gala.<\/p>\n<\/li>\n<li>\n<p data-path-to-node=\"15,4,0\"><b>Hardware:<\/b> Inclui um mosquet\u00e3o de metal resistente para fixa\u00e7\u00e3o segura do crach\u00e1.<\/p>\n<\/li>\n<\/ul>\n<\/div>\n<\/div>\n<\/div>\n<\/div>","protected":false},"excerpt":{"rendered":"<ul>\n<li>\n<p data-path-to-node=\"9,0,0\"><b>Brilho de Alto Impacto:<\/b> Uma camada de glitter premium cria um acabamento brilhante e atraente, ideal para eventos noturnos.<\/p>\n<\/li>\n<li>\n<p data-path-to-node=\"9,1,0\"><b>Diferencia\u00e7\u00e3o VIP:<\/b> O visual diferenciado destaca instantaneamente convidados especiais, funcion\u00e1rios ou vencedores de pr\u00eamios.<\/p>\n<\/li>\n<li>\n<p data-path-to-node=\"9,2,0\"><b>Identidade Visual Personalizada:<\/b> Seu logotipo \u00e9 impresso em serigrafia em uma \u00fanica cor (cor correspondente \u00e0 Pantone) diretamente na superf\u00edcie com glitter.<\/p>\n<\/li>\n<li>\n<p data-path-to-node=\"9,3,0\"><b>Conforto duradouro:<\/b> Constru\u00eddo sobre uma base robusta de poli\u00e9ster de 90 cm, garantindo durabilidade sem comprometer o estilo.<\/p>\n<\/li>\n<\/ul>","protected":false},"featured_media":6741,"comment_status":"closed","ping_status":"closed","template":"","meta":[],"product_brand":[],"product_cat":[104],"product_tag":[],"class_list":{"0":"post-1279","1":"product","2":"type-product","3":"status-publish","4":"has-post-thumbnail","6":"product_cat-custom-printed-lanyards","8":"first","9":"instock","10":"shipping-taxable","11":"purchasable","12":"product-type-simple"},"_links":{"self":[{"href":"https:\/\/displayproducts.eu\/pt\/wp-json\/wp\/v2\/product\/1279","targetHints":{"allow":["GET"]}}],"collection":[{"href":"https:\/\/displayproducts.eu\/pt\/wp-json\/wp\/v2\/product"}],"about":[{"href":"https:\/\/displayproducts.eu\/pt\/wp-json\/wp\/v2\/types\/product"}],"replies":[{"embeddable":true,"href":"https:\/\/displayproducts.eu\/pt\/wp-json\/wp\/v2\/comments?post=1279"}],"wp:featuredmedia":[{"embeddable":true,"href":"https:\/\/displayproducts.eu\/pt\/wp-json\/wp\/v2\/media\/6741"}],"wp:attachment":[{"href":"https:\/\/displayproducts.eu\/pt\/wp-json\/wp\/v2\/media?parent=1279"}],"wp:term":[{"taxonomy":"product_brand","embeddable":true,"href":"https:\/\/displayproducts.eu\/pt\/wp-json\/wp\/v2\/product_brand?post=1279"},{"taxonomy":"product_cat","embeddable":true,"href":"https:\/\/displayproducts.eu\/pt\/wp-json\/wp\/v2\/product_cat?post=1279"},{"taxonomy":"product_tag","embeddable":true,"href":"https:\/\/displayproducts.eu\/pt\/wp-json\/wp\/v2\/product_tag?post=1279"}],"curies":[{"name":"wp","href":"https:\/\/api.w.org\/{rel}","templated":true}]}}