{"id":1276,"date":"2024-10-27T11:53:51","date_gmt":"2024-10-27T08:53:51","guid":{"rendered":"https:\/\/wristbandfactory.eu\/toode\/round-lanyard-with-domed-slider\/"},"modified":"2026-04-01T21:52:36","modified_gmt":"2026-04-01T18:52:36","slug":"round-cord-lanyards-with-dome-logo-slider-epoxy-3d","status":"publish","type":"product","link":"https:\/\/displayproducts.eu\/pt\/p\/round-cord-lanyards-with-dome-logo-slider-epoxy-3d\/","title":{"rendered":"Cord\u00f5es redondos com logotipo deslizante em formato de c\u00fapula (ep\u00f3xi 3D)"},"content":{"rendered":"<div class=\"mx-12 md:mx-24 lg:mx-48\">\n<div class=\"container my-8 svelte-zlsknf\">\n<div class=\"my-24 rounded-lg border-0 border-gray-700 bg-gray-100 px-16 py-24\">\n<div class=\"mt-11 !text-gray-500\">\n<p data-path-to-node=\"7\">Ofere\u00e7a uma maneira elegante, moderna e sofisticada de exibir sua identifica\u00e7\u00e3o com nossos cord\u00f5es redondos com logotipo deslizante em formato de c\u00fapula. Este design minimalista \u00e9 o preferido por empresas de tecnologia, startups e organizadores de confer\u00eancias de alto n\u00edvel que desejam se distanciar dos tradicionais cord\u00f5es largos, semelhantes a outdoors.<\/p>\n<p data-path-to-node=\"8\"><b>A vantagem da \u201cc\u00fapula\u201d<\/b> O grande diferencial deste produto \u00e9 o efeito de lupa na marca. Ao contr\u00e1rio da impress\u00e3o plana padr\u00e3o, seu logotipo \u00e9 coberto com uma camada de resina ep\u00f3xi transparente (efeito doming). Isso cria um efeito de lupa. <b>Efeito 3D<\/b> Isso torna as cores mais vibrantes e confere \u00e0 marca um acabamento sofisticado, semelhante ao de uma joia. A resina tamb\u00e9m protege o logotipo contra arranh\u00f5es, desbotamento e danos causados pela \u00e1gua, garantindo que sua marca mantenha uma apar\u00eancia impec\u00e1vel por muito tempo.<\/p>\n<p data-path-to-node=\"9\"><b>Conforto e durabilidade<\/b> Fabricado com um cord\u00e3o de poli\u00e9ster resistente (com cerca de 5 mm de espessura), este cord\u00e3o \u00e9 leve e confort\u00e1vel para usar no pesco\u00e7o. Vem com um mosquet\u00e3o de metal de alta qualidade para prender com seguran\u00e7a crach\u00e1s de identifica\u00e7\u00e3o, chaves ou dispositivos de acesso. Embora o fecho deslizante seja preto por padr\u00e3o, podemos produzi-lo em cores personalizadas para pedidos de maior volume, garantindo uma combina\u00e7\u00e3o perfeita com a identidade visual da sua empresa.<\/p>\n<p data-path-to-node=\"10\"><b>Principais caracter\u00edsticas:<\/b><\/p>\n<ul data-path-to-node=\"11\">\n<li>\n<p data-path-to-node=\"11,0,0\"><b>Deslizador de c\u00fapula de ep\u00f3xi:<\/b> A \u00e1rea de personaliza\u00e7\u00e3o revestida com resina cria um visual 3D sofisticado e resistente a riscos.<\/p>\n<\/li>\n<li>\n<p data-path-to-node=\"11,1,0\"><b>Cord\u00e3o redondo de poli\u00e9ster:<\/b> Uma alternativa dur\u00e1vel e confort\u00e1vel aos cord\u00f5es planos.<\/p>\n<\/li>\n<li>\n<p data-path-to-node=\"11,2,0\"><b>Branding vibrante:<\/b> Ideal para logotipos coloridos que precisam se destacar.<\/p>\n<\/li>\n<li>\n<p data-path-to-node=\"11,3,0\"><b>Mosquet\u00e3o de metal:<\/b> O clipe refor\u00e7ado garante a fixa\u00e7\u00e3o segura de crach\u00e1s e chaves.<\/p>\n<\/li>\n<li>\n<p data-path-to-node=\"11,4,0\"><b>Est\u00e9tica profissional:<\/b> Design minimalista ideal para VIPs e funcion\u00e1rios corporativos.<\/p>\n<\/li>\n<\/ul>\n<\/div>\n<\/div>\n<\/div>\n<\/div>","protected":false},"excerpt":{"rendered":"<ul>\n<li>\n<p data-path-to-node=\"6,0,0\"><b>Identidade visual premium:<\/b> O disco deslizante com o logotipo apresenta um revestimento de resina ep\u00f3xi cristalina (em forma de c\u00fapula) para um efeito 3D.<\/p>\n<\/li>\n<li>\n<p data-path-to-node=\"6,1,0\"><b>Impress\u00e3o a cores:<\/b> Permite a cria\u00e7\u00e3o de logotipos vibrantes e detalhados, protegidos contra arranh\u00f5es e desbotamento.<\/p>\n<\/li>\n<li>\n<p data-path-to-node=\"6,2,0\"><b>Design elegante:<\/b> O cord\u00e3o redondo de poli\u00e9ster de 90 cm oferece uma alternativa moderna e minimalista \u00e0s fitas de pesco\u00e7o planas.<\/p>\n<\/li>\n<li>\n<p data-path-to-node=\"6,3,0\"><b>Fixa\u00e7\u00e3o segura:<\/b> Vem de s\u00e9rie com um mosquet\u00e3o de metal resistente para cart\u00f5es de identifica\u00e7\u00e3o.<\/p>\n<\/li>\n<li><\/li>\n<\/ul>","protected":false},"featured_media":6765,"comment_status":"closed","ping_status":"closed","template":"","meta":[],"product_brand":[],"product_cat":[43,125,104],"product_tag":[],"class_list":{"0":"post-1276","1":"product","2":"type-product","3":"status-publish","4":"has-post-thumbnail","6":"product_cat-lanyards","7":"product_cat-cord-lanyards","8":"product_cat-custom-printed-lanyards","10":"first","11":"instock","12":"shipping-taxable","13":"purchasable","14":"product-type-simple"},"_links":{"self":[{"href":"https:\/\/displayproducts.eu\/pt\/wp-json\/wp\/v2\/product\/1276","targetHints":{"allow":["GET"]}}],"collection":[{"href":"https:\/\/displayproducts.eu\/pt\/wp-json\/wp\/v2\/product"}],"about":[{"href":"https:\/\/displayproducts.eu\/pt\/wp-json\/wp\/v2\/types\/product"}],"replies":[{"embeddable":true,"href":"https:\/\/displayproducts.eu\/pt\/wp-json\/wp\/v2\/comments?post=1276"}],"wp:featuredmedia":[{"embeddable":true,"href":"https:\/\/displayproducts.eu\/pt\/wp-json\/wp\/v2\/media\/6765"}],"wp:attachment":[{"href":"https:\/\/displayproducts.eu\/pt\/wp-json\/wp\/v2\/media?parent=1276"}],"wp:term":[{"taxonomy":"product_brand","embeddable":true,"href":"https:\/\/displayproducts.eu\/pt\/wp-json\/wp\/v2\/product_brand?post=1276"},{"taxonomy":"product_cat","embeddable":true,"href":"https:\/\/displayproducts.eu\/pt\/wp-json\/wp\/v2\/product_cat?post=1276"},{"taxonomy":"product_tag","embeddable":true,"href":"https:\/\/displayproducts.eu\/pt\/wp-json\/wp\/v2\/product_tag?post=1276"}],"curies":[{"name":"wp","href":"https:\/\/api.w.org\/{rel}","templated":true}]}}