{"id":1275,"date":"2024-10-27T11:53:51","date_gmt":"2024-10-27T08:53:51","guid":{"rendered":"https:\/\/wristbandfactory.eu\/toode\/reflective-lanyards\/"},"modified":"2026-04-01T21:52:36","modified_gmt":"2026-04-01T18:52:36","slug":"printed-reflective-lanyards","status":"publish","type":"product","link":"https:\/\/displayproducts.eu\/pt\/p\/printed-reflective-lanyards\/","title":{"rendered":"Cord\u00f5es refletivos impressos"},"content":{"rendered":"<div class=\"mx-12 md:mx-24 lg:mx-48\">\n<div class=\"container my-8 svelte-zlsknf\">\n<div class=\"my-24 rounded-lg border-0 border-gray-700 bg-gray-100 px-16 py-24\">\n<div class=\"mt-11 !text-gray-500\">\n<p>Maximize a seguran\u00e7a e a visibilidade da sua equipe com o nosso <b>Cord\u00f5es refletivos impressos<\/b>. Este produto \u00e9 uma ferramenta crucial para qualquer organiza\u00e7\u00e3o que necessite de alta visibilidade para seus funcion\u00e1rios, como em eventos noturnos, em canteiros de obras ou em log\u00edstica.<\/p>\n<p>Este cord\u00e3o de 90 cm \u00e9 feito de uma fita de poli\u00e9ster resistente, revestida com um acabamento brilhante. <b>sobreposi\u00e7\u00e3o refletora cinza<\/b>. Essa sobreposi\u00e7\u00e3o completa proporciona a m\u00e1xima \u00e1rea de superf\u00edcie para captar a luz em condi\u00e7\u00f5es de pouca luz, tornando o usu\u00e1rio altamente vis\u00edvel.<\/p>\n<p>O logotipo da sua organiza\u00e7\u00e3o \u00e9 impresso diretamente nessa superf\u00edcie refletora, nas cores Pantone espec\u00edficas que voc\u00ea definiu. Isso garante que sua marca seja vis\u00edvel e profissional, mantendo a principal fun\u00e7\u00e3o de seguran\u00e7a do cord\u00e3o. Cada cord\u00e3o vem com um mosquet\u00e3o de metal para fixar com seguran\u00e7a crach\u00e1s de identifica\u00e7\u00e3o ou cart\u00f5es de acesso.<\/p>\n<p><b>Principais caracter\u00edsticas:<\/b><\/p>\n<ul>\n<li><b>Revestimento totalmente refletivo:<\/b> Possui uma camada refletora cinza para visibilidade de 360 graus em condi\u00e7\u00f5es de baixa luminosidade.<\/li>\n<li><b>Impress\u00e3o personalizada em um lado:<\/b> Seu logotipo \u00e9 impresso diretamente na superf\u00edcie refletora com correspond\u00eancia de cores Pantone.<\/li>\n<li><b>Base de poli\u00e9ster dur\u00e1vel:<\/b> Uma fita de poli\u00e9ster de 90 cm proporciona uma base forte e confort\u00e1vel.<\/li>\n<li><b>Seguran\u00e7a refor\u00e7ada:<\/b> Ideal para funcion\u00e1rios, eventos noturnos ou qualquer ambiente que exija alta visibilidade.<\/li>\n<li><b>Mosquet\u00e3o met\u00e1lico padr\u00e3o:<\/b> Inclui um mosquet\u00e3o de metal seguro (outras op\u00e7\u00f5es de clipes dispon\u00edveis).<\/li>\n<\/ul>\n<p>&nbsp;<\/p>\n<\/div>\n<\/div>\n<\/div>\n<\/div>","protected":false},"excerpt":{"rendered":"<ul>\n<li>Apresenta uma camada refletora cinza em toda a largura para m\u00e1xima visibilidade.<\/li>\n<li>Impress\u00e3o personalizada em um lado com seu logotipo correspondente \u00e0 cor Pantone.<\/li>\n<li>Ideal para equipes de eventos, constru\u00e7\u00e3o civil ou programas de seguran\u00e7a corporativa.<\/li>\n<li>Al\u00e7a resistente de poli\u00e9ster de 90 cm com mosquet\u00e3o de metal.<\/li>\n<\/ul>","protected":false},"featured_media":6750,"comment_status":"closed","ping_status":"closed","template":"","meta":[],"product_brand":[],"product_cat":[43,109],"product_tag":[],"class_list":{"0":"post-1275","1":"product","2":"type-product","3":"status-publish","4":"has-post-thumbnail","6":"product_cat-lanyards","7":"product_cat-reflective-lanyards","9":"first","10":"instock","11":"shipping-taxable","12":"purchasable","13":"product-type-simple"},"_links":{"self":[{"href":"https:\/\/displayproducts.eu\/pt\/wp-json\/wp\/v2\/product\/1275","targetHints":{"allow":["GET"]}}],"collection":[{"href":"https:\/\/displayproducts.eu\/pt\/wp-json\/wp\/v2\/product"}],"about":[{"href":"https:\/\/displayproducts.eu\/pt\/wp-json\/wp\/v2\/types\/product"}],"replies":[{"embeddable":true,"href":"https:\/\/displayproducts.eu\/pt\/wp-json\/wp\/v2\/comments?post=1275"}],"wp:featuredmedia":[{"embeddable":true,"href":"https:\/\/displayproducts.eu\/pt\/wp-json\/wp\/v2\/media\/6750"}],"wp:attachment":[{"href":"https:\/\/displayproducts.eu\/pt\/wp-json\/wp\/v2\/media?parent=1275"}],"wp:term":[{"taxonomy":"product_brand","embeddable":true,"href":"https:\/\/displayproducts.eu\/pt\/wp-json\/wp\/v2\/product_brand?post=1275"},{"taxonomy":"product_cat","embeddable":true,"href":"https:\/\/displayproducts.eu\/pt\/wp-json\/wp\/v2\/product_cat?post=1275"},{"taxonomy":"product_tag","embeddable":true,"href":"https:\/\/displayproducts.eu\/pt\/wp-json\/wp\/v2\/product_tag?post=1275"}],"curies":[{"name":"wp","href":"https:\/\/api.w.org\/{rel}","templated":true}]}}