{"id":1272,"date":"2024-10-27T11:53:51","date_gmt":"2024-10-27T08:53:51","guid":{"rendered":"https:\/\/wristbandfactory.eu\/toode\/flat-polyester-lanyards-with-metal-bottle-opener\/"},"modified":"2026-04-01T21:52:04","modified_gmt":"2026-04-01T18:52:04","slug":"polyester-lanyards-with-bottle-opener","status":"publish","type":"product","link":"https:\/\/displayproducts.eu\/pt\/p\/polyester-lanyards-with-bottle-opener\/","title":{"rendered":"Cord\u00f5es de poli\u00e9ster com abridor de garrafas"},"content":{"rendered":"<div class=\"mx-12 md:mx-24 lg:mx-48\">\n<div class=\"container my-8 svelte-zlsknf\">\n<div class=\"my-24 rounded-lg border-0 border-gray-700 bg-gray-100 px-16 py-24\">\n<div class=\"mt-11 !text-gray-500\">\n<p>Combine visibilidade da marca com praticidade com nossos cord\u00f5es de poli\u00e9ster com abridor de garrafas integrado. Este cord\u00e3o multifuncional \u00e9 uma excelente ferramenta promocional para festivais, eventos de hospitalidade, feiras comerciais e festas corporativas, garantindo que sua marca esteja sempre \u00e0 m\u00e3o.<\/p>\n<p>Fabricada em poli\u00e9ster resistente de 90 cm, a fita oferece uma superf\u00edcie ampla e lisa para o seu logotipo. Podemos imprimir o seu design com correspond\u00eancia precisa de cores Pantone em um ou ambos os lados.<\/p>\n<p>Este cord\u00e3o foi projetado para m\u00e1xima funcionalidade. Ele inclui um abridor de garrafas de metal resistente e um mosquet\u00e3o de metal separado, permitindo que os participantes exibam seus crach\u00e1s de identifica\u00e7\u00e3o enquanto t\u00eam uma ferramenta pr\u00e1tica sempre \u00e0 m\u00e3o. Isso o torna um brinde memor\u00e1vel e eficaz que clientes e participantes guardar\u00e3o e usar\u00e3o.<\/p>\n<p><b>Principais caracter\u00edsticas:<\/b><\/p>\n<ul>\n<li><b>Abridor de garrafas integrado:<\/b> Possui um abridor de garrafas de metal resistente e integrado, tornando-o um item promocional de grande utilidade.<\/li>\n<li><b>Acess\u00f3rios duplos:<\/b> Acompanha abridor de garrafas e mosquet\u00e3o de metal, permitindo o uso simult\u00e2neo como porta-identifica\u00e7\u00e3o.<\/li>\n<li><b>Al\u00e7a de poli\u00e9ster personalizada:<\/b> Al\u00e7a resistente de 90 cm, com impress\u00e3o personalizada do seu logotipo em cores Pantone.<\/li>\n<li><b>Impress\u00e3o em 1 ou 2 lados:<\/b> Escolha entre impress\u00e3o em um ou dois lados para m\u00e1xima exposi\u00e7\u00e3o da marca.<\/li>\n<li><b>Brinde ideal para eventos:<\/b> Um item extremamente pr\u00e1tico e memor\u00e1vel para festivais, feiras comerciais e eventos corporativos.<\/li>\n<\/ul>\n<\/div>\n<\/div>\n<\/div>\n<\/div>","protected":false},"excerpt":{"rendered":"<ul>\n<li>Possui um abridor de garrafas de metal integrado e funcional para maior praticidade.<\/li>\n<li>Al\u00e7a resistente de poli\u00e9ster de 90 cm, personalizada com a sua logomarca.<\/li>\n<li>Impress\u00e3o de logotipo com cores Pantone dispon\u00edvel em um ou dois lados.<\/li>\n<li>Inclui um mosquet\u00e3o de metal separado para crach\u00e1s de identifica\u00e7\u00e3o ou chaves.<\/li>\n<\/ul>","protected":false},"featured_media":6724,"comment_status":"closed","ping_status":"closed","template":"","meta":[],"product_brand":[],"product_cat":[43,108],"product_tag":[],"class_list":{"0":"post-1272","1":"product","2":"type-product","3":"status-publish","4":"has-post-thumbnail","6":"product_cat-lanyards","7":"product_cat-multifunctional-lanyards","9":"first","10":"instock","11":"shipping-taxable","12":"purchasable","13":"product-type-simple"},"_links":{"self":[{"href":"https:\/\/displayproducts.eu\/pt\/wp-json\/wp\/v2\/product\/1272","targetHints":{"allow":["GET"]}}],"collection":[{"href":"https:\/\/displayproducts.eu\/pt\/wp-json\/wp\/v2\/product"}],"about":[{"href":"https:\/\/displayproducts.eu\/pt\/wp-json\/wp\/v2\/types\/product"}],"replies":[{"embeddable":true,"href":"https:\/\/displayproducts.eu\/pt\/wp-json\/wp\/v2\/comments?post=1272"}],"wp:featuredmedia":[{"embeddable":true,"href":"https:\/\/displayproducts.eu\/pt\/wp-json\/wp\/v2\/media\/6724"}],"wp:attachment":[{"href":"https:\/\/displayproducts.eu\/pt\/wp-json\/wp\/v2\/media?parent=1272"}],"wp:term":[{"taxonomy":"product_brand","embeddable":true,"href":"https:\/\/displayproducts.eu\/pt\/wp-json\/wp\/v2\/product_brand?post=1272"},{"taxonomy":"product_cat","embeddable":true,"href":"https:\/\/displayproducts.eu\/pt\/wp-json\/wp\/v2\/product_cat?post=1272"},{"taxonomy":"product_tag","embeddable":true,"href":"https:\/\/displayproducts.eu\/pt\/wp-json\/wp\/v2\/product_tag?post=1272"}],"curies":[{"name":"wp","href":"https:\/\/api.w.org\/{rel}","templated":true}]}}