{"id":1271,"date":"2024-10-27T11:53:52","date_gmt":"2024-10-27T08:53:52","guid":{"rendered":"https:\/\/wristbandfactory.eu\/toode\/fine-polyester-lanyards-with-metallic-foil-stamped-design\/"},"modified":"2026-04-01T21:52:36","modified_gmt":"2026-04-01T18:52:36","slug":"metallic-foil-printed-lanyards-premium-vip-branding","status":"publish","type":"product","link":"https:\/\/displayproducts.eu\/pt\/p\/metallic-foil-printed-lanyards-premium-vip-branding\/","title":{"rendered":"Fitas de pesco\u00e7o de pesco\u00e7o com impress\u00e3o met\u00e1lica (folha de ouro\/prata)"},"content":{"rendered":"<div class=\"mx-12 md:mx-24 lg:mx-48\">\n<div class=\"container my-8 svelte-zlsknf\">\n<div class=\"my-24 rounded-lg border-0 border-gray-700 bg-gray-100 px-16 py-24\">\n<div class=\"mt-11 !text-gray-500\">\n<p data-path-to-node=\"11\">Aprimore a identidade da sua marca e diferencie seus clientes mais importantes com nossos produtos. <b>Cord\u00f5es impressos em folha met\u00e1lica<\/b>. Projetados especificamente para eventos de alto n\u00edvel, cerim\u00f4nias de premia\u00e7\u00e3o e controle de acesso VIP, esses cord\u00f5es oferecem um n\u00edvel de sofistica\u00e7\u00e3o que a serigrafia padr\u00e3o n\u00e3o consegue igualar.<\/p>\n<p data-path-to-node=\"12\">A caracter\u00edstica principal deste produto \u00e9 a <b>processo de estampagem de folha met\u00e1lica<\/b>. Em vez da tinta tradicional, estampamos seu logotipo diretamente na fita usando uma t\u00e9cnica de prensagem a quente com vibrantes folhas met\u00e1licas (geralmente douradas ou prateadas). Isso cria um acabamento n\u00edtido e altamente reflexivo que brilha sob a ilumina\u00e7\u00e3o do evento, chamando a aten\u00e7\u00e3o imediatamente para sua marca. \u00c9 a solu\u00e7\u00e3o definitiva para categorizar. <b>Convidados VIP, patrocinadores e equipe do evento<\/b> que precisam se destacar da multid\u00e3o.<\/p>\n<p data-path-to-node=\"13\">Feito de um <b>poli\u00e9ster fino de alta qualidade<\/b>, A al\u00e7a do cord\u00e3o \u00e9 excepcionalmente macia e suave, garantindo conforto para uso prolongado com trajes formais. Cada unidade vem de f\u00e1brica com um cord\u00e3o confi\u00e1vel. <b>mosquet\u00e3o de metal<\/b>, Refor\u00e7ando a apar\u00eancia e a sensa\u00e7\u00e3o premium. Para organizadores que buscam uma solu\u00e7\u00e3o de identifica\u00e7\u00e3o verdadeiramente &quot;de luxo&quot;, esta \u00e9 a escolha definitiva.<\/p>\n<p data-path-to-node=\"14\"><b>Principais caracter\u00edsticas:<\/b><\/p>\n<ul data-path-to-node=\"15\">\n<li>\n<p data-path-to-node=\"15,0,0\"><b>M\u00e9todo de impress\u00e3o:<\/b> A impress\u00e3o em folha met\u00e1lica premium cria um acabamento brilhante, reflexivo e sofisticado para o logotipo.<\/p>\n<\/li>\n<li>\n<p data-path-to-node=\"15,1,0\"><b>Material:<\/b> O poli\u00e9ster liso de trama fina oferece uma sensa\u00e7\u00e3o t\u00e1til superior em compara\u00e7\u00e3o com os cord\u00f5es canelados padr\u00e3o.<\/p>\n<\/li>\n<li>\n<p data-path-to-node=\"15,2,0\"><b>P\u00fablico-alvo:<\/b> Ideal para VIPs, executivos corporativos, patrocinadores de alto n\u00edvel e eventos de gala noturnos.<\/p>\n<\/li>\n<li>\n<p data-path-to-node=\"15,3,0\"><b>Impacto visual:<\/b> A impress\u00e3o refletiva garante que o logotipo seja vis\u00edvel e atraente mesmo em locais com pouca luz.<\/p>\n<\/li>\n<\/ul>\n<\/div>\n<\/div>\n<\/div>\n<\/div>","protected":false},"excerpt":{"rendered":"<ul>\n<li>\n<p data-path-to-node=\"9,0,0\"><b>Acabamento exclusivo:<\/b> A impress\u00e3o em folha met\u00e1lica de alta qualidade (ouro, prata, etc.) cria um efeito reflexivo impressionante no logotipo.<\/p>\n<\/li>\n<li>\n<p data-path-to-node=\"9,1,0\"><b>Apelo VIP:<\/b> A escolha perfeita para patrocinadores, palestrantes e convidados VIP que necessitam de identifica\u00e7\u00e3o distinta.<\/p>\n<\/li>\n<li>\n<p data-path-to-node=\"9,2,0\"><b>Material Premium:<\/b> Feito de poli\u00e9ster macio e de trama fina, que proporciona uma sensa\u00e7\u00e3o luxuosa e confort\u00e1vel em contato com a pele.<\/p>\n<\/li>\n<li>\n<p data-path-to-node=\"9,3,0\"><b>Alta visibilidade:<\/b> A estampa brilhante capta a luz, garantindo que sua marca se destaque em qualquer condi\u00e7\u00e3o de ilumina\u00e7\u00e3o.<\/p>\n<\/li>\n<li><\/li>\n<\/ul>","protected":false},"featured_media":6716,"comment_status":"closed","ping_status":"closed","template":"","meta":[],"product_brand":[],"product_cat":[43,104],"product_tag":[],"class_list":{"0":"post-1271","1":"product","2":"type-product","3":"status-publish","4":"has-post-thumbnail","6":"product_cat-lanyards","7":"product_cat-custom-printed-lanyards","9":"first","10":"instock","11":"shipping-taxable","12":"purchasable","13":"product-type-simple"},"_links":{"self":[{"href":"https:\/\/displayproducts.eu\/pt\/wp-json\/wp\/v2\/product\/1271","targetHints":{"allow":["GET"]}}],"collection":[{"href":"https:\/\/displayproducts.eu\/pt\/wp-json\/wp\/v2\/product"}],"about":[{"href":"https:\/\/displayproducts.eu\/pt\/wp-json\/wp\/v2\/types\/product"}],"replies":[{"embeddable":true,"href":"https:\/\/displayproducts.eu\/pt\/wp-json\/wp\/v2\/comments?post=1271"}],"wp:featuredmedia":[{"embeddable":true,"href":"https:\/\/displayproducts.eu\/pt\/wp-json\/wp\/v2\/media\/6716"}],"wp:attachment":[{"href":"https:\/\/displayproducts.eu\/pt\/wp-json\/wp\/v2\/media?parent=1271"}],"wp:term":[{"taxonomy":"product_brand","embeddable":true,"href":"https:\/\/displayproducts.eu\/pt\/wp-json\/wp\/v2\/product_brand?post=1271"},{"taxonomy":"product_cat","embeddable":true,"href":"https:\/\/displayproducts.eu\/pt\/wp-json\/wp\/v2\/product_cat?post=1271"},{"taxonomy":"product_tag","embeddable":true,"href":"https:\/\/displayproducts.eu\/pt\/wp-json\/wp\/v2\/product_tag?post=1271"}],"curies":[{"name":"wp","href":"https:\/\/api.w.org\/{rel}","templated":true}]}}