{"id":1268,"date":"2024-10-27T11:53:52","date_gmt":"2024-10-27T08:53:52","guid":{"rendered":"https:\/\/wristbandfactory.eu\/toode\/lanyards-with-reflective-threads\/"},"modified":"2026-04-01T21:52:36","modified_gmt":"2026-04-01T18:52:36","slug":"lanyards-with-reflective-threads","status":"publish","type":"product","link":"https:\/\/displayproducts.eu\/pt\/p\/lanyards-with-reflective-threads\/","title":{"rendered":"Cord\u00f5es com fios refletivos"},"content":{"rendered":"<div class=\"mx-12 md:mx-24 lg:mx-48\">\n<div class=\"container my-8 svelte-zlsknf\">\n<div class=\"my-24 rounded-lg border-0 border-gray-700 bg-gray-100 px-16 py-24\">\n<div class=\"mt-11 !text-gray-500\">\n<p>Aumente a seguran\u00e7a e a visibilidade da sua equipe em eventos noturnos, locais de trabalho ou eventos corporativos com nossos produtos. <b>Cord\u00f5es com fios refletores<\/b>. Este cord\u00e3o foi projetado com maestria para combinar uma identidade visual de alto impacto com um recurso de seguran\u00e7a essencial.<\/p>\n<p>Cada cord\u00e3o de 90 cm \u00e9 feito de poli\u00e9ster dur\u00e1vel. Ao contr\u00e1rio dos cord\u00f5es totalmente refletivos, este modelo apresenta <b>fios refletores entrela\u00e7ados diretamente no material da fita<\/b>. Esses fios captam a luz em condi\u00e7\u00f5es de pouca ou nenhuma luminosidade, tornando o usu\u00e1rio significativamente mais vis\u00edvel sem comprometer o conforto ou a apar\u00eancia profissional do cord\u00e3o.<\/p>\n<p>A al\u00e7a de poli\u00e9ster oferece uma excelente superf\u00edcie para personaliza\u00e7\u00e3o. Podemos imprimir seu logotipo ou mensagem em um ou ambos os lados, utilizando a correspond\u00eancia precisa de cores Pantone. Cada cord\u00e3o vem com um mosquet\u00e3o de metal resistente, tornando-o uma solu\u00e7\u00e3o funcional para guardar crach\u00e1s de identifica\u00e7\u00e3o, chaves ou cart\u00f5es de acesso.<\/p>\n<p><b>Principais caracter\u00edsticas:<\/b><\/p>\n<ul>\n<li><b>Fios refletivos incorporados \u00e0 trama:<\/b> Possui fios entrela\u00e7ados diretamente no poli\u00e9ster para alta visibilidade em condi\u00e7\u00f5es de pouca luz.<\/li>\n<li><b>Impress\u00e3o Pantone personalizada:<\/b> Seu logotipo \u00e9 impresso em um ou dois lados com correspond\u00eancia precisa de cores Pantone.<\/li>\n<li><b>Al\u00e7a de poli\u00e9ster resistente:<\/b> A al\u00e7a de 90 cm \u00e9 confort\u00e1vel e ideal para uso di\u00e1rio em ambientes corporativos ou eventos.<\/li>\n<li><b>Seguran\u00e7a refor\u00e7ada:<\/b> Ideal para funcion\u00e1rios, eventos noturnos ou qualquer ambiente onde a alta visibilidade seja uma prioridade.<\/li>\n<li><b>Mosquet\u00e3o met\u00e1lico padr\u00e3o:<\/b> Inclui um mosquet\u00e3o de metal seguro, com outras op\u00e7\u00f5es de clipes dispon\u00edveis.<\/li>\n<\/ul>\n<\/div>\n<\/div>\n<\/div>\n<\/div>","protected":false},"excerpt":{"rendered":"<ul>\n<li>Apresenta fios refletores de alta visibilidade entrela\u00e7ados diretamente na pulseira de poli\u00e9ster.<\/li>\n<li>Ideal para aumentar a seguran\u00e7a de funcion\u00e1rios e participantes em eventos noturnos.<\/li>\n<li>Personalize a impress\u00e3o do seu logotipo, com cores Pantone correspondentes, em um ou dois lados.<\/li>\n<li>Al\u00e7a resistente de 90 cm com mosquet\u00e3o met\u00e1lico padr\u00e3o.<\/li>\n<\/ul>","protected":false},"featured_media":6719,"comment_status":"closed","ping_status":"closed","template":"","meta":[],"product_brand":[],"product_cat":[43,109],"product_tag":[],"class_list":{"0":"post-1268","1":"product","2":"type-product","3":"status-publish","4":"has-post-thumbnail","6":"product_cat-lanyards","7":"product_cat-reflective-lanyards","9":"first","10":"instock","11":"shipping-taxable","12":"purchasable","13":"product-type-simple"},"_links":{"self":[{"href":"https:\/\/displayproducts.eu\/pt\/wp-json\/wp\/v2\/product\/1268","targetHints":{"allow":["GET"]}}],"collection":[{"href":"https:\/\/displayproducts.eu\/pt\/wp-json\/wp\/v2\/product"}],"about":[{"href":"https:\/\/displayproducts.eu\/pt\/wp-json\/wp\/v2\/types\/product"}],"replies":[{"embeddable":true,"href":"https:\/\/displayproducts.eu\/pt\/wp-json\/wp\/v2\/comments?post=1268"}],"wp:featuredmedia":[{"embeddable":true,"href":"https:\/\/displayproducts.eu\/pt\/wp-json\/wp\/v2\/media\/6719"}],"wp:attachment":[{"href":"https:\/\/displayproducts.eu\/pt\/wp-json\/wp\/v2\/media?parent=1268"}],"wp:term":[{"taxonomy":"product_brand","embeddable":true,"href":"https:\/\/displayproducts.eu\/pt\/wp-json\/wp\/v2\/product_brand?post=1268"},{"taxonomy":"product_cat","embeddable":true,"href":"https:\/\/displayproducts.eu\/pt\/wp-json\/wp\/v2\/product_cat?post=1268"},{"taxonomy":"product_tag","embeddable":true,"href":"https:\/\/displayproducts.eu\/pt\/wp-json\/wp\/v2\/product_tag?post=1268"}],"curies":[{"name":"wp","href":"https:\/\/api.w.org\/{rel}","templated":true}]}}