{"id":1264,"date":"2024-10-27T11:53:52","date_gmt":"2024-10-27T08:53:52","guid":{"rendered":"https:\/\/wristbandfactory.eu\/toode\/satin-lanyards-with-1-sided-sublimated-logo-design\/"},"modified":"2026-04-01T21:52:36","modified_gmt":"2026-04-01T18:52:36","slug":"sublimation-satin-lanyards","status":"publish","type":"product","link":"https:\/\/displayproducts.eu\/pt\/p\/sublimation-satin-lanyards\/","title":{"rendered":"Fitas de pesco\u00e7o de pesco\u00e7o em cetim com sublima\u00e7\u00e3o"},"content":{"rendered":"<p data-path-to-node=\"11\">Exiba sua marca com cores ilimitadas e detalhes fotorrealistas com nosso <b>Cord\u00f5es de cetim para sublima\u00e7\u00e3o<\/b>. Este produto une luxo e tecnologia, oferecendo a escolha perfeita para organiza\u00e7\u00f5es com logotipos complexos, gradientes vibrantes ou imagens detalhadas que exigem uma apresenta\u00e7\u00e3o de alta qualidade.<\/p>\n<p data-path-to-node=\"12\">Feito com um material de alta qualidade. <b>fita de cetim branca<\/b> (Com aproximadamente 90 cm de comprimento), estes cord\u00f5es oferecem uma superf\u00edcie lisa e brilhante com um toque excepcional. Ao contr\u00e1rio do poli\u00e9ster canelado padr\u00e3o, a superf\u00edcie acetinada reflete a luz, conferindo \u00e0 sua marca um brilho sofisticado. Utilizando tecnologia avan\u00e7ada <b>impress\u00e3o por sublima\u00e7\u00e3o de tinta<\/b>, Com este processo, a sua arte \u00e9 tingida diretamente em um dos lados do tecido. Isso garante um acabamento brilhante e resistente ao desbotamento, que n\u00e3o racha nem descasca, tornando-o uma solu\u00e7\u00e3o robusta para eventos corporativos de v\u00e1rios dias, passes VIP e feiras comerciais.<\/p>\n<p data-path-to-node=\"13\"><i>Nota de produ\u00e7\u00e3o:<\/i> Esses cord\u00f5es s\u00e3o impressos com sublima\u00e7\u00e3o em um s\u00f3 lado. Devido \u00e0 natureza do processo e do material, o desenho ficar\u00e1 ligeiramente vis\u00edvel no verso.<\/p>\n<p data-path-to-node=\"14\">Cada cord\u00e3o vem de f\u00e1brica com um fecho resistente. <b>mosquet\u00e3o de metal<\/b>, o que contribui para a sensa\u00e7\u00e3o de alta qualidade. Outras op\u00e7\u00f5es de clipes est\u00e3o dispon\u00edveis para atender \u00e0s suas necessidades espec\u00edficas de crach\u00e1 de identifica\u00e7\u00e3o ou cart\u00e3o de acesso.<\/p>\n<p data-path-to-node=\"15\"><b>Principais caracter\u00edsticas:<\/b><\/p>\n<ul data-path-to-node=\"16\">\n<li>\n<p data-path-to-node=\"16,0,0\"><b>Sublima\u00e7\u00e3o em cores plenas:<\/b> Oferece detalhes fotorrealistas para logotipos, gradientes e imagens complexos.<\/p>\n<\/li>\n<li>\n<p data-path-to-node=\"16,1,0\"><b>Material de cetim premium:<\/b> Uma superf\u00edcie lisa e brilhante para um visual e toque de luxo.<\/p>\n<\/li>\n<li>\n<p data-path-to-node=\"16,2,0\"><b>Resistente ao desbotamento:<\/b> A tecnologia de infus\u00e3o de corantes garante que a estampa permane\u00e7a vibrante e sem rachaduras.<\/p>\n<\/li>\n<li>\n<p data-path-to-node=\"16,3,0\"><b>Conforto:<\/b> A textura macia do cetim \u00e9 ideal para usar o dia todo sem causar irrita\u00e7\u00e3o.<\/p>\n<\/li>\n<li>\n<p data-path-to-node=\"16,4,0\"><b>Hardware:<\/b> Inclui um mosquet\u00e3o de metal resistente; acess\u00f3rios personalizados dispon\u00edveis mediante solicita\u00e7\u00e3o.<\/p>\n<\/li>\n<li>\n<p data-path-to-node=\"16,5,0\"><b>Produ\u00e7\u00e3o:<\/b> Produ\u00e7\u00e3o r\u00e1pida dispon\u00edvel na UE para encomendas em grande quantidade (MOQ 100).<\/p>\n<\/li>\n<\/ul>","protected":false},"excerpt":{"rendered":"<ul>\n<li>\n<p data-path-to-node=\"9,0,0\"><b>Textura Premium:<\/b> A fita de cetim lisa e brilhante oferece uma sensa\u00e7\u00e3o luxuosa, superior ao poli\u00e9ster comum.<\/p>\n<\/li>\n<li>\n<p data-path-to-node=\"9,1,0\"><b>Impress\u00e3o fotorrealista:<\/b> A tecnologia avan\u00e7ada de sublima\u00e7\u00e3o de tinta permite cores ilimitadas, gradientes e reprodu\u00e7\u00e3o de imagens complexas.<\/p>\n<\/li>\n<li>\n<p data-path-to-node=\"9,2,0\"><b>Acabamento dur\u00e1vel:<\/b> A tinta \u00e9 tingida diretamente nas fibras do tecido, garantindo que o desenho n\u00e3o rache, descasque ou desbote.<\/p>\n<\/li>\n<li>\n<p data-path-to-node=\"9,3,0\"><b>VIP pronto:<\/b> A combina\u00e7\u00e3o perfeita de conforto e apelo visual para eventos corporativos de alto padr\u00e3o e passes exclusivos.<\/p>\n<\/li>\n<\/ul>","protected":false},"featured_media":6797,"comment_status":"closed","ping_status":"closed","template":"","meta":[],"product_brand":[],"product_cat":[104,106],"product_tag":[],"class_list":{"0":"post-1264","1":"product","2":"type-product","3":"status-publish","4":"has-post-thumbnail","6":"product_cat-custom-printed-lanyards","7":"product_cat-breakaway-lanyards","9":"first","10":"instock","11":"shipping-taxable","12":"purchasable","13":"product-type-simple"},"_links":{"self":[{"href":"https:\/\/displayproducts.eu\/pt\/wp-json\/wp\/v2\/product\/1264","targetHints":{"allow":["GET"]}}],"collection":[{"href":"https:\/\/displayproducts.eu\/pt\/wp-json\/wp\/v2\/product"}],"about":[{"href":"https:\/\/displayproducts.eu\/pt\/wp-json\/wp\/v2\/types\/product"}],"replies":[{"embeddable":true,"href":"https:\/\/displayproducts.eu\/pt\/wp-json\/wp\/v2\/comments?post=1264"}],"wp:featuredmedia":[{"embeddable":true,"href":"https:\/\/displayproducts.eu\/pt\/wp-json\/wp\/v2\/media\/6797"}],"wp:attachment":[{"href":"https:\/\/displayproducts.eu\/pt\/wp-json\/wp\/v2\/media?parent=1264"}],"wp:term":[{"taxonomy":"product_brand","embeddable":true,"href":"https:\/\/displayproducts.eu\/pt\/wp-json\/wp\/v2\/product_brand?post=1264"},{"taxonomy":"product_cat","embeddable":true,"href":"https:\/\/displayproducts.eu\/pt\/wp-json\/wp\/v2\/product_cat?post=1264"},{"taxonomy":"product_tag","embeddable":true,"href":"https:\/\/displayproducts.eu\/pt\/wp-json\/wp\/v2\/product_tag?post=1264"}],"curies":[{"name":"wp","href":"https:\/\/api.w.org\/{rel}","templated":true}]}}