{"id":1263,"date":"2024-10-27T11:53:52","date_gmt":"2024-10-27T08:53:52","guid":{"rendered":"https:\/\/wristbandfactory.eu\/toode\/3d-printed-lanyards\/"},"modified":"2026-04-01T21:52:36","modified_gmt":"2026-04-01T18:52:36","slug":"3d-printed-lanyards-raised-silicone-logo","status":"publish","type":"product","link":"https:\/\/displayproducts.eu\/pt\/p\/3d-printed-lanyards-raised-silicone-logo\/","title":{"rendered":"Fitas de pesco\u00e7o de pesco\u00e7o com impress\u00e3o 3D em relevo"},"content":{"rendered":"<div class=\"mx-12 md:mx-24 lg:mx-48\">\n<div class=\"container my-8 svelte-zlsknf\">\n<div class=\"my-24 rounded-lg border-0 border-gray-700 bg-gray-100 px-16 py-24\">\n<div class=\"mt-11 !text-gray-500\">\n<p data-path-to-node=\"11\">Aprimore a imagem da sua empresa com nossos produtos. <b>Cord\u00f5es impressos em 3D<\/b>, uma solu\u00e7\u00e3o de identifica\u00e7\u00e3o premium projetada para causar uma impress\u00e3o duradoura. Indo al\u00e9m das t\u00e9cnicas de impress\u00e3o plana padr\u00e3o, este cord\u00e3o inovador aplica seu logotipo como um <b>camada de silicone elevada e de alta densidade<\/b>. Isso cria um acabamento t\u00e1til diferenciado que adiciona profundidade e um senso de exclusividade \u00e0 sua marca, tornando-o a escolha ideal para eventos VIP, confer\u00eancias de tecnologia e uso corporativo de alto n\u00edvel.<\/p>\n<p data-path-to-node=\"12\">O cord\u00e3o de 90 cm \u00e9 feito de poli\u00e9ster resistente e de alta qualidade, garantindo durabilidade para o uso di\u00e1rio pelos funcion\u00e1rios. Imprimimos seu design personalizado em um dos lados da fita, oferecendo precis\u00e3o. <b>Correspond\u00eancia de cores Pantone<\/b> ou com recursos de cores plenas para garantir que seu logotipo se destaque com um efeito moderno e arquitet\u00f4nico. Ao contr\u00e1rio das impress\u00f5es tradicionais que podem se desgastar, a textura de silicone em relevo \u00e9 resistente e mant\u00e9m sua apar\u00eancia premium ao longo do tempo.<\/p>\n<p data-path-to-node=\"13\">Cada unidade \u00e9 fornecida com um suporte resistente. <b>mosquet\u00e3o de metal<\/b> Como padr\u00e3o, refor\u00e7ando a sensa\u00e7\u00e3o de alta qualidade do produto. Seja para guardar cart\u00f5es de acesso de seguran\u00e7a ou conjuntos de chaves robustos, este cord\u00e3o combina resist\u00eancia funcional com um apelo visual e t\u00e1til \u00fanico que destaca sua marca.<\/p>\n<p data-path-to-node=\"14\"><b>Principais caracter\u00edsticas:<\/b><\/p>\n<ul data-path-to-node=\"15\">\n<li>\n<p data-path-to-node=\"15,0,0\"><b>Tecnologia 3D em relevo:<\/b> Os logotipos s\u00e3o impressos em silicone de alta densidade para um efeito t\u00e1til, &quot;em relevo&quot;.<\/p>\n<\/li>\n<li>\n<p data-path-to-node=\"15,1,0\"><b>Elementos visuais premium:<\/b> Adiciona profundidade e um toque de luxo, perfeito para distinguir VIPs ou funcion\u00e1rios.<\/p>\n<\/li>\n<li>\n<p data-path-to-node=\"15,2,0\"><b>Personaliza\u00e7\u00e3o:<\/b> Correspond\u00eancia completa com a escala Pantone dispon\u00edvel para a camada de impress\u00e3o em relevo.<\/p>\n<\/li>\n<li>\n<p data-path-to-node=\"15,3,0\"><b>Durabilidade:<\/b> A pulseira de poli\u00e9ster e a impress\u00e3o em silicone foram projetadas para uso di\u00e1rio prolongado.<\/p>\n<\/li>\n<li>\n<p data-path-to-node=\"15,4,0\"><b>Hardware:<\/b> Inclui um mosquet\u00e3o de metal refor\u00e7ado; outros acess\u00f3rios dispon\u00edveis mediante solicita\u00e7\u00e3o.<\/p>\n<\/li>\n<\/ul>\n<\/div>\n<\/div>\n<\/div>\n<\/div>","protected":false},"excerpt":{"rendered":"<ul>\n<li>\n<p data-path-to-node=\"9,0,0\"><b>Identidade visual t\u00e1til:<\/b> A inovadora impress\u00e3o de alta densidade cria um efeito de logotipo em relevo, em 3D, que voc\u00ea pode sentir ao toque.<\/p>\n<\/li>\n<li>\n<p data-path-to-node=\"9,1,0\"><b>Est\u00e9tica Premium:<\/b> Oferece um visual sofisticado e moderno, superior \u00e0 serigrafia plana padr\u00e3o.<\/p>\n<\/li>\n<li>\n<p data-path-to-node=\"9,2,0\"><b>Acabamento dur\u00e1vel:<\/b> A impress\u00e3o 3D \u00e0 base de silicone \u00e9 altamente resistente ao desgaste, \u00e0 lavagem e ao desbotamento.<\/p>\n<\/li>\n<li>\n<p data-path-to-node=\"9,3,0\"><b>Identidade corporativa:<\/b> Dispon\u00edvel com cores correspondentes \u00e0 Pantone em uma resistente pulseira de poli\u00e9ster de 90 cm.<\/p>\n<\/li>\n<li><\/li>\n<\/ul>","protected":false},"featured_media":6826,"comment_status":"closed","ping_status":"closed","template":"","meta":[],"product_brand":[],"product_cat":[104],"product_tag":[],"class_list":{"0":"post-1263","1":"product","2":"type-product","3":"status-publish","4":"has-post-thumbnail","6":"product_cat-custom-printed-lanyards","8":"first","9":"instock","10":"shipping-taxable","11":"purchasable","12":"product-type-simple"},"_links":{"self":[{"href":"https:\/\/displayproducts.eu\/pt\/wp-json\/wp\/v2\/product\/1263","targetHints":{"allow":["GET"]}}],"collection":[{"href":"https:\/\/displayproducts.eu\/pt\/wp-json\/wp\/v2\/product"}],"about":[{"href":"https:\/\/displayproducts.eu\/pt\/wp-json\/wp\/v2\/types\/product"}],"replies":[{"embeddable":true,"href":"https:\/\/displayproducts.eu\/pt\/wp-json\/wp\/v2\/comments?post=1263"}],"wp:featuredmedia":[{"embeddable":true,"href":"https:\/\/displayproducts.eu\/pt\/wp-json\/wp\/v2\/media\/6826"}],"wp:attachment":[{"href":"https:\/\/displayproducts.eu\/pt\/wp-json\/wp\/v2\/media?parent=1263"}],"wp:term":[{"taxonomy":"product_brand","embeddable":true,"href":"https:\/\/displayproducts.eu\/pt\/wp-json\/wp\/v2\/product_brand?post=1263"},{"taxonomy":"product_cat","embeddable":true,"href":"https:\/\/displayproducts.eu\/pt\/wp-json\/wp\/v2\/product_cat?post=1263"},{"taxonomy":"product_tag","embeddable":true,"href":"https:\/\/displayproducts.eu\/pt\/wp-json\/wp\/v2\/product_tag?post=1263"}],"curies":[{"name":"wp","href":"https:\/\/api.w.org\/{rel}","templated":true}]}}