{"id":1259,"date":"2024-10-27T11:54:13","date_gmt":"2024-10-27T08:54:13","guid":{"rendered":"https:\/\/wristbandfactory.eu\/toode\/recycled-pet-sublimation-lanyards\/"},"modified":"2026-04-01T21:52:36","modified_gmt":"2026-04-01T18:52:36","slug":"eco-friendly-rpet-lanyards-full-color-sublimation","status":"publish","type":"product","link":"https:\/\/displayproducts.eu\/pt\/p\/eco-friendly-rpet-lanyards-full-color-sublimation\/","title":{"rendered":"Fitas de pesco\u00e7o de pesco\u00e7o ecol\u00f3gicas rPET com sublima\u00e7\u00e3o"},"content":{"rendered":"<div class=\"mx-12 md:mx-24 lg:mx-48\">\n<div class=\"container my-8 svelte-zlsknf\">\n<div class=\"my-24 rounded-lg border-0 border-gray-700 bg-gray-100 px-16 py-24\">\n<div class=\"mt-11 !text-gray-500\">\n<p data-path-to-node=\"11\">Demonstre o compromisso da sua marca com a sustentabilidade sem sacrificar uma identidade visual de alto impacto. <b>Cord\u00f5es para sublima\u00e7\u00e3o em rPET ecol\u00f3gicos<\/b> S\u00e3o a escolha ideal para organiza\u00e7\u00f5es com consci\u00eancia ambiental, confer\u00eancias ecol\u00f3gicas e festivais que procuram reduzir a sua pegada de carbono.<\/p>\n<p data-path-to-node=\"12\"><span data-path-to-node=\"12,1\"><span class=\"citation-171\">Fabricados com PET reciclado 100% (rPET), estes cord\u00f5es reaproveitam res\u00edduos pl\u00e1sticos p\u00f3s-consumo, transformando-os em uma fita t\u00eaxtil dur\u00e1vel e de alta qualidade.<\/span><\/span><span data-path-to-node=\"12,3\">. Apesar de ser reciclado, o material apresenta uma trama notavelmente fina que proporciona uma superf\u00edcie lisa e de alta qualidade. Esta superf\u00edcie foi projetada especificamente para... <b>impress\u00e3o por sublima\u00e7\u00e3o de tinta<\/b>, Permitindo designs impressionantes e fotorrealistas em um ou ambos os lados. Ao contr\u00e1rio da serigrafia, a sublima\u00e7\u00e3o tinge as fibras do tecido diretamente, garantindo que logotipos complexos, imagens detalhadas e gradientes vibrantes n\u00e3o rachem, desbotem ou descasquem com o tempo.<\/span><\/p>\n<p data-path-to-node=\"13\"><span data-path-to-node=\"13,1\"><span class=\"citation-170\">Cada cord\u00e3o \u00e9 fornecido com um fecho resistente. <\/span><b><span class=\"citation-170\">mosquet\u00e3o de metal<\/span><\/b><span class=\"citation-170\"> Como padr\u00e3o, oferece fixa\u00e7\u00e3o segura para cart\u00f5es de identifica\u00e7\u00e3o e passes.<\/span><\/span><span data-path-to-node=\"13,3\">. <\/span><span data-path-to-node=\"13,5\"><span class=\"citation-169\">Para ambientes corporativos ou eventos de grande escala onde a conformidade com as normas de sa\u00fade e seguran\u00e7a \u00e9 uma prioridade, recomendamos fortemente a adi\u00e7\u00e3o do opcional <\/span><b><span class=\"citation-169\">clipe de seguran\u00e7a destac\u00e1vel<\/span><\/b><\/span><span data-path-to-node=\"13,7\">, que libera o cord\u00e3o se puxado com for\u00e7a.<\/span><\/p>\n<p data-path-to-node=\"14\"><b>Principais caracter\u00edsticas:<\/b><\/p>\n<ul data-path-to-node=\"15\">\n<li>\n<p data-path-to-node=\"15,0,0\"><b>Material ecol\u00f3gico:<\/b> Fabricado com PET reciclado 100% (rPET) derivado de pl\u00e1sticos p\u00f3s-consumo.<\/p>\n<\/li>\n<li>\n<p data-path-to-node=\"15,1,0\"><b>Sublima\u00e7\u00e3o em cores plenas:<\/b> Permite a impress\u00e3o de gr\u00e1ficos vibrantes, resistentes ao desbotamento e fotorrealistas em 1 ou 2 lados.<\/p>\n<\/li>\n<li>\n<p data-path-to-node=\"15,2,0\"><b>Ajuste confort\u00e1vel:<\/b> Al\u00e7a de 90 cm com acabamento macio para uso confort\u00e1vel durante todo o dia.<\/p>\n<\/li>\n<li>\n<p data-path-to-node=\"15,3,0\"><b>Op\u00e7\u00f5es de seguran\u00e7a:<\/b> Clipe de seguran\u00e7a destac\u00e1vel opcional dispon\u00edvel para maior seguran\u00e7a do usu\u00e1rio em ambientes ativos.<\/p>\n<\/li>\n<li>\n<p data-path-to-node=\"15,4,0\"><b>Hardware vers\u00e1til:<\/b> Acompanha um mosquet\u00e3o de metal resistente; outros modelos de mosquet\u00e3o dispon\u00edveis mediante solicita\u00e7\u00e3o.<\/p>\n<\/li>\n<\/ul>\n<\/div>\n<\/div>\n<\/div>\n<\/div>","protected":false},"excerpt":{"rendered":"<ul>\n<li>\n<p data-path-to-node=\"9,0,0\"><b>Sustentabilidade Certificada:<\/b> Fabricado com 100 garrafas de pl\u00e1stico reciclado (rPET), reduzindo o impacto ambiental.<\/p>\n<\/li>\n<li>\n<p data-path-to-node=\"9,1,0\"><b>Identidade visual em alta defini\u00e7\u00e3o:<\/b> A superf\u00edcie lisa permite a impress\u00e3o por sublima\u00e7\u00e3o a cores de ponta a ponta.<\/p>\n<\/li>\n<li>\n<p data-path-to-node=\"9,2,0\"><b>Projetos complexos:<\/b> Ideal para logotipos complexos, gradientes e imagens fotogr\u00e1ficas.<\/p>\n<\/li>\n<li>\n<p data-path-to-node=\"9,3,0\"><b>Seguran\u00e7a e utilidade:<\/b> Inclui um mosquet\u00e3o met\u00e1lico padr\u00e3o; dispositivo de seguran\u00e7a destac\u00e1vel opcional dispon\u00edvel para conformidade.<\/p>\n<\/li>\n<li><\/li>\n<\/ul>","protected":false},"featured_media":6833,"comment_status":"closed","ping_status":"closed","template":"","meta":[],"product_brand":[],"product_cat":[43,104,106],"product_tag":[],"class_list":{"0":"post-1259","1":"product","2":"type-product","3":"status-publish","4":"has-post-thumbnail","6":"product_cat-lanyards","7":"product_cat-custom-printed-lanyards","8":"product_cat-breakaway-lanyards","10":"first","11":"instock","12":"shipping-taxable","13":"purchasable","14":"product-type-simple"},"_links":{"self":[{"href":"https:\/\/displayproducts.eu\/pt\/wp-json\/wp\/v2\/product\/1259","targetHints":{"allow":["GET"]}}],"collection":[{"href":"https:\/\/displayproducts.eu\/pt\/wp-json\/wp\/v2\/product"}],"about":[{"href":"https:\/\/displayproducts.eu\/pt\/wp-json\/wp\/v2\/types\/product"}],"replies":[{"embeddable":true,"href":"https:\/\/displayproducts.eu\/pt\/wp-json\/wp\/v2\/comments?post=1259"}],"wp:featuredmedia":[{"embeddable":true,"href":"https:\/\/displayproducts.eu\/pt\/wp-json\/wp\/v2\/media\/6833"}],"wp:attachment":[{"href":"https:\/\/displayproducts.eu\/pt\/wp-json\/wp\/v2\/media?parent=1259"}],"wp:term":[{"taxonomy":"product_brand","embeddable":true,"href":"https:\/\/displayproducts.eu\/pt\/wp-json\/wp\/v2\/product_brand?post=1259"},{"taxonomy":"product_cat","embeddable":true,"href":"https:\/\/displayproducts.eu\/pt\/wp-json\/wp\/v2\/product_cat?post=1259"},{"taxonomy":"product_tag","embeddable":true,"href":"https:\/\/displayproducts.eu\/pt\/wp-json\/wp\/v2\/product_tag?post=1259"}],"curies":[{"name":"wp","href":"https:\/\/api.w.org\/{rel}","templated":true}]}}