{"id":1256,"date":"2024-10-27T11:54:13","date_gmt":"2024-10-27T08:54:13","guid":{"rendered":"https:\/\/wristbandfactory.eu\/toode\/cork-lanyards\/"},"modified":"2026-04-01T21:52:36","modified_gmt":"2026-04-01T18:52:36","slug":"printed-cork-lanyards","status":"publish","type":"product","link":"https:\/\/displayproducts.eu\/pt\/p\/printed-cork-lanyards\/","title":{"rendered":"Fitas de pesco\u00e7o de pesco\u00e7o em corti\u00e7a com impress\u00e3o"},"content":{"rendered":"<div class=\"mx-12 md:mx-24 lg:mx-48\">\n<div class=\"container my-8 svelte-zlsknf\">\n<div class=\"my-24 rounded-lg border-0 border-gray-700 bg-gray-100 px-16 py-24\">\n<div class=\"mt-11 !text-gray-500\">\n<p data-path-to-node=\"11\">Fa\u00e7a uma declara\u00e7\u00e3o de responsabilidade e eleg\u00e2ncia na sua pr\u00f3xima confer\u00eancia ou feira comercial com o nosso <b>Cord\u00f5es de corti\u00e7a estampados<\/b>. Este cord\u00e3o \u00e9 a solu\u00e7\u00e3o ideal para organiza\u00e7\u00f5es ecologicamente conscientes que buscam combinar materiais sustent\u00e1veis com uma identidade visual profissional, oferecendo uma alternativa sofisticada \u00e0s fibras sint\u00e9ticas.<\/p>\n<p data-path-to-node=\"12\">Feito de <b>corti\u00e7a genu\u00edna e natural<\/b>, Este cord\u00e3o de 90 cm oferece uma sensa\u00e7\u00e3o \u00fanica e de alta qualidade, imediatamente reconhec\u00edvel. O material \u00e9 extra\u00eddo da casca do sobreiro sem prejudicar a pr\u00f3pria \u00e1rvore, tornando-se um recurso verdadeiramente renov\u00e1vel. Al\u00e9m de suas credenciais ecol\u00f3gicas, a corti\u00e7a \u00e9 naturalmente dur\u00e1vel, resistente \u00e0 \u00e1gua e hipoalerg\u00eanica, garantindo conforto para uso di\u00e1rio.<\/p>\n<p data-path-to-node=\"13\">Pudermos <b>Imprima seu logotipo de forma personalizada<\/b> em um ou dois lados da al\u00e7a. Embora a corti\u00e7a tenha uma textura natural, nosso processo avan\u00e7ado de serigrafia garante que seu design permane\u00e7a leg\u00edvel e com cores precisas (usando <b>Correspond\u00eancia Pantone<\/b>A cor castanha natural da corti\u00e7a proporciona um fundo neutro e bonito que destaca logotipos escuros. Cada cord\u00e3o vem de s\u00e9rie com um fecho de seguran\u00e7a confi\u00e1vel. <b>mosquet\u00e3o de metal<\/b>, proporcionando uma fixa\u00e7\u00e3o segura para passes de eventos ou crach\u00e1s de identifica\u00e7\u00e3o.<\/p>\n<p data-path-to-node=\"14\"><b>Principais caracter\u00edsticas:<\/b><\/p>\n<ul data-path-to-node=\"15\">\n<li>\n<p data-path-to-node=\"15,0,0\"><b>Material:<\/b> Corti\u00e7a natural genu\u00edna (renov\u00e1vel e biodegrad\u00e1vel).<\/p>\n<\/li>\n<li>\n<p data-path-to-node=\"15,1,0\"><b>Impacto visual:<\/b> A textura \u00fanica, com veios de madeira, comunica a ideia de &quot;Premium Ecol\u00f3gico&quot;.<\/p>\n<\/li>\n<li>\n<p data-path-to-node=\"15,2,0\"><b>Impress\u00e3o:<\/b> Impress\u00e3o serigr\u00e1fica com precis\u00e3o Pantone em 1 ou 2 lados.<\/p>\n<\/li>\n<li>\n<p data-path-to-node=\"15,3,0\"><b>Durabilidade:<\/b> Naturalmente resistente \u00e0 \u00e1gua e suficientemente robusto para uso prolongado.<\/p>\n<\/li>\n<li>\n<p data-path-to-node=\"15,4,0\"><b>Hardware:<\/b> Inclui um mosquet\u00e3o de metal resistente; outras op\u00e7\u00f5es de clipes dispon\u00edveis.<\/p>\n<\/li>\n<li>\n<p data-path-to-node=\"15,5,0\"><b>Conforto:<\/b> Leve e suave em contato com a pele.<\/p>\n<\/li>\n<\/ul>\n<\/div>\n<\/div>\n<\/div>\n<\/div>","protected":false},"excerpt":{"rendered":"<ul>\n<li>\n<p data-path-to-node=\"9,0,0\"><b>Est\u00e9tica distintiva:<\/b> A textura natural da corti\u00e7a, semelhante \u00e0 madeira, cria um visual \u00fanico e sofisticado que se destaca dos cord\u00f5es comuns.<\/p>\n<\/li>\n<li>\n<p data-path-to-node=\"9,1,0\"><b>Certificado como sustent\u00e1vel:<\/b> Fabricado com corti\u00e7a genu\u00edna e renov\u00e1vel, demonstrando um forte compromisso com a responsabilidade ambiental.<\/p>\n<\/li>\n<li>\n<p data-path-to-node=\"9,2,0\"><b>Identidade Visual Personalizada:<\/b> Apesar da superf\u00edcie texturizada, oferecemos serigrafia n\u00edtida com correspond\u00eancia de cores Pantone em 1 ou 2 lados.<\/p>\n<\/li>\n<li>\n<p data-path-to-node=\"9,3,0\"><b>Dur\u00e1vel e resistente \u00e0 \u00e1gua:<\/b> A corti\u00e7a \u00e9 naturalmente robusta e resistente \u00e0 umidade, o que a torna ideal para eventos com dura\u00e7\u00e3o de v\u00e1rios dias.<\/p>\n<\/li>\n<\/ul>","protected":false},"featured_media":6730,"comment_status":"closed","ping_status":"closed","template":"","meta":[],"product_brand":[],"product_cat":[43,107],"product_tag":[],"class_list":{"0":"post-1256","1":"product","2":"type-product","3":"status-publish","4":"has-post-thumbnail","6":"product_cat-lanyards","7":"product_cat-eco-friendly-lanyards","9":"first","10":"instock","11":"shipping-taxable","12":"purchasable","13":"product-type-simple"},"_links":{"self":[{"href":"https:\/\/displayproducts.eu\/pt\/wp-json\/wp\/v2\/product\/1256","targetHints":{"allow":["GET"]}}],"collection":[{"href":"https:\/\/displayproducts.eu\/pt\/wp-json\/wp\/v2\/product"}],"about":[{"href":"https:\/\/displayproducts.eu\/pt\/wp-json\/wp\/v2\/types\/product"}],"replies":[{"embeddable":true,"href":"https:\/\/displayproducts.eu\/pt\/wp-json\/wp\/v2\/comments?post=1256"}],"wp:featuredmedia":[{"embeddable":true,"href":"https:\/\/displayproducts.eu\/pt\/wp-json\/wp\/v2\/media\/6730"}],"wp:attachment":[{"href":"https:\/\/displayproducts.eu\/pt\/wp-json\/wp\/v2\/media?parent=1256"}],"wp:term":[{"taxonomy":"product_brand","embeddable":true,"href":"https:\/\/displayproducts.eu\/pt\/wp-json\/wp\/v2\/product_brand?post=1256"},{"taxonomy":"product_cat","embeddable":true,"href":"https:\/\/displayproducts.eu\/pt\/wp-json\/wp\/v2\/product_cat?post=1256"},{"taxonomy":"product_tag","embeddable":true,"href":"https:\/\/displayproducts.eu\/pt\/wp-json\/wp\/v2\/product_tag?post=1256"}],"curies":[{"name":"wp","href":"https:\/\/api.w.org\/{rel}","templated":true}]}}