{"id":1254,"date":"2024-10-27T11:54:13","date_gmt":"2024-10-27T08:54:13","guid":{"rendered":"https:\/\/wristbandfactory.eu\/toode\/organic-cotton-lanyards\/"},"modified":"2026-04-01T21:52:36","modified_gmt":"2026-04-01T18:52:36","slug":"printed-organic-cotton-lanyards-sustainable-branding","status":"publish","type":"product","link":"https:\/\/displayproducts.eu\/pt\/p\/printed-organic-cotton-lanyards-sustainable-branding\/","title":{"rendered":"Fitas de pesco\u00e7o de pesco\u00e7o em algod\u00e3o org\u00e2nico com impress\u00e3o"},"content":{"rendered":"<div class=\"mx-12 md:mx-24 lg:mx-48\">\n<div class=\"container my-8 svelte-zlsknf\">\n<div class=\"my-24 rounded-lg border-0 border-gray-700 bg-gray-100 px-16 py-24\">\n<div class=\"mt-11 !text-gray-500\">\n<p data-path-to-node=\"11\">Demonstre o compromisso da sua organiza\u00e7\u00e3o com a sustentabilidade sem abrir m\u00e3o da qualidade. <b>Cord\u00f5es de algod\u00e3o org\u00e2nico estampados<\/b> S\u00e3o a escolha ideal para confer\u00eancias, feiras comerciais e ambientes corporativos ecologicamente conscientes, onde a redu\u00e7\u00e3o do desperd\u00edcio de pl\u00e1stico \u00e9 uma prioridade.<\/p>\n<p data-path-to-node=\"12\">Feito de <b>Algod\u00e3o org\u00e2nico 100%<\/b>, Este cord\u00e3o oferece uma vantagem distinta em rela\u00e7\u00e3o ao poli\u00e9ster padr\u00e3o: um toque genuinamente macio e natural, confort\u00e1vel em contato com a pele por longos per\u00edodos. A textura fosca natural da fita transmite imediatamente uma mensagem de responsabilidade ambiental aos seus participantes e clientes.<\/p>\n<p data-path-to-node=\"13\">Apesar de ser uma fibra natural, o material proporciona uma superf\u00edcie dur\u00e1vel para personaliza\u00e7\u00e3o da marca. N\u00f3s o utilizamos. <b>Serigrafia com cores correspondentes ao Pantone<\/b> Para garantir que seu logotipo seja reproduzido com precis\u00e3o em um ou ambos os lados da al\u00e7a. Isso permite que voc\u00ea mantenha diretrizes de marca rigorosas enquanto utiliza um recurso renov\u00e1vel. Cada cord\u00e3o vem de f\u00e1brica com um sistema de fixa\u00e7\u00e3o confi\u00e1vel. <b>mosquet\u00e3o de metal<\/b>, garantindo a seguran\u00e7a de crach\u00e1s e passes.<\/p>\n<p data-path-to-node=\"14\"><b>Principais caracter\u00edsticas:<\/b><\/p>\n<ul data-path-to-node=\"15\">\n<li>\n<p data-path-to-node=\"15,0,0\"><b>Material ecol\u00f3gico:<\/b> O algod\u00e3o org\u00e2nico 100% reduz o impacto ambiental e apoia os objetivos de responsabilidade social corporativa.<\/p>\n<\/li>\n<li>\n<p data-path-to-node=\"15,1,0\"><b>Conforto superior:<\/b> A textura excepcionalmente macia e natural previne irrita\u00e7\u00f5es durante o uso ao longo do dia.<\/p>\n<\/li>\n<li>\n<p data-path-to-node=\"15,2,0\"><b>Identidade Visual Personalizada:<\/b> Serigrafia de alta qualidade com correspond\u00eancia de cores Pantone.<\/p>\n<\/li>\n<li>\n<p data-path-to-node=\"15,3,0\"><b>Tamanho padr\u00e3o:<\/b> Com 90 cm de comprimento e 20 mm de largura (padr\u00e3o), acomoda confortavelmente todos os participantes.<\/p>\n<\/li>\n<li>\n<p data-path-to-node=\"15,4,0\"><b>Hardware:<\/b> Mosquet\u00e3o de metal refor\u00e7ado inclu\u00eddo; compat\u00edvel com nossos porta-crach\u00e1s ecol\u00f3gicos.<\/p>\n<\/li>\n<\/ul>\n<\/div>\n<\/div>\n<\/div>\n<\/div>","protected":false},"excerpt":{"rendered":"<ul>\n<li>\n<p data-path-to-node=\"9,0,0\"><b>Sustentabilidade Certificada:<\/b> Feito com algod\u00e3o org\u00e2nico natural 100%, ideal para eventos ecol\u00f3gicos e marcas com foco em responsabilidade social corporativa.<\/p>\n<\/li>\n<li>\n<p data-path-to-node=\"9,1,0\"><b>Maciez Premium:<\/b> As fibras naturais oferecem uma textura superior e mais suave para a pele em compara\u00e7\u00e3o com as alternativas sint\u00e9ticas.<\/p>\n<\/li>\n<li>\n<p data-path-to-node=\"9,2,0\"><b>Identidade visual precisa:<\/b> Impress\u00e3o serigr\u00e1fica do seu logotipo com a cor Pantone correspondente em 1 ou 2 lados para um visual limpo e profissional.<\/p>\n<\/li>\n<li>\n<p data-path-to-node=\"9,3,0\"><b>Hardware robusto:<\/b> Inclui um mosquet\u00e3o de metal de alta qualidade para fixa\u00e7\u00e3o segura de porta-crach\u00e1s biodegrad\u00e1veis ou padr\u00e3o.<\/p>\n<\/li>\n<li><\/li>\n<\/ul>","protected":false},"featured_media":6745,"comment_status":"closed","ping_status":"closed","template":"","meta":[],"product_brand":[],"product_cat":[104,107],"product_tag":[],"class_list":{"0":"post-1254","1":"product","2":"type-product","3":"status-publish","4":"has-post-thumbnail","6":"product_cat-custom-printed-lanyards","7":"product_cat-eco-friendly-lanyards","9":"first","10":"instock","11":"shipping-taxable","12":"purchasable","13":"product-type-simple"},"_links":{"self":[{"href":"https:\/\/displayproducts.eu\/pt\/wp-json\/wp\/v2\/product\/1254","targetHints":{"allow":["GET"]}}],"collection":[{"href":"https:\/\/displayproducts.eu\/pt\/wp-json\/wp\/v2\/product"}],"about":[{"href":"https:\/\/displayproducts.eu\/pt\/wp-json\/wp\/v2\/types\/product"}],"replies":[{"embeddable":true,"href":"https:\/\/displayproducts.eu\/pt\/wp-json\/wp\/v2\/comments?post=1254"}],"wp:featuredmedia":[{"embeddable":true,"href":"https:\/\/displayproducts.eu\/pt\/wp-json\/wp\/v2\/media\/6745"}],"wp:attachment":[{"href":"https:\/\/displayproducts.eu\/pt\/wp-json\/wp\/v2\/media?parent=1254"}],"wp:term":[{"taxonomy":"product_brand","embeddable":true,"href":"https:\/\/displayproducts.eu\/pt\/wp-json\/wp\/v2\/product_brand?post=1254"},{"taxonomy":"product_cat","embeddable":true,"href":"https:\/\/displayproducts.eu\/pt\/wp-json\/wp\/v2\/product_cat?post=1254"},{"taxonomy":"product_tag","embeddable":true,"href":"https:\/\/displayproducts.eu\/pt\/wp-json\/wp\/v2\/product_tag?post=1254"}],"curies":[{"name":"wp","href":"https:\/\/api.w.org\/{rel}","templated":true}]}}