{"id":1253,"date":"2024-10-27T11:54:13","date_gmt":"2024-10-27T08:54:13","guid":{"rendered":"https:\/\/wristbandfactory.eu\/toode\/sublimation-lanyards-with-2-metal-hooks\/"},"modified":"2026-04-01T21:52:36","modified_gmt":"2026-04-01T18:52:36","slug":"dual-hook-sublimation-lanyards","status":"publish","type":"product","link":"https:\/\/displayproducts.eu\/pt\/p\/dual-hook-sublimation-lanyards\/","title":{"rendered":"Cord\u00f5es de sublima\u00e7\u00e3o com gancho duplo"},"content":{"rendered":"<div class=\"mx-12 md:mx-24 lg:mx-48\">\n<div class=\"container my-8 svelte-zlsknf\">\n<div class=\"my-24 rounded-lg border-0 border-gray-700 bg-gray-100 px-16 py-24\">\n<div class=\"mt-11 !text-gray-500\">\n<p>Garanta que sua marca e as credenciais do seu evento estejam sempre em destaque com o nosso servi\u00e7o. <b>Cord\u00f5es de sublima\u00e7\u00e3o com gancho duplo<\/b>. Este cord\u00e3o premium \u00e9 a solu\u00e7\u00e3o profissional para gerenciar crach\u00e1s de eventos maiores ou porta-identifica\u00e7\u00f5es, utilizando dois pontos de fixa\u00e7\u00e3o para evitar que girem ou virem.<\/p>\n<p>Confeccionado com uma fita de poli\u00e9ster fina de 90 cm, este cord\u00e3o oferece uma superf\u00edcie lisa para nossa avan\u00e7ada impress\u00e3o por sublima\u00e7\u00e3o. Esse processo permite designs fotorrealistas ilimitados, incluindo logotipos complexos, gradientes e imagens coloridas em um ou ambos os lados. O resultado \u00e9 um acabamento vibrante e resistente ao desbotamento, que n\u00e3o racha nem descasca.<\/p>\n<p>Ideal para confer\u00eancias, feiras comerciais e eventos corporativos, o mosquet\u00e3o duplo de metal oferece uma fixa\u00e7\u00e3o est\u00e1vel e segura para qualquer porta-crach\u00e1 com dois orif\u00edcios. Conforme descrito nas categorias, este cord\u00e3o est\u00e1 dispon\u00edvel com um clipe de seguran\u00e7a destac\u00e1vel para maior seguran\u00e7a do usu\u00e1rio em ambientes movimentados.<\/p>\n<p><b>Principais caracter\u00edsticas:<\/b><\/p>\n<ul>\n<li><b>Design com gancho duplo:<\/b> Possui dois mosquet\u00f5es de metal para manter crach\u00e1s de identifica\u00e7\u00e3o grandes ou passes de eventos seguros e voltados para a frente.<\/li>\n<li><b>Sublima\u00e7\u00e3o em cores plenas:<\/b> Oferece impress\u00e3o vibrante e fotorrealista para logotipos complexos e gradientes em 1 ou 2 lados.<\/li>\n<li><b>Poli\u00e9ster resistente de 90 cm:<\/b> Uma al\u00e7a confort\u00e1vel e de alta qualidade, feita de poli\u00e9ster, projetada para uso prolongado em eventos com dura\u00e7\u00e3o de v\u00e1rios dias.<\/li>\n<li><b>Op\u00e7\u00e3o de desengate de seguran\u00e7a:<\/b> Dispon\u00edvel com clipe de seguran\u00e7a destac\u00e1vel, um recurso de seguran\u00e7a crucial para ambientes corporativos.<\/li>\n<li><b>Acess\u00f3rios vers\u00e1teis:<\/b> Vem de s\u00e9rie com dois mosquet\u00f5es de metal, sendo poss\u00edvel encontrar outras op\u00e7\u00f5es de fecho.<\/li>\n<\/ul>\n<\/div>\n<\/div>\n<\/div>\n<\/div>","protected":false},"excerpt":{"rendered":"<ul>\n<li>Evite que o crach\u00e1 gire com um design seguro de gancho duplo (2 mosquet\u00f5es de metal).<\/li>\n<li>Destaque sua marca com sublima\u00e7\u00e3o vibrante e em cores plenas (1 ou 2 lados).<\/li>\n<li>Al\u00e7a resistente de poli\u00e9ster fino com 90 cm de comprimento, ideal para confer\u00eancias com v\u00e1rios dias de dura\u00e7\u00e3o.<\/li>\n<li>Dispon\u00edvel com clipe de seguran\u00e7a destac\u00e1vel opcional para maior seguran\u00e7a do usu\u00e1rio.<\/li>\n<\/ul>","protected":false},"featured_media":6694,"comment_status":"closed","ping_status":"closed","template":"","meta":[],"product_brand":[],"product_cat":[43,106],"product_tag":[],"class_list":{"0":"post-1253","1":"product","2":"type-product","3":"status-publish","4":"has-post-thumbnail","6":"product_cat-lanyards","7":"product_cat-breakaway-lanyards","9":"first","10":"instock","11":"shipping-taxable","12":"purchasable","13":"product-type-simple"},"_links":{"self":[{"href":"https:\/\/displayproducts.eu\/pt\/wp-json\/wp\/v2\/product\/1253","targetHints":{"allow":["GET"]}}],"collection":[{"href":"https:\/\/displayproducts.eu\/pt\/wp-json\/wp\/v2\/product"}],"about":[{"href":"https:\/\/displayproducts.eu\/pt\/wp-json\/wp\/v2\/types\/product"}],"replies":[{"embeddable":true,"href":"https:\/\/displayproducts.eu\/pt\/wp-json\/wp\/v2\/comments?post=1253"}],"wp:featuredmedia":[{"embeddable":true,"href":"https:\/\/displayproducts.eu\/pt\/wp-json\/wp\/v2\/media\/6694"}],"wp:attachment":[{"href":"https:\/\/displayproducts.eu\/pt\/wp-json\/wp\/v2\/media?parent=1253"}],"wp:term":[{"taxonomy":"product_brand","embeddable":true,"href":"https:\/\/displayproducts.eu\/pt\/wp-json\/wp\/v2\/product_brand?post=1253"},{"taxonomy":"product_cat","embeddable":true,"href":"https:\/\/displayproducts.eu\/pt\/wp-json\/wp\/v2\/product_cat?post=1253"},{"taxonomy":"product_tag","embeddable":true,"href":"https:\/\/displayproducts.eu\/pt\/wp-json\/wp\/v2\/product_tag?post=1253"}],"curies":[{"name":"wp","href":"https:\/\/api.w.org\/{rel}","templated":true}]}}